{"id":372,"date":"2015-04-05T21:40:27","date_gmt":"2015-04-05T21:40:27","guid":{"rendered":"http:\/\/www.italianinheritance.it\/?page_id=372"},"modified":"2020-04-15T12:34:44","modified_gmt":"2020-04-15T11:34:44","slug":"erbfolge-und-familienstand","status":"publish","type":"page","link":"https:\/\/italianinheritance.co.uk\/de\/erbfolge-und-familienstand\/","title":{"rendered":"Erbfolge und Familienstand"},"content":{"rendered":"\n<style type=\"text\/css\" data-created_by=\"avia_inline_auto\" id=\"style-css-av-2mw484-db022e77aa1667a22680912ee3170850\">\n.flex_column.av-2mw484-db022e77aa1667a22680912ee3170850{\nborder-radius:0px 0px 0px 0px;\npadding:0px 0px 0px 0px;\n}\n<\/style>\n<div  class='flex_column av-2mw484-db022e77aa1667a22680912ee3170850 av_one_full  avia-builder-el-0  el_before_av_hr  avia-builder-el-first  first flex_column_div av-zero-column-padding avia-full-contain  '     ><style type=\"text\/css\" data-created_by=\"avia_inline_auto\" id=\"style-css-av-k918ra28-c5430db066876dffdb3c2ab9d135d368\">\n#top .av_textblock_section.av-k918ra28-c5430db066876dffdb3c2ab9d135d368 .avia_textblock{\ncolor:#000000;\n}\n<\/style>\n<section  class='av_textblock_section av-k918ra28-c5430db066876dffdb3c2ab9d135d368 '   itemscope=\"itemscope\" itemtype=\"https:\/\/schema.org\/CreativeWork\" ><div class='avia_textblock av_inherit_color'  itemprop=\"text\" ><h1>Erbfolge und Familienstand<\/h1>\n<p>Bez\u00fcglich <strong>Ehe und Lebensgemeinschaften <\/strong>,ist besonders darauf hinzuweisen, dass das <strong>italienische Recht je nach der Regelung der Ehepartner unterschiedliche Bestimmungen<\/strong> anwendet:<\/p>\n<p>&#8211; <strong>F\u00fcr Eheleute, die in G\u00fctergemeinschaft leben, gilt:<\/strong><br \/>\nIm Todesfall einer der Ehepartner f\u00e4llt dem \u00fcberlebenden Ehepartner die H\u00e4lfte aller Verm\u00f6genswerte zu, die Teil der G\u00fctergemeinschaft sind. Nicht zu den Verm\u00f6genswerten z\u00e4hlt alles, was von einem der Eheleute w\u00e4hrend der Ehe durch Schenkung oder Erbschaft eingebracht wurde.<\/p>\n<p>&#8211; <strong>F\u00fcr Eheleute, die in G\u00fctertrennung leben, gilt:<\/strong> Nur die Verm\u00f6genswerte des verstorbenen Ehepartners werden im Erbfolgeverfahren in Betracht gezogen. Falls das Haus des Wohnsitzes der Eheleute auf beide Namen eingetragen ist (und sofern keine Kinder vorhanden sind), wird es zu 50% vererbt. Falls das Haus vom verstorbenen Ehepartner gekauft wurde und nur auf dessen Namen registriert ist, erbt der \u00fcberlebende Ehepartner zu 100%. Vorhandene Bankkonten erbt der \u00fcberlebende Ehepartner zu 100%, ausser die Bankkonten sind auf beide Namen registriert.<\/p>\n<p>&#8211; <strong>F\u00fcr Eheleute, die in beidseitigem Einvernehmen in G\u00fctertrennung leben, gilt:<\/strong> Im Falle des beidseitigen Einverst\u00e4ndnisses beh\u00e4lt der \u00fcberlebende Ehepartner alle Rechte \u00fcber die Verm\u00f6genswerte, die Teil der Erbmasse sind.<\/p>\n<p>&#8211; <strong>F\u00fcr Eheleute, die in richterlich festgestellter Trennung leben, gilt: <\/strong><br \/>\nFalls dem Ehepartner, der f\u00fcr die Trennung als verantwortlich gilt, zum Zeitpunkt der Trennung gerichtlich eine monatliche Unterhaltszahlung zugesprochen wurde, (Art. 548, Teil 2 des italienischen Zivilgesetzbuchs), hat er\/sie Anrecht auf eine lebenslange monatliche Unterhaltszahlung, solange es keine Ver\u00e4nderung der<br \/>\nfinanziellen Umst\u00e4nde des \u00fcberlebenden Ehepartners gibt und vorausgesetzt, dass die Erbmasse diesen lebenslangen Unterhalt garantiert.<\/p>\n<p>&#8211; <strong>Bei Scheidung gilt: <\/strong><br \/>\nDer \u00fcberlebende Ehepartner verliert alle Anspr\u00fcche auf das Erbe, sofern die<br \/>\nScheidungsurkunde vor dem Todeszeitpunkt des Verstorbenen unterzeichnet wurde<\/p>\n<p>&#8211; <strong>F\u00fcr Lebensgemeinschaften\/Lebenspartnerschaften gilt:<\/strong><br \/>\nItalien erkennt leider keine Rechte f\u00fcr unverheiratete Paare an. Von daher k\u00f6nnen diese nur im Zuge einer testamentarischen Erbfolge ihren entsprechenden Anteil erben.<br \/>\nUm dem \u00fcberlebenden Lebenspartner, der vom italienischen Gesetz nicht als Erbe anerkannt wird, eine unangenehme und komplizierte Situationen zu ersparen, ist es f\u00fcr Paare in Lebensgemeinschaften absolut notwendig ein Testament zu errichten, das den letzten pers\u00f6nlichen Willen festh\u00e4lt.<\/p>\n<\/div><\/section><\/div>\n<div  class='hr av-8tre3-9859c727b8b6f688b21eb6593bad3c40 hr-default  avia-builder-el-2  el_after_av_one_full  el_before_av_one_third '><span class='hr-inner '><span class=\"hr-inner-style\"><\/span><\/span><\/div>\n\n<style type=\"text\/css\" data-created_by=\"avia_inline_auto\" id=\"style-css-av-7ywif-5967c2da0b7be8296a5d9aad86943a53\">\n.flex_column.av-7ywif-5967c2da0b7be8296a5d9aad86943a53{\nborder-radius:0px 0px 0px 0px;\npadding:0px 0px 0px 0px;\n}\n<\/style>\n<div  class='flex_column av-7ywif-5967c2da0b7be8296a5d9aad86943a53 av_one_third  avia-builder-el-3  el_after_av_hr  el_before_av_one_third  first flex_column_div av-zero-column-padding  '     ><article  class='iconbox iconbox_top av-7nep7-f679cc626a6b8aae1da62a6b9c8d0a5d  avia-builder-el-4  avia-builder-el-no-sibling  main_color'  itemscope=\"itemscope\" itemtype=\"https:\/\/schema.org\/CreativeWork\" ><div class=\"iconbox_content\"><header class=\"entry-content-header\" aria-label=\"Icon: Leitfaden (Englisch)\"><div class=\"iconbox_icon heading-color\" aria-hidden='true' data-av_icon='\ue82d' data-av_iconfont='entypo-fontello'><\/div><h3 class='iconbox_content_title '  itemprop=\"headline\" >Leitfaden (Englisch)<\/h3><\/header><div class='iconbox_content_container '  itemprop=\"text\" ><p>Ein Leitfaden zum italienischen Erbfolgerecht: Alle Informationen, die Sie f\u00fcr die italienische Nachfolge ben\u00f6tigen<\/p>\n<p><a href=\"https:\/\/www.detulliolawfirm.com\/guides\/download-our-free-italian-succession-guide\/\" data-slimstat=\"3\">Jetzt herunterladen!<\/a><\/p>\n<\/div><\/div><footer class=\"entry-footer\"><\/footer><\/article><\/div>\n\n<style type=\"text\/css\" data-created_by=\"avia_inline_auto\" id=\"style-css-av-6zi7f-4c4161353f4b0608aee1dbc0eca96d3f\">\n.flex_column.av-6zi7f-4c4161353f4b0608aee1dbc0eca96d3f{\nborder-radius:0px 0px 0px 0px;\npadding:0px 0px 0px 0px;\n}\n<\/style>\n<div  class='flex_column av-6zi7f-4c4161353f4b0608aee1dbc0eca96d3f av_one_third  avia-builder-el-5  el_after_av_one_third  el_before_av_one_third  flex_column_div av-zero-column-padding  '     ><article  class='iconbox iconbox_top av-6d1bz-d6f190b56c9a9e9926b3aea221ea0e0d  avia-builder-el-6  avia-builder-el-no-sibling  main_color'  itemscope=\"itemscope\" itemtype=\"https:\/\/schema.org\/CreativeWork\" ><div class=\"iconbox_content\"><header class=\"entry-content-header\" aria-label=\"Icon: Erforderliche Dokumente (Englisch)\"><div class=\"iconbox_icon heading-color\" aria-hidden='true' data-av_icon='\ue84e' data-av_iconfont='entypo-fontello'><\/div><h3 class='iconbox_content_title '  itemprop=\"headline\" >Erforderliche Dokumente (Englisch)<\/h3><\/header><div class='iconbox_content_container '  itemprop=\"text\" ><p>Welche Dokumente sind erforderlich, um das Nachfolgeverfahren abzuschlie\u00dfen?<\/p>\n<p><a href=\"https:\/\/italianinheritance.co.uk\/required-documents\/\" data-slimstat=\"5\">Vollst\u00e4ndige Liste<\/a><\/p>\n<\/div><\/div><footer class=\"entry-footer\"><\/footer><\/article><\/div>\n\n<style type=\"text\/css\" data-created_by=\"avia_inline_auto\" id=\"style-css-av-5k6d7-3f0f3318ff54875ca73dc479da183b6f\">\n.flex_column.av-5k6d7-3f0f3318ff54875ca73dc479da183b6f{\nborder-radius:0px 0px 0px 0px;\npadding:0px 0px 0px 0px;\n}\n<\/style>\n<div  class='flex_column av-5k6d7-3f0f3318ff54875ca73dc479da183b6f av_one_third  avia-builder-el-7  el_after_av_one_third  el_before_av_hr  flex_column_div av-zero-column-padding  '     ><article  class='iconbox iconbox_top av-4ty2r-3e0ad8855b603356fffb23944e469e3a  avia-builder-el-8  avia-builder-el-no-sibling  main_color'  itemscope=\"itemscope\" itemtype=\"https:\/\/schema.org\/CreativeWork\" ><div class=\"iconbox_content\"><header class=\"entry-content-header\" aria-label=\"Icon: Kontaktieren sie uns jetzt!\"><div class=\"iconbox_icon heading-color\" aria-hidden='true' data-av_icon='\ue805' data-av_iconfont='entypo-fontello'><\/div><h3 class='iconbox_content_title '  itemprop=\"headline\" >Kontaktieren sie uns jetzt!<\/h3><\/header><div class='iconbox_content_container '  itemprop=\"text\" ><p>Kontaktieren Sie uns f\u00fcr jede Anfrage per Formular oder per <a href=\"mailto:detulliolaw@gmail.com\" data-slimstat=\"5\">E-Mail.<\/a><\/p>\n<p><a href=\"http:\/\/www.italianinheritance.it\/contact-us\/\" data-slimstat=\"5\">Kontaktieren Sie uns<\/a><\/p>\n<\/div><\/div><footer class=\"entry-footer\"><\/footer><\/article><\/div>\n<div  class='hr av-4moi3-6c8fd420f7275145e2653e00f210aac2 hr-default  avia-builder-el-9  el_after_av_one_third  el_before_av_contact '><span class='hr-inner '><span class=\"hr-inner-style\"><\/span><\/span><\/div>\n<form action=\"https:\/\/italianinheritance.co.uk\/de\/erbfolge-und-familienstand\/\" method=\"post\" data-fields-with-error=\"Fehler wurden in folgenden Feld(ern) gefunden:\" class=\"avia_ajax_form av-form-labels-visible   avia-builder-el-10  el_after_av_hr  avia-builder-el-last   \" data-avia-form-id=\"1\" data-avia-redirect='' ><h3 class=''>Hinterlassen Sie Ihre Nachricht \u00fcber das Kontaktformular.<\/h3><fieldset><p class='  first_form  form_element form_fullwidth' id='element_avia_1_1'><label for=\"avia_1_1\">Name <abbr class=\"required\" title=\"ben\u00f6tigt\">*<\/abbr><\/label> <input name=\"avia_1_1\" class=\"text_input is_empty\" type=\"text\" id=\"avia_1_1\" value=\"\" \/><\/p><p class='  first_form  form_element form_fullwidth' id='element_avia_2_1'><label for=\"avia_2_1\">E-Mail <abbr class=\"required\" title=\"ben\u00f6tigt\">*<\/abbr><\/label> <input name=\"avia_2_1\" class=\"text_input is_email\" type=\"text\" id=\"avia_2_1\" value=\"\" \/><\/p><p class='  first_form  form_element form_fullwidth' id='element_avia_3_1'><label for=\"avia_3_1\" class=\"textare_label hidden textare_label_avia_3_1\">Nachricht <abbr class=\"required\" title=\"ben\u00f6tigt\">*<\/abbr><\/label><textarea  name=\"avia_3_1\" class=\"text_area is_empty\" cols=\"40\" rows=\"7\" id=\"avia_3_1\" ><\/textarea><\/p><div id='avia_4_1' class='av-form-text'><p>\nDatenschutzerkl\u00e4rung:\u00a0<a href=\"http:\/\/www.italianinheritance.it\/privacy-policy\">BITTE LESEN<\/a><\/p>\n<\/div><p class='  first_form  form_element form_fullwidth' id='element_avia_5_1'><input  name=\"avia_5_1\" class=\"input_checkbox is_empty\" type=\"checkbox\" id=\"avia_5_1\" value=\"true\"\/><label class=\"input_checkbox_label\" for=\"avia_5_1\">Ich bin mit der Verarbeitung meiner pers\u00f6nlichen Daten einverstanden - EU-Verordnung 2016\/679 <abbr class=\"required\" title=\"ben\u00f6tigt\">*<\/abbr><\/label><\/p><p class=\"hidden\"><input type=\"text\" name=\"avia_6_1\" class=\"hidden \" id=\"avia_6_1\" value=\"\" \/><\/p><p class='   form_element form_fullwidth' id='element_avia_7_1'><span class='value_verifier_label'>4 + 1 = ?<\/span><input name=\"avia_7_1_verifier\" type=\"hidden\" id=\"avia_7_1_verifier\" value=\"658574441\"\/><label for=\"avia_7_1\">Bitte l\u00f6se die Gleichung. Diese Ma\u00dfnahme dient der Abwehr von Spam <abbr class=\"required\" title=\"ben\u00f6tigt\">*<\/abbr><\/label><input name=\"avia_7_1\" class=\"text_input captcha\" type=\"text\" id=\"avia_7_1\" value=\"\"\/><\/p><p class=\"form_element \"><input type=\"hidden\" value=\"1\" name=\"avia_generated_form1\" \/><input type=\"submit\" value=\"Senden!\" class=\"button\"  data-sending-label=\"Sende\"\/><\/p><\/fieldset><\/form><div id=\"ajaxresponse_1\" class=\"ajaxresponse ajaxresponse_1 hidden\"><\/div>\n","protected":false},"excerpt":{"rendered":"","protected":false},"author":5,"featured_media":0,"parent":0,"menu_order":0,"comment_status":"closed","ping_status":"closed","template":"","meta":{"footnotes":""},"class_list":["post-372","page","type-page","status-publish","hentry"],"yoast_head":"<!-- This site is optimized with the Yoast SEO plugin v27.3 - https:\/\/yoast.com\/product\/yoast-seo-wordpress\/ -->\n<title>Erbfolge und Familienstand - Italian Inheritance<\/title>\n<meta name=\"robots\" content=\"index, follow, max-snippet:-1, max-image-preview:large, max-video-preview:-1\" \/>\n<link rel=\"canonical\" href=\"https:\/\/italianinheritance.co.uk\/de\/erbfolge-und-familienstand\/\" \/>\n<meta property=\"og:locale\" content=\"de_DE\" \/>\n<meta property=\"og:type\" content=\"article\" \/>\n<meta property=\"og:title\" content=\"Erbfolge und Familienstand - Italian Inheritance\" \/>\n<meta property=\"og:url\" content=\"https:\/\/italianinheritance.co.uk\/de\/erbfolge-und-familienstand\/\" \/>\n<meta property=\"og:site_name\" content=\"Italian Inheritance\" \/>\n<meta property=\"article:modified_time\" content=\"2020-04-15T11:34:44+00:00\" \/>\n<meta name=\"twitter:card\" content=\"summary_large_image\" \/>\n<meta name=\"twitter:label1\" content=\"Gesch\u00e4tzte Lesezeit\" \/>\n\t<meta name=\"twitter:data1\" content=\"6\u00a0Minuten\" \/>\n<script type=\"application\/ld+json\" class=\"yoast-schema-graph\">{\"@context\":\"https:\\\/\\\/schema.org\",\"@graph\":[{\"@type\":\"WebPage\",\"@id\":\"https:\\\/\\\/italianinheritance.co.uk\\\/de\\\/erbfolge-und-familienstand\\\/\",\"url\":\"https:\\\/\\\/italianinheritance.co.uk\\\/de\\\/erbfolge-und-familienstand\\\/\",\"name\":\"Erbfolge und Familienstand - Italian Inheritance\",\"isPartOf\":{\"@id\":\"https:\\\/\\\/italianinheritance.co.uk\\\/de\\\/#website\"},\"datePublished\":\"2015-04-05T21:40:27+00:00\",\"dateModified\":\"2020-04-15T11:34:44+00:00\",\"breadcrumb\":{\"@id\":\"https:\\\/\\\/italianinheritance.co.uk\\\/de\\\/erbfolge-und-familienstand\\\/#breadcrumb\"},\"inLanguage\":\"de\",\"potentialAction\":[{\"@type\":\"ReadAction\",\"target\":[\"https:\\\/\\\/italianinheritance.co.uk\\\/de\\\/erbfolge-und-familienstand\\\/\"]}]},{\"@type\":\"BreadcrumbList\",\"@id\":\"https:\\\/\\\/italianinheritance.co.uk\\\/de\\\/erbfolge-und-familienstand\\\/#breadcrumb\",\"itemListElement\":[{\"@type\":\"ListItem\",\"position\":1,\"name\":\"Home\",\"item\":\"https:\\\/\\\/italianinheritance.co.uk\\\/de\\\/\"},{\"@type\":\"ListItem\",\"position\":2,\"name\":\"Erbfolge und Familienstand\"}]},{\"@type\":\"WebSite\",\"@id\":\"https:\\\/\\\/italianinheritance.co.uk\\\/de\\\/#website\",\"url\":\"https:\\\/\\\/italianinheritance.co.uk\\\/de\\\/\",\"name\":\"Italian Inheritance\",\"description\":\"\",\"potentialAction\":[{\"@type\":\"SearchAction\",\"target\":{\"@type\":\"EntryPoint\",\"urlTemplate\":\"https:\\\/\\\/italianinheritance.co.uk\\\/de\\\/?s={search_term_string}\"},\"query-input\":{\"@type\":\"PropertyValueSpecification\",\"valueRequired\":true,\"valueName\":\"search_term_string\"}}],\"inLanguage\":\"de\"}]}<\/script>\n<!-- \/ Yoast SEO plugin. -->","yoast_head_json":{"title":"Erbfolge und Familienstand - Italian Inheritance","robots":{"index":"index","follow":"follow","max-snippet":"max-snippet:-1","max-image-preview":"max-image-preview:large","max-video-preview":"max-video-preview:-1"},"canonical":"https:\/\/italianinheritance.co.uk\/de\/erbfolge-und-familienstand\/","og_locale":"de_DE","og_type":"article","og_title":"Erbfolge und Familienstand - Italian Inheritance","og_url":"https:\/\/italianinheritance.co.uk\/de\/erbfolge-und-familienstand\/","og_site_name":"Italian Inheritance","article_modified_time":"2020-04-15T11:34:44+00:00","twitter_card":"summary_large_image","twitter_misc":{"Gesch\u00e4tzte Lesezeit":"6\u00a0Minuten"},"schema":{"@context":"https:\/\/schema.org","@graph":[{"@type":"WebPage","@id":"https:\/\/italianinheritance.co.uk\/de\/erbfolge-und-familienstand\/","url":"https:\/\/italianinheritance.co.uk\/de\/erbfolge-und-familienstand\/","name":"Erbfolge und Familienstand - Italian Inheritance","isPartOf":{"@id":"https:\/\/italianinheritance.co.uk\/de\/#website"},"datePublished":"2015-04-05T21:40:27+00:00","dateModified":"2020-04-15T11:34:44+00:00","breadcrumb":{"@id":"https:\/\/italianinheritance.co.uk\/de\/erbfolge-und-familienstand\/#breadcrumb"},"inLanguage":"de","potentialAction":[{"@type":"ReadAction","target":["https:\/\/italianinheritance.co.uk\/de\/erbfolge-und-familienstand\/"]}]},{"@type":"BreadcrumbList","@id":"https:\/\/italianinheritance.co.uk\/de\/erbfolge-und-familienstand\/#breadcrumb","itemListElement":[{"@type":"ListItem","position":1,"name":"Home","item":"https:\/\/italianinheritance.co.uk\/de\/"},{"@type":"ListItem","position":2,"name":"Erbfolge und Familienstand"}]},{"@type":"WebSite","@id":"https:\/\/italianinheritance.co.uk\/de\/#website","url":"https:\/\/italianinheritance.co.uk\/de\/","name":"Italian Inheritance","description":"","potentialAction":[{"@type":"SearchAction","target":{"@type":"EntryPoint","urlTemplate":"https:\/\/italianinheritance.co.uk\/de\/?s={search_term_string}"},"query-input":{"@type":"PropertyValueSpecification","valueRequired":true,"valueName":"search_term_string"}}],"inLanguage":"de"}]}},"_links":{"self":[{"href":"https:\/\/italianinheritance.co.uk\/de\/wp-json\/wp\/v2\/pages\/372","targetHints":{"allow":["GET"]}}],"collection":[{"href":"https:\/\/italianinheritance.co.uk\/de\/wp-json\/wp\/v2\/pages"}],"about":[{"href":"https:\/\/italianinheritance.co.uk\/de\/wp-json\/wp\/v2\/types\/page"}],"author":[{"embeddable":true,"href":"https:\/\/italianinheritance.co.uk\/de\/wp-json\/wp\/v2\/users\/5"}],"replies":[{"embeddable":true,"href":"https:\/\/italianinheritance.co.uk\/de\/wp-json\/wp\/v2\/comments?post=372"}],"version-history":[{"count":10,"href":"https:\/\/italianinheritance.co.uk\/de\/wp-json\/wp\/v2\/pages\/372\/revisions"}],"predecessor-version":[{"id":5526,"href":"https:\/\/italianinheritance.co.uk\/de\/wp-json\/wp\/v2\/pages\/372\/revisions\/5526"}],"wp:attachment":[{"href":"https:\/\/italianinheritance.co.uk\/de\/wp-json\/wp\/v2\/media?parent=372"}],"curies":[{"name":"wp","href":"https:\/\/api.w.org\/{rel}","templated":true}]}}