{"id":375,"date":"2015-04-05T21:43:27","date_gmt":"2015-04-05T21:43:27","guid":{"rendered":"http:\/\/www.italianinheritance.it\/?page_id=375"},"modified":"2020-04-15T12:30:41","modified_gmt":"2020-04-15T11:30:41","slug":"annehmen-oder-ausschlagen-einer-erbschaft","status":"publish","type":"page","link":"https:\/\/italianinheritance.co.uk\/de\/annehmen-oder-ausschlagen-einer-erbschaft\/","title":{"rendered":"Annehmen oder Ausschlagen einer Erbschaft"},"content":{"rendered":"<section  class='av_textblock_section av-9f3wr-b5fa3a9728ded3fe3988983eb4b01265 '   itemscope=\"itemscope\" itemtype=\"https:\/\/schema.org\/CreativeWork\" ><div class='avia_textblock'  itemprop=\"text\" ><p>Jeder Erbe\/jede Erbin ist jederzeit berechtigt, seinen\/ihren Anspruch auf das Erbe auszuschlagen. Falls er\/sie die Erbschaft jedoch einmal angetreten hat, ist dies eine unwiderrufliche Entscheidung.<\/p>\n<p><strong>Die Annahme der Erbschaft kann ausdr\u00fccklich oder stillschweigend <\/strong>. geschehen. Die Annahme sollte in jedem Fall innerhalb von zehn Jahren nach Er\u00f6ffnung des Nachlassverfahrens erfolgen. Die <strong>ausdr\u00fcckliche Annahme der Erbschaft<\/strong> erfolgt, wenn der Erbe\/die Erbin sich durch eine <strong>notarielle Urkunde oder eine Privaturkunde<\/strong> bereit erkl\u00e4rt, die Erbenstellung anzunehmen. <strong>Die stillschweigende Annahme der Erbschaft erfolgt dann, wenn die betreffende Person durch sein\/ihr Verhalten zeigt, dass er\/sie die Erbschaft annehmen will.<\/strong><\/p>\n<p>Eine Erbschaft kann auch durch Erstellung eines Nachlassverzeichnisses angenommen werden. Der Erbe beh\u00e4lt sich auf diese Art das Recht vor, unter Ber\u00fccksichtigung der Tatsache, ob die Schulden den Wert der Immobilie \u00fcbersteigen, die Erbschaft anzunehmen oderauszuschlagen. So kann der Erbe\/die Erbin sich der Pflicht entbinden, die Schulden zu zahlen, indem er\/sie z<br \/>\nugunsten von Gl\u00e4ubigern und Verm\u00e4chtnisnehmern die Erbschaft ausschl\u00e4gt.<\/p>\n<p>Im allgemeinen verzichten Erben dann auf die Erbschaft, wenn die Verbindlichkeiten den Wert der zu erbenden Immobilie \u00fcbersteigen. Die Erben sind dazu verpflichtet, die Verbindlichkeiten des Verstorbenen bis zum Wert der zu erbenden Immobilie zu begleichen. Falls ein Erbe\/die Erbin die Erbschaft ausschlagen will, muss er\/sie das vor einem Notar oder einer Amtsperson \u00f6ffentlich bekanntgeben. Der Verzicht auf eine Erbschaft kann nicht privatschriftlich erfolgen. Der Verzicht kann widerrufen werden, solange der Erbe die Erbschaft nicht angetreten hat.<\/p>\n<p>Es ist immer ratsam sich von einem kompetenten, unabh\u00e4ngigen Rechtsanwalt assistieren zu lassen, der Sie \u00fcber Verbindlichkeiten, anfallende Geb\u00fchren und Pflichten aus der Erbschaft informieren kann. Auf der Grundlage einer umfassenden Bestandsaufnahme wird ein fachkundiger Rechtsanwalt den Erben\/die Erbin in die Lage versetzen, eine fundierte Entscheidung zu f\u00e4llen.<\/p>\n<p>Zus\u00e4tzlich zu pers\u00f6nlichen Angaben zum Verstorbenen und zu den Erben geh\u00f6ren zur <strong>Erbschaftsteuererkl\u00e4rung<\/strong>:<\/p>\n<ul>\n<li><strong>eine detaillierte Beschreibung der ererbten Verm\u00f6genswerte<\/strong>;<\/li>\n<li><strong>Einzelheiten <\/strong>zu den von den Erben <strong>bereits entrichteten Steuern<\/strong> (Hypotheken-\u00ac und Katastersteuern) mit Kopien der Belege; eine <strong>Pauschale von 168 \u20ac<\/strong> f\u00fcr Hypotheken-und Katastersteuern wird f\u00e4llig, falls der Beg\u00fcnstigte die ererbte Immobilie zu seinem Erstwohnsitz erkl\u00e4rt.<\/li>\n<\/ul>\n<p>Im \u00fcbrigen <strong>m\u00fcssen <\/strong>folgende Unterlagen der Erbschaftsteuererkl\u00e4rung beigef\u00fcgt werden:<\/p>\n<ul>\n<li><strong>der Totenschein des Verstorbenen<\/strong>;<\/li>\n<li><strong>das Familienstammbuch des Verstorbenen<\/strong> und der Erben;<\/li>\n<li>das Original oder eine beglaubigte A<strong>bschrift des Testaments<\/strong> im Falle der <strong>testamentarischen Erbfolge<\/strong>;<\/li>\n<\/ul>\n<p><strong>Innerhalb von 30 Tagen<\/strong> nach Einreichung der Erbschaftsteuererkl\u00e4rung ist es erforderlich, beim Grundbuchamt die \u201c<strong>voltura catastale<\/strong>\u201d, die Grundbuch\u00fcbertragung, zu beantragen.<\/p>\n<p>Dies kann entweder vom neuen Eigent\u00fcmer der Immobilie (in diesem Falle der Erbe) beantragt werden oder mittels eines bevollm\u00e4chtigten Rechtsanwalts. Durch die \u201cvoltura\u201d wird die Finanzbeh\u00f6rde dar\u00fcber in Kenntnis gesetzt, dass die Verm\u00f6genswerte (sowohl die Grundst\u00fccke wie auch die Immobilie) vom Verstorbenen auf den\/die Erben \u00fcberschrieben wurde.<\/p>\n<p>Wegen des ausserordentlich komplizierten b\u00fcrokratischen Aufwands und der Menge an Dokumenten, welche die zust\u00e4ndigen italienischen Beh\u00f6rden einfordern, ist es \u00e4usserst empfehlenswert, den Rat und die Unterst\u00fctzung eines Rechtsanwalts mit profunder Kenntnis im italienischen Erbfolgerecht einzuholen.<\/p>\n<\/div><\/section>\n<div  class='hr av-8tre3-9859c727b8b6f688b21eb6593bad3c40 hr-default  avia-builder-el-1  el_after_av_textblock  el_before_av_one_third '><span class='hr-inner '><span class=\"hr-inner-style\"><\/span><\/span><\/div>\n\n<style type=\"text\/css\" data-created_by=\"avia_inline_auto\" id=\"style-css-av-7ywif-5967c2da0b7be8296a5d9aad86943a53\">\n.flex_column.av-7ywif-5967c2da0b7be8296a5d9aad86943a53{\nborder-radius:0px 0px 0px 0px;\npadding:0px 0px 0px 0px;\n}\n<\/style>\n<div  class='flex_column av-7ywif-5967c2da0b7be8296a5d9aad86943a53 av_one_third  avia-builder-el-2  el_after_av_hr  el_before_av_one_third  first flex_column_div av-zero-column-padding  '     ><article  class='iconbox iconbox_top av-7nep7-f679cc626a6b8aae1da62a6b9c8d0a5d  avia-builder-el-3  avia-builder-el-no-sibling  main_color'  itemscope=\"itemscope\" itemtype=\"https:\/\/schema.org\/CreativeWork\" ><div class=\"iconbox_content\"><header class=\"entry-content-header\" aria-label=\"Icon: Leitfaden (Englisch)\"><div class=\"iconbox_icon heading-color\" aria-hidden='true' data-av_icon='\ue82d' data-av_iconfont='entypo-fontello'><\/div><h3 class='iconbox_content_title '  itemprop=\"headline\" >Leitfaden (Englisch)<\/h3><\/header><div class='iconbox_content_container '  itemprop=\"text\" ><p>Ein Leitfaden zum italienischen Erbfolgerecht: Alle Informationen, die Sie f\u00fcr die italienische Nachfolge ben\u00f6tigen<\/p>\n<p><a href=\"https:\/\/www.detulliolawfirm.com\/guides\/download-our-free-italian-succession-guide\/\" data-slimstat=\"3\">Jetzt herunterladen!<\/a><\/p>\n<\/div><\/div><footer class=\"entry-footer\"><\/footer><\/article><\/div>\n\n<style type=\"text\/css\" data-created_by=\"avia_inline_auto\" id=\"style-css-av-6zi7f-4c4161353f4b0608aee1dbc0eca96d3f\">\n.flex_column.av-6zi7f-4c4161353f4b0608aee1dbc0eca96d3f{\nborder-radius:0px 0px 0px 0px;\npadding:0px 0px 0px 0px;\n}\n<\/style>\n<div  class='flex_column av-6zi7f-4c4161353f4b0608aee1dbc0eca96d3f av_one_third  avia-builder-el-4  el_after_av_one_third  el_before_av_one_third  flex_column_div av-zero-column-padding  '     ><article  class='iconbox iconbox_top av-6d1bz-d6f190b56c9a9e9926b3aea221ea0e0d  avia-builder-el-5  avia-builder-el-no-sibling  main_color'  itemscope=\"itemscope\" itemtype=\"https:\/\/schema.org\/CreativeWork\" ><div class=\"iconbox_content\"><header class=\"entry-content-header\" aria-label=\"Icon: Erforderliche Dokumente (Englisch)\"><div class=\"iconbox_icon heading-color\" aria-hidden='true' data-av_icon='\ue84e' data-av_iconfont='entypo-fontello'><\/div><h3 class='iconbox_content_title '  itemprop=\"headline\" >Erforderliche Dokumente (Englisch)<\/h3><\/header><div class='iconbox_content_container '  itemprop=\"text\" ><p>Welche Dokumente sind erforderlich, um das Nachfolgeverfahren abzuschlie\u00dfen?<\/p>\n<p><a href=\"https:\/\/italianinheritance.co.uk\/required-documents\/\" data-slimstat=\"5\">Vollst\u00e4ndige Liste<\/a><\/p>\n<\/div><\/div><footer class=\"entry-footer\"><\/footer><\/article><\/div>\n\n<style type=\"text\/css\" data-created_by=\"avia_inline_auto\" id=\"style-css-av-5k6d7-3f0f3318ff54875ca73dc479da183b6f\">\n.flex_column.av-5k6d7-3f0f3318ff54875ca73dc479da183b6f{\nborder-radius:0px 0px 0px 0px;\npadding:0px 0px 0px 0px;\n}\n<\/style>\n<div  class='flex_column av-5k6d7-3f0f3318ff54875ca73dc479da183b6f av_one_third  avia-builder-el-6  el_after_av_one_third  el_before_av_hr  flex_column_div av-zero-column-padding  '     ><article  class='iconbox iconbox_top av-4ty2r-3e0ad8855b603356fffb23944e469e3a  avia-builder-el-7  avia-builder-el-no-sibling  main_color'  itemscope=\"itemscope\" itemtype=\"https:\/\/schema.org\/CreativeWork\" ><div class=\"iconbox_content\"><header class=\"entry-content-header\" aria-label=\"Icon: Kontaktieren sie uns jetzt!\"><div class=\"iconbox_icon heading-color\" aria-hidden='true' data-av_icon='\ue805' data-av_iconfont='entypo-fontello'><\/div><h3 class='iconbox_content_title '  itemprop=\"headline\" >Kontaktieren sie uns jetzt!<\/h3><\/header><div class='iconbox_content_container '  itemprop=\"text\" ><p>Kontaktieren Sie uns f\u00fcr jede Anfrage per Formular oder per <a href=\"mailto:detulliolaw@gmail.com\" data-slimstat=\"5\">E-Mail.<\/a><\/p>\n<p><a href=\"http:\/\/www.italianinheritance.it\/contact-us\/\" data-slimstat=\"5\">Kontaktieren Sie uns<\/a><\/p>\n<\/div><\/div><footer class=\"entry-footer\"><\/footer><\/article><\/div>\n<div  class='hr av-4moi3-6c8fd420f7275145e2653e00f210aac2 hr-default  avia-builder-el-8  el_after_av_one_third  el_before_av_contact '><span class='hr-inner '><span class=\"hr-inner-style\"><\/span><\/span><\/div>\n<form action=\"https:\/\/italianinheritance.co.uk\/de\/annehmen-oder-ausschlagen-einer-erbschaft\/\" method=\"post\" data-fields-with-error=\"Fehler wurden in folgenden Feld(ern) gefunden:\" class=\"avia_ajax_form av-form-labels-visible   avia-builder-el-9  el_after_av_hr  avia-builder-el-last   \" data-avia-form-id=\"1\" data-avia-redirect='' ><h3 class=''>Hinterlassen Sie Ihre Nachricht \u00fcber das Kontaktformular.<\/h3><fieldset><p class='  first_form  form_element form_fullwidth' id='element_avia_1_1'><label for=\"avia_1_1\">Name <abbr class=\"required\" title=\"ben\u00f6tigt\">*<\/abbr><\/label> <input name=\"avia_1_1\" class=\"text_input is_empty\" type=\"text\" id=\"avia_1_1\" value=\"\" \/><\/p><p class='  first_form  form_element form_fullwidth' id='element_avia_2_1'><label for=\"avia_2_1\">E-Mail <abbr class=\"required\" title=\"ben\u00f6tigt\">*<\/abbr><\/label> <input name=\"avia_2_1\" class=\"text_input is_email\" type=\"text\" id=\"avia_2_1\" value=\"\" \/><\/p><p class='  first_form  form_element form_fullwidth' id='element_avia_3_1'><label for=\"avia_3_1\" class=\"textare_label hidden textare_label_avia_3_1\">Nachricht <abbr class=\"required\" title=\"ben\u00f6tigt\">*<\/abbr><\/label><textarea  name=\"avia_3_1\" class=\"text_area is_empty\" cols=\"40\" rows=\"7\" id=\"avia_3_1\" ><\/textarea><\/p><div id='avia_4_1' class='av-form-text'><p>\nDatenschutzerkl\u00e4rung:\u00a0<a href=\"http:\/\/www.italianinheritance.it\/privacy-policy\">BITTE LESEN<\/a><\/p>\n<\/div><p class='  first_form  form_element form_fullwidth' id='element_avia_5_1'><input  name=\"avia_5_1\" class=\"input_checkbox is_empty\" type=\"checkbox\" id=\"avia_5_1\" value=\"true\"\/><label class=\"input_checkbox_label\" for=\"avia_5_1\">Ich bin mit der Verarbeitung meiner pers\u00f6nlichen Daten einverstanden - EU-Verordnung 2016\/679 <abbr class=\"required\" title=\"ben\u00f6tigt\">*<\/abbr><\/label><\/p><p class=\"hidden\"><input type=\"text\" name=\"avia_6_1\" class=\"hidden \" id=\"avia_6_1\" value=\"\" \/><\/p><p class='   form_element form_fullwidth' id='element_avia_7_1'><span class='value_verifier_label'>4 + 0 = ?<\/span><input name=\"avia_7_1_verifier\" type=\"hidden\" id=\"avia_7_1_verifier\" value=\"882324446\"\/><label for=\"avia_7_1\">Bitte l\u00f6se die Gleichung. Diese Ma\u00dfnahme dient der Abwehr von Spam <abbr class=\"required\" title=\"ben\u00f6tigt\">*<\/abbr><\/label><input name=\"avia_7_1\" class=\"text_input captcha\" type=\"text\" id=\"avia_7_1\" value=\"\"\/><\/p><p class=\"form_element \"><input type=\"hidden\" value=\"1\" name=\"avia_generated_form1\" \/><input type=\"submit\" value=\"Senden!\" class=\"button\"  data-sending-label=\"Sende\"\/><\/p><\/fieldset><\/form><div id=\"ajaxresponse_1\" class=\"ajaxresponse ajaxresponse_1 hidden\"><\/div>\n","protected":false},"excerpt":{"rendered":"","protected":false},"author":5,"featured_media":0,"parent":0,"menu_order":0,"comment_status":"closed","ping_status":"closed","template":"","meta":{"footnotes":""},"class_list":["post-375","page","type-page","status-publish","hentry"],"yoast_head":"<!-- This site is optimized with the Yoast SEO plugin v27.4 - https:\/\/yoast.com\/product\/yoast-seo-wordpress\/ -->\n<title>Annehmen oder Ausschlagen einer Erbschaft - Italian Inheritance<\/title>\n<meta name=\"robots\" content=\"index, follow, max-snippet:-1, max-image-preview:large, max-video-preview:-1\" \/>\n<link rel=\"canonical\" href=\"https:\/\/italianinheritance.co.uk\/de\/annehmen-oder-ausschlagen-einer-erbschaft\/\" \/>\n<meta property=\"og:locale\" content=\"de_DE\" \/>\n<meta property=\"og:type\" content=\"article\" \/>\n<meta property=\"og:title\" content=\"Annehmen oder Ausschlagen einer Erbschaft - Italian Inheritance\" \/>\n<meta property=\"og:url\" content=\"https:\/\/italianinheritance.co.uk\/de\/annehmen-oder-ausschlagen-einer-erbschaft\/\" \/>\n<meta property=\"og:site_name\" content=\"Italian Inheritance\" \/>\n<meta property=\"article:modified_time\" content=\"2020-04-15T11:30:41+00:00\" \/>\n<meta name=\"twitter:card\" content=\"summary_large_image\" \/>\n<meta name=\"twitter:label1\" content=\"Gesch\u00e4tzte Lesezeit\" \/>\n\t<meta name=\"twitter:data1\" content=\"6\u00a0Minuten\" \/>\n<script type=\"application\/ld+json\" class=\"yoast-schema-graph\">{\"@context\":\"https:\\\/\\\/schema.org\",\"@graph\":[{\"@type\":\"WebPage\",\"@id\":\"https:\\\/\\\/italianinheritance.co.uk\\\/de\\\/annehmen-oder-ausschlagen-einer-erbschaft\\\/\",\"url\":\"https:\\\/\\\/italianinheritance.co.uk\\\/de\\\/annehmen-oder-ausschlagen-einer-erbschaft\\\/\",\"name\":\"Annehmen oder Ausschlagen einer Erbschaft - Italian Inheritance\",\"isPartOf\":{\"@id\":\"https:\\\/\\\/italianinheritance.co.uk\\\/de\\\/#website\"},\"datePublished\":\"2015-04-05T21:43:27+00:00\",\"dateModified\":\"2020-04-15T11:30:41+00:00\",\"breadcrumb\":{\"@id\":\"https:\\\/\\\/italianinheritance.co.uk\\\/de\\\/annehmen-oder-ausschlagen-einer-erbschaft\\\/#breadcrumb\"},\"inLanguage\":\"de\",\"potentialAction\":[{\"@type\":\"ReadAction\",\"target\":[\"https:\\\/\\\/italianinheritance.co.uk\\\/de\\\/annehmen-oder-ausschlagen-einer-erbschaft\\\/\"]}]},{\"@type\":\"BreadcrumbList\",\"@id\":\"https:\\\/\\\/italianinheritance.co.uk\\\/de\\\/annehmen-oder-ausschlagen-einer-erbschaft\\\/#breadcrumb\",\"itemListElement\":[{\"@type\":\"ListItem\",\"position\":1,\"name\":\"Home\",\"item\":\"https:\\\/\\\/italianinheritance.co.uk\\\/de\\\/\"},{\"@type\":\"ListItem\",\"position\":2,\"name\":\"Annehmen oder Ausschlagen einer Erbschaft\"}]},{\"@type\":\"WebSite\",\"@id\":\"https:\\\/\\\/italianinheritance.co.uk\\\/de\\\/#website\",\"url\":\"https:\\\/\\\/italianinheritance.co.uk\\\/de\\\/\",\"name\":\"Italian Inheritance\",\"description\":\"\",\"potentialAction\":[{\"@type\":\"SearchAction\",\"target\":{\"@type\":\"EntryPoint\",\"urlTemplate\":\"https:\\\/\\\/italianinheritance.co.uk\\\/de\\\/?s={search_term_string}\"},\"query-input\":{\"@type\":\"PropertyValueSpecification\",\"valueRequired\":true,\"valueName\":\"search_term_string\"}}],\"inLanguage\":\"de\"}]}<\/script>\n<!-- \/ Yoast SEO plugin. -->","yoast_head_json":{"title":"Annehmen oder Ausschlagen einer Erbschaft - Italian Inheritance","robots":{"index":"index","follow":"follow","max-snippet":"max-snippet:-1","max-image-preview":"max-image-preview:large","max-video-preview":"max-video-preview:-1"},"canonical":"https:\/\/italianinheritance.co.uk\/de\/annehmen-oder-ausschlagen-einer-erbschaft\/","og_locale":"de_DE","og_type":"article","og_title":"Annehmen oder Ausschlagen einer Erbschaft - Italian Inheritance","og_url":"https:\/\/italianinheritance.co.uk\/de\/annehmen-oder-ausschlagen-einer-erbschaft\/","og_site_name":"Italian Inheritance","article_modified_time":"2020-04-15T11:30:41+00:00","twitter_card":"summary_large_image","twitter_misc":{"Gesch\u00e4tzte Lesezeit":"6\u00a0Minuten"},"schema":{"@context":"https:\/\/schema.org","@graph":[{"@type":"WebPage","@id":"https:\/\/italianinheritance.co.uk\/de\/annehmen-oder-ausschlagen-einer-erbschaft\/","url":"https:\/\/italianinheritance.co.uk\/de\/annehmen-oder-ausschlagen-einer-erbschaft\/","name":"Annehmen oder Ausschlagen einer Erbschaft - Italian Inheritance","isPartOf":{"@id":"https:\/\/italianinheritance.co.uk\/de\/#website"},"datePublished":"2015-04-05T21:43:27+00:00","dateModified":"2020-04-15T11:30:41+00:00","breadcrumb":{"@id":"https:\/\/italianinheritance.co.uk\/de\/annehmen-oder-ausschlagen-einer-erbschaft\/#breadcrumb"},"inLanguage":"de","potentialAction":[{"@type":"ReadAction","target":["https:\/\/italianinheritance.co.uk\/de\/annehmen-oder-ausschlagen-einer-erbschaft\/"]}]},{"@type":"BreadcrumbList","@id":"https:\/\/italianinheritance.co.uk\/de\/annehmen-oder-ausschlagen-einer-erbschaft\/#breadcrumb","itemListElement":[{"@type":"ListItem","position":1,"name":"Home","item":"https:\/\/italianinheritance.co.uk\/de\/"},{"@type":"ListItem","position":2,"name":"Annehmen oder Ausschlagen einer Erbschaft"}]},{"@type":"WebSite","@id":"https:\/\/italianinheritance.co.uk\/de\/#website","url":"https:\/\/italianinheritance.co.uk\/de\/","name":"Italian Inheritance","description":"","potentialAction":[{"@type":"SearchAction","target":{"@type":"EntryPoint","urlTemplate":"https:\/\/italianinheritance.co.uk\/de\/?s={search_term_string}"},"query-input":{"@type":"PropertyValueSpecification","valueRequired":true,"valueName":"search_term_string"}}],"inLanguage":"de"}]}},"_links":{"self":[{"href":"https:\/\/italianinheritance.co.uk\/de\/wp-json\/wp\/v2\/pages\/375","targetHints":{"allow":["GET"]}}],"collection":[{"href":"https:\/\/italianinheritance.co.uk\/de\/wp-json\/wp\/v2\/pages"}],"about":[{"href":"https:\/\/italianinheritance.co.uk\/de\/wp-json\/wp\/v2\/types\/page"}],"author":[{"embeddable":true,"href":"https:\/\/italianinheritance.co.uk\/de\/wp-json\/wp\/v2\/users\/5"}],"replies":[{"embeddable":true,"href":"https:\/\/italianinheritance.co.uk\/de\/wp-json\/wp\/v2\/comments?post=375"}],"version-history":[{"count":7,"href":"https:\/\/italianinheritance.co.uk\/de\/wp-json\/wp\/v2\/pages\/375\/revisions"}],"predecessor-version":[{"id":5520,"href":"https:\/\/italianinheritance.co.uk\/de\/wp-json\/wp\/v2\/pages\/375\/revisions\/5520"}],"wp:attachment":[{"href":"https:\/\/italianinheritance.co.uk\/de\/wp-json\/wp\/v2\/media?parent=375"}],"curies":[{"name":"wp","href":"https:\/\/api.w.org\/{rel}","templated":true}]}}