{"id":382,"date":"2015-04-05T21:58:20","date_gmt":"2015-04-05T21:58:20","guid":{"rendered":"http:\/\/www.italianinheritance.it\/?page_id=382"},"modified":"2015-04-05T21:58:40","modified_gmt":"2015-04-05T21:58:40","slug":"erforderliche-dokumente","status":"publish","type":"page","link":"https:\/\/italianinheritance.co.uk\/de\/erforderliche-dokumente\/","title":{"rendered":"Erforderliche Dokumente"},"content":{"rendered":"<p>Der erste Schritt nach einem Todesfall besteht darin, alle erfoderlichen Dokumente zusammenzugetragen, um\u00a0das Erbfolgeverfahren einzuleiten und die \u201cDichiarazione di Successione\u201d, <span style=\"text-decoration: underline;\">die Erbschaftsteuererkl\u00e4rung<\/span>, vervollst\u00e4ndigen zu k\u00f6nnen (bitte lesen Sie dazu den Abschnitt \u00fcber die \u201cErbschaftsteuererkl\u00e4rung\u201d). Im allgemeinen sind folgende Dokumente zum Abschluss des Erbfolgeverfahrens erforderlich:<\/p>\n<ul>\n<li>Totenschein: Der Totenschein wird von der zust\u00e4ndigen Beh\u00f6rde, meist das\u00a0lokale Standesamt, ausgestellt und beinhaltet Zeitpunkt, Ort und Todesursache. Um einen Totenschein zu erlangen, verlangt die zust\u00e4ndige Beh\u00f6rde eine Passkopie und die Steuernummer des Verstorbenen. Der Antragssteller muss sich ebenfalls ausweisen mit Pass und Steuernummer.<\/li>\n<li>Eine eidesstattliche Versicherung \u00fcber die Familiensituation des Verstorbenen: \u00a0Dabei handelt es sich um die \u00f6ffentliche Beurkundung mit der ein Eidleistender oder ein vereidigter Zeuge im Beisein von Zeugen Erkl\u00e4rungen \u00fcber den Familienstammbaum des Verstorbenen abgibt und so potentielle Erben identifiziert.<\/li>\n<li>Besitzurkunden \u00fcber den Kauf von Land oder Geb\u00e4uden und alle \u00fcbrigen Unterlagen zu Ab\u00e4nderungen und Bauarbeitenan diesen Geb\u00e4uden (Vergr\u00f6sserungen, Garantiebescheinigungen, Baupl\u00e4ne, Raumplanung)<\/li>\n<li>Das Familienbuch des Verstorbenen: \u00a0Eine Urkunde, ausgestellt vom Standesamt des Wohnsitzes\u00a0des Verstorbenen. Damit kann die Identit\u00e4t und Berechtigung gesetzm\u00e4ssiger Erben festgestellt werden. Diese Urkunde liefert Informationen zur ganzen Familie, den Namen und \u00a0Verwandschaftsgraden, Ort und Geburtsdatum jedes einzelnen Familienmitglieds, auch jener, die weggezogen oder verstorben sind.<\/li>\n<\/ul>\n<p>&nbsp;<\/p>\n<p>Es gibt zwei unterschiedliche Nachlassverfahren:<\/p>\n<ul>\n<li><span style=\"text-decoration: underline;\">die gesetzliche Erbfolge<\/span> (auch untestierte Erbfolge genannt), die in Ermangelung eines Testaments entsprechend dem Gesetz geregelt wird;<\/li>\n<li><span style=\"text-decoration: underline;\">die testamentarische Erbfolge<\/span>, die nach dem letzten Willen des Verstorbenen geregelt wird, was in einem rechtsg\u00fcltigen Testament gem\u00e4ss geltender Rechtsprechung vorliegen muss.<\/li>\n<\/ul>\n","protected":false},"excerpt":{"rendered":"<p>Der erste Schritt nach einem Todesfall besteht darin, alle erfoderlichen Dokumente zusammenzugetragen, um\u00a0das Erbfolgeverfahren einzuleiten und die \u201cDichiarazione di Successione\u201d, die Erbschaftsteuererkl\u00e4rung, vervollst\u00e4ndigen zu k\u00f6nnen (bitte lesen Sie dazu den Abschnitt \u00fcber die \u201cErbschaftsteuererkl\u00e4rung\u201d). Im allgemeinen sind folgende Dokumente zum Abschluss des Erbfolgeverfahrens erforderlich: Totenschein: Der Totenschein wird von der zust\u00e4ndigen Beh\u00f6rde, meist das\u00a0lokale Standesamt, [&hellip;]<\/p>\n","protected":false},"author":5,"featured_media":0,"parent":0,"menu_order":0,"comment_status":"closed","ping_status":"closed","template":"","meta":{"footnotes":""},"class_list":["post-382","page","type-page","status-publish","hentry"],"yoast_head":"<!-- This site is optimized with the Yoast SEO plugin v27.3 - https:\/\/yoast.com\/product\/yoast-seo-wordpress\/ -->\n<title>Erforderliche Dokumente - Italian Inheritance<\/title>\n<meta name=\"robots\" content=\"index, follow, max-snippet:-1, max-image-preview:large, max-video-preview:-1\" \/>\n<link rel=\"canonical\" href=\"https:\/\/italianinheritance.co.uk\/de\/erforderliche-dokumente\/\" \/>\n<meta property=\"og:locale\" content=\"de_DE\" \/>\n<meta property=\"og:type\" content=\"article\" \/>\n<meta property=\"og:title\" content=\"Erforderliche Dokumente - Italian Inheritance\" \/>\n<meta property=\"og:description\" content=\"Der erste Schritt nach einem Todesfall besteht darin, alle erfoderlichen Dokumente zusammenzugetragen, um\u00a0das Erbfolgeverfahren einzuleiten und die \u201cDichiarazione di Successione\u201d, die Erbschaftsteuererkl\u00e4rung, vervollst\u00e4ndigen zu k\u00f6nnen (bitte lesen Sie dazu den Abschnitt \u00fcber die \u201cErbschaftsteuererkl\u00e4rung\u201d). Im allgemeinen sind folgende Dokumente zum Abschluss des Erbfolgeverfahrens erforderlich: Totenschein: Der Totenschein wird von der zust\u00e4ndigen Beh\u00f6rde, meist das\u00a0lokale Standesamt, [&hellip;]\" \/>\n<meta property=\"og:url\" content=\"https:\/\/italianinheritance.co.uk\/de\/erforderliche-dokumente\/\" \/>\n<meta property=\"og:site_name\" content=\"Italian Inheritance\" \/>\n<meta property=\"article:modified_time\" content=\"2015-04-05T21:58:40+00:00\" \/>\n<meta name=\"twitter:card\" content=\"summary_large_image\" \/>\n<meta name=\"twitter:label1\" content=\"Gesch\u00e4tzte Lesezeit\" \/>\n\t<meta name=\"twitter:data1\" content=\"1\u00a0Minute\" \/>\n<script type=\"application\/ld+json\" class=\"yoast-schema-graph\">{\"@context\":\"https:\\\/\\\/schema.org\",\"@graph\":[{\"@type\":\"WebPage\",\"@id\":\"https:\\\/\\\/italianinheritance.co.uk\\\/de\\\/erforderliche-dokumente\\\/\",\"url\":\"https:\\\/\\\/italianinheritance.co.uk\\\/de\\\/erforderliche-dokumente\\\/\",\"name\":\"Erforderliche Dokumente - Italian Inheritance\",\"isPartOf\":{\"@id\":\"https:\\\/\\\/italianinheritance.co.uk\\\/de\\\/#website\"},\"datePublished\":\"2015-04-05T21:58:20+00:00\",\"dateModified\":\"2015-04-05T21:58:40+00:00\",\"breadcrumb\":{\"@id\":\"https:\\\/\\\/italianinheritance.co.uk\\\/de\\\/erforderliche-dokumente\\\/#breadcrumb\"},\"inLanguage\":\"de\",\"potentialAction\":[{\"@type\":\"ReadAction\",\"target\":[\"https:\\\/\\\/italianinheritance.co.uk\\\/de\\\/erforderliche-dokumente\\\/\"]}]},{\"@type\":\"BreadcrumbList\",\"@id\":\"https:\\\/\\\/italianinheritance.co.uk\\\/de\\\/erforderliche-dokumente\\\/#breadcrumb\",\"itemListElement\":[{\"@type\":\"ListItem\",\"position\":1,\"name\":\"Home\",\"item\":\"https:\\\/\\\/italianinheritance.co.uk\\\/de\\\/\"},{\"@type\":\"ListItem\",\"position\":2,\"name\":\"Erforderliche Dokumente\"}]},{\"@type\":\"WebSite\",\"@id\":\"https:\\\/\\\/italianinheritance.co.uk\\\/de\\\/#website\",\"url\":\"https:\\\/\\\/italianinheritance.co.uk\\\/de\\\/\",\"name\":\"Italian Inheritance\",\"description\":\"\",\"potentialAction\":[{\"@type\":\"SearchAction\",\"target\":{\"@type\":\"EntryPoint\",\"urlTemplate\":\"https:\\\/\\\/italianinheritance.co.uk\\\/de\\\/?s={search_term_string}\"},\"query-input\":{\"@type\":\"PropertyValueSpecification\",\"valueRequired\":true,\"valueName\":\"search_term_string\"}}],\"inLanguage\":\"de\"}]}<\/script>\n<!-- \/ Yoast SEO plugin. -->","yoast_head_json":{"title":"Erforderliche Dokumente - Italian Inheritance","robots":{"index":"index","follow":"follow","max-snippet":"max-snippet:-1","max-image-preview":"max-image-preview:large","max-video-preview":"max-video-preview:-1"},"canonical":"https:\/\/italianinheritance.co.uk\/de\/erforderliche-dokumente\/","og_locale":"de_DE","og_type":"article","og_title":"Erforderliche Dokumente - Italian Inheritance","og_description":"Der erste Schritt nach einem Todesfall besteht darin, alle erfoderlichen Dokumente zusammenzugetragen, um\u00a0das Erbfolgeverfahren einzuleiten und die \u201cDichiarazione di Successione\u201d, die Erbschaftsteuererkl\u00e4rung, vervollst\u00e4ndigen zu k\u00f6nnen (bitte lesen Sie dazu den Abschnitt \u00fcber die \u201cErbschaftsteuererkl\u00e4rung\u201d). Im allgemeinen sind folgende Dokumente zum Abschluss des Erbfolgeverfahrens erforderlich: Totenschein: Der Totenschein wird von der zust\u00e4ndigen Beh\u00f6rde, meist das\u00a0lokale Standesamt, [&hellip;]","og_url":"https:\/\/italianinheritance.co.uk\/de\/erforderliche-dokumente\/","og_site_name":"Italian Inheritance","article_modified_time":"2015-04-05T21:58:40+00:00","twitter_card":"summary_large_image","twitter_misc":{"Gesch\u00e4tzte Lesezeit":"1\u00a0Minute"},"schema":{"@context":"https:\/\/schema.org","@graph":[{"@type":"WebPage","@id":"https:\/\/italianinheritance.co.uk\/de\/erforderliche-dokumente\/","url":"https:\/\/italianinheritance.co.uk\/de\/erforderliche-dokumente\/","name":"Erforderliche Dokumente - Italian Inheritance","isPartOf":{"@id":"https:\/\/italianinheritance.co.uk\/de\/#website"},"datePublished":"2015-04-05T21:58:20+00:00","dateModified":"2015-04-05T21:58:40+00:00","breadcrumb":{"@id":"https:\/\/italianinheritance.co.uk\/de\/erforderliche-dokumente\/#breadcrumb"},"inLanguage":"de","potentialAction":[{"@type":"ReadAction","target":["https:\/\/italianinheritance.co.uk\/de\/erforderliche-dokumente\/"]}]},{"@type":"BreadcrumbList","@id":"https:\/\/italianinheritance.co.uk\/de\/erforderliche-dokumente\/#breadcrumb","itemListElement":[{"@type":"ListItem","position":1,"name":"Home","item":"https:\/\/italianinheritance.co.uk\/de\/"},{"@type":"ListItem","position":2,"name":"Erforderliche Dokumente"}]},{"@type":"WebSite","@id":"https:\/\/italianinheritance.co.uk\/de\/#website","url":"https:\/\/italianinheritance.co.uk\/de\/","name":"Italian Inheritance","description":"","potentialAction":[{"@type":"SearchAction","target":{"@type":"EntryPoint","urlTemplate":"https:\/\/italianinheritance.co.uk\/de\/?s={search_term_string}"},"query-input":{"@type":"PropertyValueSpecification","valueRequired":true,"valueName":"search_term_string"}}],"inLanguage":"de"}]}},"_links":{"self":[{"href":"https:\/\/italianinheritance.co.uk\/de\/wp-json\/wp\/v2\/pages\/382","targetHints":{"allow":["GET"]}}],"collection":[{"href":"https:\/\/italianinheritance.co.uk\/de\/wp-json\/wp\/v2\/pages"}],"about":[{"href":"https:\/\/italianinheritance.co.uk\/de\/wp-json\/wp\/v2\/types\/page"}],"author":[{"embeddable":true,"href":"https:\/\/italianinheritance.co.uk\/de\/wp-json\/wp\/v2\/users\/5"}],"replies":[{"embeddable":true,"href":"https:\/\/italianinheritance.co.uk\/de\/wp-json\/wp\/v2\/comments?post=382"}],"version-history":[{"count":3,"href":"https:\/\/italianinheritance.co.uk\/de\/wp-json\/wp\/v2\/pages\/382\/revisions"}],"predecessor-version":[{"id":385,"href":"https:\/\/italianinheritance.co.uk\/de\/wp-json\/wp\/v2\/pages\/382\/revisions\/385"}],"wp:attachment":[{"href":"https:\/\/italianinheritance.co.uk\/de\/wp-json\/wp\/v2\/media?parent=382"}],"curies":[{"name":"wp","href":"https:\/\/api.w.org\/{rel}","templated":true}]}}