{"id":391,"date":"2015-04-05T22:08:35","date_gmt":"2015-04-05T22:08:35","guid":{"rendered":"http:\/\/www.italianinheritance.it\/?page_id=391"},"modified":"2015-04-05T22:08:35","modified_gmt":"2015-04-05T22:08:35","slug":"was-bedeutet-erbfolge-und-wie-wird-sie-in-italien-geregelt","status":"publish","type":"page","link":"https:\/\/italianinheritance.co.uk\/de\/was-bedeutet-erbfolge-und-wie-wird-sie-in-italien-geregelt\/","title":{"rendered":"Was bedeutet Erbfolge und wie wird sie in Italien geregelt?"},"content":{"rendered":"<p>In Italien beginnt die Erbfolge, also der \u00dcbergang aller Verm\u00f6genswerte einer Person auf seine Erben, rechtlich mit dem Todeszeitpunkt. Das italienische Erbfolgerecht ist auf dem Prinzip der \u201cEinheit des Erbes\u201d begr\u00fcndet. Dieses Prinzip unterscheidet sich grundlegend von dem der Common Law-\u00adL\u00e4nder. Es basiert auf der Trennung zwischen Grundverm\u00f6gen und beweglichem Nachlassverm\u00f6gen: bei letzterem wird das Gesetz des letzten Wohnortes oder der letzten Staatsb\u00fcrgerschaft des Erblassers angewandt, w\u00e4hrend bei Grundverm\u00f6gen das sog. \u201clex rei sitae\u201d, das Gesetz des Landes, in dem sich die Immobilie befindet, gilt. Sollte sich der Nachlass inkl. Grundverm\u00f6gen in verschiedenen Staaten befinden, ist die Konsequenz, dass das jeweilige Grundverm\u00f6gen nach dem Recht des Ortes vererbt wird, an dem sich das Grundverm\u00f6gen (die Sache) aktuell und physisch befindet.<\/p>\n<p>Das Erbfolgeverfahren steht kurz vor dem Abschluss, wenn alle Verm\u00f6genswerte, Rechte und offene Zahlungen auf die Erben des Verstorbenen \u00fcbertragen worden sind. Der letzte Schritt ist die Zuteilung oder im Falle mehrerer Erben die Aufteilung der Erbmasse.<\/p>\n<p>Diese Aufteilung kann in beidseitigem Einverst\u00e4ndnis der Erben oder infolge eines Gerichtsverfahrens vorgenommen werden, falls die Erben eine besondere Vereinbarung treffen. Die Aufteilung wird im Moment der Annahme der Erbteile g\u00fcltig oder aber zum Zeitpunkt der Unterschrift der Aufteilungsvereinbarung, die in schriftlicher Form verfasst werden sollte.<\/p>\n<p>Es gilt zu bedenken, dass der Tod eines Familienmitglieds eine Reihe von Massnahmen nach sich zieht, z.B. die Suche nach einem Testament, die Bestandsaufnahme aller Verm\u00f6genswerte des Verstorbenen, die Ermittlung von Schlie\u00dff\u00e4chern und Bankkonten, und die Information der zust\u00e4ndigen Beh\u00f6rden, um das gesamte Erbfolgeverfahren abzuschliessen.<\/p>\n<p>&nbsp;<\/p>\n","protected":false},"excerpt":{"rendered":"<p>In Italien beginnt die Erbfolge, also der \u00dcbergang aller Verm\u00f6genswerte einer Person auf seine Erben, rechtlich mit dem Todeszeitpunkt. Das italienische Erbfolgerecht ist auf dem Prinzip der \u201cEinheit des Erbes\u201d begr\u00fcndet. Dieses Prinzip unterscheidet sich grundlegend von dem der Common Law-\u00adL\u00e4nder. Es basiert auf der Trennung zwischen Grundverm\u00f6gen und beweglichem Nachlassverm\u00f6gen: bei letzterem wird das [&hellip;]<\/p>\n","protected":false},"author":5,"featured_media":0,"parent":0,"menu_order":0,"comment_status":"closed","ping_status":"closed","template":"","meta":{"footnotes":""},"class_list":["post-391","page","type-page","status-publish","hentry"],"yoast_head":"<!-- This site is optimized with the Yoast SEO plugin v27.3 - https:\/\/yoast.com\/product\/yoast-seo-wordpress\/ -->\n<title>Was bedeutet Erbfolge und wie wird sie in Italien geregelt? - Italian Inheritance<\/title>\n<meta name=\"robots\" content=\"index, follow, max-snippet:-1, max-image-preview:large, max-video-preview:-1\" \/>\n<link rel=\"canonical\" href=\"https:\/\/italianinheritance.co.uk\/de\/was-bedeutet-erbfolge-und-wie-wird-sie-in-italien-geregelt\/\" \/>\n<meta property=\"og:locale\" content=\"de_DE\" \/>\n<meta property=\"og:type\" content=\"article\" \/>\n<meta property=\"og:title\" content=\"Was bedeutet Erbfolge und wie wird sie in Italien geregelt? - Italian Inheritance\" \/>\n<meta property=\"og:description\" content=\"In Italien beginnt die Erbfolge, also der \u00dcbergang aller Verm\u00f6genswerte einer Person auf seine Erben, rechtlich mit dem Todeszeitpunkt. Das italienische Erbfolgerecht ist auf dem Prinzip der \u201cEinheit des Erbes\u201d begr\u00fcndet. Dieses Prinzip unterscheidet sich grundlegend von dem der Common Law-\u00adL\u00e4nder. Es basiert auf der Trennung zwischen Grundverm\u00f6gen und beweglichem Nachlassverm\u00f6gen: bei letzterem wird das [&hellip;]\" \/>\n<meta property=\"og:url\" content=\"https:\/\/italianinheritance.co.uk\/de\/was-bedeutet-erbfolge-und-wie-wird-sie-in-italien-geregelt\/\" \/>\n<meta property=\"og:site_name\" content=\"Italian Inheritance\" \/>\n<meta name=\"twitter:card\" content=\"summary_large_image\" \/>\n<meta name=\"twitter:label1\" content=\"Gesch\u00e4tzte Lesezeit\" \/>\n\t<meta name=\"twitter:data1\" content=\"1\u00a0Minute\" \/>\n<script type=\"application\/ld+json\" class=\"yoast-schema-graph\">{\"@context\":\"https:\\\/\\\/schema.org\",\"@graph\":[{\"@type\":\"WebPage\",\"@id\":\"https:\\\/\\\/italianinheritance.co.uk\\\/de\\\/was-bedeutet-erbfolge-und-wie-wird-sie-in-italien-geregelt\\\/\",\"url\":\"https:\\\/\\\/italianinheritance.co.uk\\\/de\\\/was-bedeutet-erbfolge-und-wie-wird-sie-in-italien-geregelt\\\/\",\"name\":\"Was bedeutet Erbfolge und wie wird sie in Italien geregelt? - Italian Inheritance\",\"isPartOf\":{\"@id\":\"https:\\\/\\\/italianinheritance.co.uk\\\/de\\\/#website\"},\"datePublished\":\"2015-04-05T22:08:35+00:00\",\"breadcrumb\":{\"@id\":\"https:\\\/\\\/italianinheritance.co.uk\\\/de\\\/was-bedeutet-erbfolge-und-wie-wird-sie-in-italien-geregelt\\\/#breadcrumb\"},\"inLanguage\":\"de\",\"potentialAction\":[{\"@type\":\"ReadAction\",\"target\":[\"https:\\\/\\\/italianinheritance.co.uk\\\/de\\\/was-bedeutet-erbfolge-und-wie-wird-sie-in-italien-geregelt\\\/\"]}]},{\"@type\":\"BreadcrumbList\",\"@id\":\"https:\\\/\\\/italianinheritance.co.uk\\\/de\\\/was-bedeutet-erbfolge-und-wie-wird-sie-in-italien-geregelt\\\/#breadcrumb\",\"itemListElement\":[{\"@type\":\"ListItem\",\"position\":1,\"name\":\"Home\",\"item\":\"https:\\\/\\\/italianinheritance.co.uk\\\/de\\\/\"},{\"@type\":\"ListItem\",\"position\":2,\"name\":\"Was bedeutet Erbfolge und wie wird sie in Italien geregelt?\"}]},{\"@type\":\"WebSite\",\"@id\":\"https:\\\/\\\/italianinheritance.co.uk\\\/de\\\/#website\",\"url\":\"https:\\\/\\\/italianinheritance.co.uk\\\/de\\\/\",\"name\":\"Italian Inheritance\",\"description\":\"\",\"potentialAction\":[{\"@type\":\"SearchAction\",\"target\":{\"@type\":\"EntryPoint\",\"urlTemplate\":\"https:\\\/\\\/italianinheritance.co.uk\\\/de\\\/?s={search_term_string}\"},\"query-input\":{\"@type\":\"PropertyValueSpecification\",\"valueRequired\":true,\"valueName\":\"search_term_string\"}}],\"inLanguage\":\"de\"}]}<\/script>\n<!-- \/ Yoast SEO plugin. -->","yoast_head_json":{"title":"Was bedeutet Erbfolge und wie wird sie in Italien geregelt? - Italian Inheritance","robots":{"index":"index","follow":"follow","max-snippet":"max-snippet:-1","max-image-preview":"max-image-preview:large","max-video-preview":"max-video-preview:-1"},"canonical":"https:\/\/italianinheritance.co.uk\/de\/was-bedeutet-erbfolge-und-wie-wird-sie-in-italien-geregelt\/","og_locale":"de_DE","og_type":"article","og_title":"Was bedeutet Erbfolge und wie wird sie in Italien geregelt? - Italian Inheritance","og_description":"In Italien beginnt die Erbfolge, also der \u00dcbergang aller Verm\u00f6genswerte einer Person auf seine Erben, rechtlich mit dem Todeszeitpunkt. Das italienische Erbfolgerecht ist auf dem Prinzip der \u201cEinheit des Erbes\u201d begr\u00fcndet. Dieses Prinzip unterscheidet sich grundlegend von dem der Common Law-\u00adL\u00e4nder. Es basiert auf der Trennung zwischen Grundverm\u00f6gen und beweglichem Nachlassverm\u00f6gen: bei letzterem wird das [&hellip;]","og_url":"https:\/\/italianinheritance.co.uk\/de\/was-bedeutet-erbfolge-und-wie-wird-sie-in-italien-geregelt\/","og_site_name":"Italian Inheritance","twitter_card":"summary_large_image","twitter_misc":{"Gesch\u00e4tzte Lesezeit":"1\u00a0Minute"},"schema":{"@context":"https:\/\/schema.org","@graph":[{"@type":"WebPage","@id":"https:\/\/italianinheritance.co.uk\/de\/was-bedeutet-erbfolge-und-wie-wird-sie-in-italien-geregelt\/","url":"https:\/\/italianinheritance.co.uk\/de\/was-bedeutet-erbfolge-und-wie-wird-sie-in-italien-geregelt\/","name":"Was bedeutet Erbfolge und wie wird sie in Italien geregelt? - Italian Inheritance","isPartOf":{"@id":"https:\/\/italianinheritance.co.uk\/de\/#website"},"datePublished":"2015-04-05T22:08:35+00:00","breadcrumb":{"@id":"https:\/\/italianinheritance.co.uk\/de\/was-bedeutet-erbfolge-und-wie-wird-sie-in-italien-geregelt\/#breadcrumb"},"inLanguage":"de","potentialAction":[{"@type":"ReadAction","target":["https:\/\/italianinheritance.co.uk\/de\/was-bedeutet-erbfolge-und-wie-wird-sie-in-italien-geregelt\/"]}]},{"@type":"BreadcrumbList","@id":"https:\/\/italianinheritance.co.uk\/de\/was-bedeutet-erbfolge-und-wie-wird-sie-in-italien-geregelt\/#breadcrumb","itemListElement":[{"@type":"ListItem","position":1,"name":"Home","item":"https:\/\/italianinheritance.co.uk\/de\/"},{"@type":"ListItem","position":2,"name":"Was bedeutet Erbfolge und wie wird sie in Italien geregelt?"}]},{"@type":"WebSite","@id":"https:\/\/italianinheritance.co.uk\/de\/#website","url":"https:\/\/italianinheritance.co.uk\/de\/","name":"Italian Inheritance","description":"","potentialAction":[{"@type":"SearchAction","target":{"@type":"EntryPoint","urlTemplate":"https:\/\/italianinheritance.co.uk\/de\/?s={search_term_string}"},"query-input":{"@type":"PropertyValueSpecification","valueRequired":true,"valueName":"search_term_string"}}],"inLanguage":"de"}]}},"_links":{"self":[{"href":"https:\/\/italianinheritance.co.uk\/de\/wp-json\/wp\/v2\/pages\/391","targetHints":{"allow":["GET"]}}],"collection":[{"href":"https:\/\/italianinheritance.co.uk\/de\/wp-json\/wp\/v2\/pages"}],"about":[{"href":"https:\/\/italianinheritance.co.uk\/de\/wp-json\/wp\/v2\/types\/page"}],"author":[{"embeddable":true,"href":"https:\/\/italianinheritance.co.uk\/de\/wp-json\/wp\/v2\/users\/5"}],"replies":[{"embeddable":true,"href":"https:\/\/italianinheritance.co.uk\/de\/wp-json\/wp\/v2\/comments?post=391"}],"version-history":[{"count":1,"href":"https:\/\/italianinheritance.co.uk\/de\/wp-json\/wp\/v2\/pages\/391\/revisions"}],"predecessor-version":[{"id":392,"href":"https:\/\/italianinheritance.co.uk\/de\/wp-json\/wp\/v2\/pages\/391\/revisions\/392"}],"wp:attachment":[{"href":"https:\/\/italianinheritance.co.uk\/de\/wp-json\/wp\/v2\/media?parent=391"}],"curies":[{"name":"wp","href":"https:\/\/api.w.org\/{rel}","templated":true}]}}