{"id":393,"date":"2015-04-05T22:10:17","date_gmt":"2015-04-05T22:10:17","guid":{"rendered":"http:\/\/www.italianinheritance.it\/?page_id=393"},"modified":"2015-04-05T22:10:17","modified_gmt":"2015-04-05T22:10:17","slug":"warum-lohnt-es-sich-ein-italienisches-testament-aufzusetzen","status":"publish","type":"page","link":"https:\/\/italianinheritance.co.uk\/de\/warum-lohnt-es-sich-ein-italienisches-testament-aufzusetzen\/","title":{"rendered":"Warum lohnt es sich ein italienisches Testament aufzusetzen?"},"content":{"rendered":"<p>F\u00fcr ausl\u00e4ndische Staatsb\u00fcrger mit Verm\u00f6genswerten in Italien ist es ratsam ein italienisches Testament zu errichten. Dies vereinfacht die Eigentums\u00fcbertragung f\u00fcr die Erben erheblich.<\/p>\n<p>Gem\u00e4ss <span style=\"text-decoration: underline;\">italienischer Rechtsprechung<\/span> m\u00fcssen alle ausl\u00e4ndischen Testamente von einem Notar beglaubigt werden, bevor das Nachlassverfahren eingeleitet werden kann.<\/p>\n<p>Obschon Italien im allgemeinen internationale Testamente anerkennt, ist es f\u00fcr einen nicht-\u00aditalienischen Staatsb\u00fcrger mit Grund-\u00adoder Immobilienbesitz in Italien empfehlenswert, ein italienisches Testament zu errichten. Fremdsprachliche Urkunden, die unter die jeweilige nationale Rechtsprechung fallen, k\u00f6nnen in Italien f\u00fcr Schwierigkeiten sorgen. Kein Notar wird fremdsprachliche Urkunden ohne eine professionelle \u00dcbersetzung ins Italienische beglaubigen.<\/p>\n<p>Es gilt ausserdem zu bedenken, dass ein italienisches Testament die Verwaltungsvorg\u00e4nge im Zusammenhang mit italienischen Banken erheblich beschleunigt. Die Bankkonten des Verstorbenen werden umgehend nach dessen Tod eingefroren und die deponierten Geldmittel zu erlangen kann ein \u00e4u\u00dferst langer und schwieriger Prozess sein. In der Zwischenzeit werden die Erben m\u00f6glichwerweise aufgefordert, aus eigener Tasche Betriebskosten zu begleichen.<\/p>\n<p>Die Vorteile eines italienischen Testaments kann wie folgt zusammengefasst werden:<\/p>\n<ul>\n<ul>\n<li>Missverst\u00e4ndnisse und Konflikte unter den Erben zu vermeiden<\/li>\n<li>Vereinfachung des Erbschaftverfahrens f\u00fcr die italienischen Beh\u00f6rden<\/li>\n<li>Reduzierung der Erbschaftsteuer auf Sach-\u00ad und Verm\u00f6genswerte<\/li>\n<\/ul>\n<\/ul>\n<p>Ein Testament kann dar\u00fcberhinaus jederzeit bis zum letzten Moment vom Erblasser abge\u00e4ndert werden.<\/p>\n<p>Es ist unbedingt notwendig, dass das Testament an einem sicheren Ort aufbewahrt wird, zum Beispiel bei einem unabh\u00e4ngigen Rechtsanwalt, der die Verwahrung garantiert und die m\u00f6glichen Erben nach dem Ableben des Erblassers dar\u00fcber informieren kann.<\/p>\n<p>Ein fachkundiger Rechtsanwalt assistiert Ihnen beim Aufsetzen eines Testaments nach italienischer Gesetzgebung. Dies begrenzt die Auswirkungen der gesetzlichen italienischen Erbfolge und stellt sicher, dass Ihre italienische Immobilie nach Ihren Verf\u00fcgungen vererbt<\/p>\n<div>\n<p>wird und Sie nicht gegen Regelungen des italienischen Erbrechts verstossen. Ein Testament erm\u00f6glicht es Ihnen beispielsweise, Verm\u00f6genswerte\u00a0 Wohlt\u00e4tigkeits-organisationen, \u00f6ffentlichen Einrichtungen etc. zukommen zu lassen. Daher w\u00e4re es ratsam, sich von einem kompetenten Rechtsanwalt beraten zu lassen.<\/p>\n<\/div>\n<p>&nbsp;<\/p>\n","protected":false},"excerpt":{"rendered":"<p>F\u00fcr ausl\u00e4ndische Staatsb\u00fcrger mit Verm\u00f6genswerten in Italien ist es ratsam ein italienisches Testament zu errichten. Dies vereinfacht die Eigentums\u00fcbertragung f\u00fcr die Erben erheblich. Gem\u00e4ss italienischer Rechtsprechung m\u00fcssen alle ausl\u00e4ndischen Testamente von einem Notar beglaubigt werden, bevor das Nachlassverfahren eingeleitet werden kann. Obschon Italien im allgemeinen internationale Testamente anerkennt, ist es f\u00fcr einen nicht-\u00aditalienischen Staatsb\u00fcrger mit [&hellip;]<\/p>\n","protected":false},"author":5,"featured_media":0,"parent":0,"menu_order":0,"comment_status":"closed","ping_status":"closed","template":"","meta":{"footnotes":""},"class_list":["post-393","page","type-page","status-publish","hentry"],"yoast_head":"<!-- This site is optimized with the Yoast SEO plugin v27.3 - https:\/\/yoast.com\/product\/yoast-seo-wordpress\/ -->\n<title>Warum lohnt es sich ein italienisches Testament aufzusetzen? - Italian Inheritance<\/title>\n<meta name=\"robots\" content=\"index, follow, max-snippet:-1, max-image-preview:large, max-video-preview:-1\" \/>\n<link rel=\"canonical\" href=\"https:\/\/italianinheritance.co.uk\/de\/warum-lohnt-es-sich-ein-italienisches-testament-aufzusetzen\/\" \/>\n<meta property=\"og:locale\" content=\"de_DE\" \/>\n<meta property=\"og:type\" content=\"article\" \/>\n<meta property=\"og:title\" content=\"Warum lohnt es sich ein italienisches Testament aufzusetzen? - Italian Inheritance\" \/>\n<meta property=\"og:description\" content=\"F\u00fcr ausl\u00e4ndische Staatsb\u00fcrger mit Verm\u00f6genswerten in Italien ist es ratsam ein italienisches Testament zu errichten. Dies vereinfacht die Eigentums\u00fcbertragung f\u00fcr die Erben erheblich. Gem\u00e4ss italienischer Rechtsprechung m\u00fcssen alle ausl\u00e4ndischen Testamente von einem Notar beglaubigt werden, bevor das Nachlassverfahren eingeleitet werden kann. Obschon Italien im allgemeinen internationale Testamente anerkennt, ist es f\u00fcr einen nicht-\u00aditalienischen Staatsb\u00fcrger mit [&hellip;]\" \/>\n<meta property=\"og:url\" content=\"https:\/\/italianinheritance.co.uk\/de\/warum-lohnt-es-sich-ein-italienisches-testament-aufzusetzen\/\" \/>\n<meta property=\"og:site_name\" content=\"Italian Inheritance\" \/>\n<meta name=\"twitter:card\" content=\"summary_large_image\" \/>\n<meta name=\"twitter:label1\" content=\"Gesch\u00e4tzte Lesezeit\" \/>\n\t<meta name=\"twitter:data1\" content=\"2\u00a0Minuten\" \/>\n<script type=\"application\/ld+json\" class=\"yoast-schema-graph\">{\"@context\":\"https:\\\/\\\/schema.org\",\"@graph\":[{\"@type\":\"WebPage\",\"@id\":\"https:\\\/\\\/italianinheritance.co.uk\\\/de\\\/warum-lohnt-es-sich-ein-italienisches-testament-aufzusetzen\\\/\",\"url\":\"https:\\\/\\\/italianinheritance.co.uk\\\/de\\\/warum-lohnt-es-sich-ein-italienisches-testament-aufzusetzen\\\/\",\"name\":\"Warum lohnt es sich ein italienisches Testament aufzusetzen? - Italian Inheritance\",\"isPartOf\":{\"@id\":\"https:\\\/\\\/italianinheritance.co.uk\\\/de\\\/#website\"},\"datePublished\":\"2015-04-05T22:10:17+00:00\",\"breadcrumb\":{\"@id\":\"https:\\\/\\\/italianinheritance.co.uk\\\/de\\\/warum-lohnt-es-sich-ein-italienisches-testament-aufzusetzen\\\/#breadcrumb\"},\"inLanguage\":\"de\",\"potentialAction\":[{\"@type\":\"ReadAction\",\"target\":[\"https:\\\/\\\/italianinheritance.co.uk\\\/de\\\/warum-lohnt-es-sich-ein-italienisches-testament-aufzusetzen\\\/\"]}]},{\"@type\":\"BreadcrumbList\",\"@id\":\"https:\\\/\\\/italianinheritance.co.uk\\\/de\\\/warum-lohnt-es-sich-ein-italienisches-testament-aufzusetzen\\\/#breadcrumb\",\"itemListElement\":[{\"@type\":\"ListItem\",\"position\":1,\"name\":\"Home\",\"item\":\"https:\\\/\\\/italianinheritance.co.uk\\\/de\\\/\"},{\"@type\":\"ListItem\",\"position\":2,\"name\":\"Warum lohnt es sich ein italienisches Testament aufzusetzen?\"}]},{\"@type\":\"WebSite\",\"@id\":\"https:\\\/\\\/italianinheritance.co.uk\\\/de\\\/#website\",\"url\":\"https:\\\/\\\/italianinheritance.co.uk\\\/de\\\/\",\"name\":\"Italian Inheritance\",\"description\":\"\",\"potentialAction\":[{\"@type\":\"SearchAction\",\"target\":{\"@type\":\"EntryPoint\",\"urlTemplate\":\"https:\\\/\\\/italianinheritance.co.uk\\\/de\\\/?s={search_term_string}\"},\"query-input\":{\"@type\":\"PropertyValueSpecification\",\"valueRequired\":true,\"valueName\":\"search_term_string\"}}],\"inLanguage\":\"de\"}]}<\/script>\n<!-- \/ Yoast SEO plugin. -->","yoast_head_json":{"title":"Warum lohnt es sich ein italienisches Testament aufzusetzen? - Italian Inheritance","robots":{"index":"index","follow":"follow","max-snippet":"max-snippet:-1","max-image-preview":"max-image-preview:large","max-video-preview":"max-video-preview:-1"},"canonical":"https:\/\/italianinheritance.co.uk\/de\/warum-lohnt-es-sich-ein-italienisches-testament-aufzusetzen\/","og_locale":"de_DE","og_type":"article","og_title":"Warum lohnt es sich ein italienisches Testament aufzusetzen? - Italian Inheritance","og_description":"F\u00fcr ausl\u00e4ndische Staatsb\u00fcrger mit Verm\u00f6genswerten in Italien ist es ratsam ein italienisches Testament zu errichten. Dies vereinfacht die Eigentums\u00fcbertragung f\u00fcr die Erben erheblich. Gem\u00e4ss italienischer Rechtsprechung m\u00fcssen alle ausl\u00e4ndischen Testamente von einem Notar beglaubigt werden, bevor das Nachlassverfahren eingeleitet werden kann. Obschon Italien im allgemeinen internationale Testamente anerkennt, ist es f\u00fcr einen nicht-\u00aditalienischen Staatsb\u00fcrger mit [&hellip;]","og_url":"https:\/\/italianinheritance.co.uk\/de\/warum-lohnt-es-sich-ein-italienisches-testament-aufzusetzen\/","og_site_name":"Italian Inheritance","twitter_card":"summary_large_image","twitter_misc":{"Gesch\u00e4tzte Lesezeit":"2\u00a0Minuten"},"schema":{"@context":"https:\/\/schema.org","@graph":[{"@type":"WebPage","@id":"https:\/\/italianinheritance.co.uk\/de\/warum-lohnt-es-sich-ein-italienisches-testament-aufzusetzen\/","url":"https:\/\/italianinheritance.co.uk\/de\/warum-lohnt-es-sich-ein-italienisches-testament-aufzusetzen\/","name":"Warum lohnt es sich ein italienisches Testament aufzusetzen? - Italian Inheritance","isPartOf":{"@id":"https:\/\/italianinheritance.co.uk\/de\/#website"},"datePublished":"2015-04-05T22:10:17+00:00","breadcrumb":{"@id":"https:\/\/italianinheritance.co.uk\/de\/warum-lohnt-es-sich-ein-italienisches-testament-aufzusetzen\/#breadcrumb"},"inLanguage":"de","potentialAction":[{"@type":"ReadAction","target":["https:\/\/italianinheritance.co.uk\/de\/warum-lohnt-es-sich-ein-italienisches-testament-aufzusetzen\/"]}]},{"@type":"BreadcrumbList","@id":"https:\/\/italianinheritance.co.uk\/de\/warum-lohnt-es-sich-ein-italienisches-testament-aufzusetzen\/#breadcrumb","itemListElement":[{"@type":"ListItem","position":1,"name":"Home","item":"https:\/\/italianinheritance.co.uk\/de\/"},{"@type":"ListItem","position":2,"name":"Warum lohnt es sich ein italienisches Testament aufzusetzen?"}]},{"@type":"WebSite","@id":"https:\/\/italianinheritance.co.uk\/de\/#website","url":"https:\/\/italianinheritance.co.uk\/de\/","name":"Italian Inheritance","description":"","potentialAction":[{"@type":"SearchAction","target":{"@type":"EntryPoint","urlTemplate":"https:\/\/italianinheritance.co.uk\/de\/?s={search_term_string}"},"query-input":{"@type":"PropertyValueSpecification","valueRequired":true,"valueName":"search_term_string"}}],"inLanguage":"de"}]}},"_links":{"self":[{"href":"https:\/\/italianinheritance.co.uk\/de\/wp-json\/wp\/v2\/pages\/393","targetHints":{"allow":["GET"]}}],"collection":[{"href":"https:\/\/italianinheritance.co.uk\/de\/wp-json\/wp\/v2\/pages"}],"about":[{"href":"https:\/\/italianinheritance.co.uk\/de\/wp-json\/wp\/v2\/types\/page"}],"author":[{"embeddable":true,"href":"https:\/\/italianinheritance.co.uk\/de\/wp-json\/wp\/v2\/users\/5"}],"replies":[{"embeddable":true,"href":"https:\/\/italianinheritance.co.uk\/de\/wp-json\/wp\/v2\/comments?post=393"}],"version-history":[{"count":1,"href":"https:\/\/italianinheritance.co.uk\/de\/wp-json\/wp\/v2\/pages\/393\/revisions"}],"predecessor-version":[{"id":394,"href":"https:\/\/italianinheritance.co.uk\/de\/wp-json\/wp\/v2\/pages\/393\/revisions\/394"}],"wp:attachment":[{"href":"https:\/\/italianinheritance.co.uk\/de\/wp-json\/wp\/v2\/media?parent=393"}],"curies":[{"name":"wp","href":"https:\/\/api.w.org\/{rel}","templated":true}]}}