{"id":5316,"date":"2019-01-25T11:30:32","date_gmt":"2019-01-25T10:30:32","guid":{"rendered":"http:\/\/italianinheritance.it\/?page_id=5316"},"modified":"2019-01-25T12:01:34","modified_gmt":"2019-01-25T11:01:34","slug":"artikel","status":"publish","type":"page","link":"https:\/\/italianinheritance.co.uk\/de\/artikel\/","title":{"rendered":"Artikel"},"content":{"rendered":"<div  class='av-alb-blogposts template-blog  '  itemscope=\"itemscope\" itemtype=\"https:\/\/schema.org\/Blog\" ><article class=\"post-entry post-entry-type-standard post-entry-5397 post-loop-1 post-parity-odd single-small  post-5397 post type-post status-publish format-standard hentry category-articles-de category-articoli category-articoli-de\"  itemscope=\"itemscope\" itemtype=\"https:\/\/schema.org\/BlogPosting\" ><div class=\"blog-meta\"><a href='https:\/\/italianinheritance.co.uk\/de\/blog\/grenzuberschreitende-eheschliesungen\/' class='small-preview'  title=\"Eigentumsrechte f\u00fcr grenz\u00fcberschreitende Eheschlie\u00dfungen und eingetragene Partnerschaften\"   itemprop=\"image\" itemscope=\"itemscope\" itemtype=\"https:\/\/schema.org\/ImageObject\" ><span class=\"iconfont\" aria-hidden='true' data-av_icon='\ue836' data-av_iconfont='entypo-fontello'><\/span><\/a><\/div><div class='entry-content-wrapper clearfix standard-content'><header class=\"entry-content-header\" aria-label=\"Post: Eigentumsrechte f\u00fcr grenz\u00fcberschreitende Eheschlie\u00dfungen und eingetragene Partnerschaften\"><h2 class='post-title entry-title '  itemprop=\"headline\" ><a href=\"https:\/\/italianinheritance.co.uk\/de\/blog\/grenzuberschreitende-eheschliesungen\/\" rel=\"bookmark\" title=\"Permanenter Link zu: Eigentumsrechte f\u00fcr grenz\u00fcberschreitende Eheschlie\u00dfungen und eingetragene Partnerschaften\">Eigentumsrechte f\u00fcr grenz\u00fcberschreitende Eheschlie\u00dfungen und eingetragene Partnerschaften<span class=\"post-format-icon minor-meta\"><\/span><\/a><\/h2><span class=\"post-meta-infos\"><time class=\"date-container minor-meta updated\"  itemprop=\"datePublished\" datetime=\"2019-03-15T10:34:41+01:00\" >15. M\u00e4rz 2019<\/time><span class=\"text-sep\">\/<\/span><span class=\"blog-categories minor-meta\">in <a href=\"https:\/\/italianinheritance.co.uk\/de\/blog\/category\/articles-de\/\" rel=\"tag\">Articles-de<\/a>, <a href=\"https:\/\/italianinheritance.co.uk\/blog\/category\/articoli\/\" rel=\"tag\">Articoli<\/a>, <a href=\"https:\/\/italianinheritance.co.uk\/de\/blog\/category\/articoli-de\/\" rel=\"tag\">Articoli @de<\/a><\/span><span class=\"text-sep\">\/<\/span><span class=\"blog-author minor-meta\">von <span class=\"entry-author-link\"  itemprop=\"author\" ><span class=\"author\"><span class=\"fn\"><a href=\"https:\/\/italianinheritance.co.uk\/de\/blog\/author\/admin\/\" title=\"Beitr\u00e4ge von admin\" rel=\"author\">admin<\/a><\/span><\/span><\/span><\/span><\/span><\/header><div class=\"entry-content\"  itemprop=\"text\" ><div class=\"read-more-link\"><a href=\"https:\/\/italianinheritance.co.uk\/de\/blog\/grenzuberschreitende-eheschliesungen\/\" class=\"more-link\">Weiterlesen<span class=\"more-link-arrow\"><\/span><\/a><\/div>\n<\/div><footer class=\"entry-footer\"><\/footer><div class='post_delimiter'><\/div><\/div><div class=\"post_author_timeline\"><\/div><span class='hidden'>\n\t\t\t\t<span class='av-structured-data'  itemprop=\"image\" itemscope=\"itemscope\" itemtype=\"https:\/\/schema.org\/ImageObject\" >\n\t\t\t\t\t\t<span itemprop='url'>http:\/\/italianinheritance.co.uk\/wp-content\/uploads\/2018\/08\/Logo-Italian-Inheritance.png<\/span>\n\t\t\t\t\t\t<span itemprop='height'>0<\/span>\n\t\t\t\t\t\t<span itemprop='width'>0<\/span>\n\t\t\t\t<\/span>\n\t\t\t\t<span class='av-structured-data'  itemprop=\"publisher\" itemtype=\"https:\/\/schema.org\/Organization\" itemscope=\"itemscope\" >\n\t\t\t\t\t\t<span itemprop='name'>admin<\/span>\n\t\t\t\t\t\t<span itemprop='logo' itemscope itemtype='https:\/\/schema.org\/ImageObject'>\n\t\t\t\t\t\t\t<span itemprop='url'>http:\/\/italianinheritance.co.uk\/wp-content\/uploads\/2018\/08\/Logo-Italian-Inheritance.png<\/span>\n\t\t\t\t\t\t<\/span>\n\t\t\t\t<\/span><span class='av-structured-data'  itemprop=\"author\" itemscope=\"itemscope\" itemtype=\"https:\/\/schema.org\/Person\" ><span itemprop='name'>admin<\/span><\/span><span class='av-structured-data'  itemprop=\"datePublished\" datetime=\"2019-03-15T10:34:41+01:00\" >2019-03-15 10:34:41<\/span><span class='av-structured-data'  itemprop=\"dateModified\" itemtype=\"https:\/\/schema.org\/dateModified\" >2019-03-15 10:35:48<\/span><span class='av-structured-data'  itemprop=\"mainEntityOfPage\" itemtype=\"https:\/\/schema.org\/mainEntityOfPage\" ><span itemprop='name'>Eigentumsrechte f\u00fcr grenz\u00fcberschreitende Eheschlie\u00dfungen und eingetragene Partnerschaften<\/span><\/span><\/span><\/article><article class=\"post-entry post-entry-type-standard post-entry-5378 post-loop-2 post-parity-even single-small  post-5378 post type-post status-publish format-standard hentry category-articles-de category-articoli-de\"  itemscope=\"itemscope\" itemtype=\"https:\/\/schema.org\/BlogPosting\" ><div class=\"blog-meta\"><a href='https:\/\/italianinheritance.co.uk\/de\/blog\/wie-man-ein-testament-errichtet\/' class='small-preview'  title=\"Wie man ein Testament errichtet\"   itemprop=\"image\" itemscope=\"itemscope\" itemtype=\"https:\/\/schema.org\/ImageObject\" ><span class=\"iconfont\" aria-hidden='true' data-av_icon='\ue836' data-av_iconfont='entypo-fontello'><\/span><\/a><\/div><div class='entry-content-wrapper clearfix standard-content'><header class=\"entry-content-header\" aria-label=\"Post: Wie man ein Testament errichtet\"><h2 class='post-title entry-title '  itemprop=\"headline\" ><a href=\"https:\/\/italianinheritance.co.uk\/de\/blog\/wie-man-ein-testament-errichtet\/\" rel=\"bookmark\" title=\"Permanenter Link zu: Wie man ein Testament errichtet\">Wie man ein Testament errichtet<span class=\"post-format-icon minor-meta\"><\/span><\/a><\/h2><span class=\"post-meta-infos\"><time class=\"date-container minor-meta updated\"  itemprop=\"datePublished\" datetime=\"2019-02-22T09:57:21+01:00\" >22. Februar 2019<\/time><span class=\"text-sep\">\/<\/span><span class=\"blog-categories minor-meta\">in <a href=\"https:\/\/italianinheritance.co.uk\/de\/blog\/category\/articles-de\/\" rel=\"tag\">Articles-de<\/a>, <a href=\"https:\/\/italianinheritance.co.uk\/de\/blog\/category\/articoli-de\/\" rel=\"tag\">Articoli @de<\/a><\/span><span class=\"text-sep\">\/<\/span><span class=\"blog-author minor-meta\">von <span class=\"entry-author-link\"  itemprop=\"author\" ><span class=\"author\"><span class=\"fn\"><a href=\"https:\/\/italianinheritance.co.uk\/de\/blog\/author\/admin\/\" title=\"Beitr\u00e4ge von admin\" rel=\"author\">admin<\/a><\/span><\/span><\/span><\/span><\/span><\/header><div class=\"entry-content\"  itemprop=\"text\" ><div class=\"read-more-link\"><a href=\"https:\/\/italianinheritance.co.uk\/de\/blog\/wie-man-ein-testament-errichtet\/\" class=\"more-link\">Weiterlesen<span class=\"more-link-arrow\"><\/span><\/a><\/div>\n<\/div><footer class=\"entry-footer\"><\/footer><div class='post_delimiter'><\/div><\/div><div class=\"post_author_timeline\"><\/div><span class='hidden'>\n\t\t\t\t<span class='av-structured-data'  itemprop=\"image\" itemscope=\"itemscope\" itemtype=\"https:\/\/schema.org\/ImageObject\" >\n\t\t\t\t\t\t<span itemprop='url'>http:\/\/italianinheritance.co.uk\/wp-content\/uploads\/2018\/08\/Logo-Italian-Inheritance.png<\/span>\n\t\t\t\t\t\t<span itemprop='height'>0<\/span>\n\t\t\t\t\t\t<span itemprop='width'>0<\/span>\n\t\t\t\t<\/span>\n\t\t\t\t<span class='av-structured-data'  itemprop=\"publisher\" itemtype=\"https:\/\/schema.org\/Organization\" itemscope=\"itemscope\" >\n\t\t\t\t\t\t<span itemprop='name'>admin<\/span>\n\t\t\t\t\t\t<span itemprop='logo' itemscope itemtype='https:\/\/schema.org\/ImageObject'>\n\t\t\t\t\t\t\t<span itemprop='url'>http:\/\/italianinheritance.co.uk\/wp-content\/uploads\/2018\/08\/Logo-Italian-Inheritance.png<\/span>\n\t\t\t\t\t\t<\/span>\n\t\t\t\t<\/span><span class='av-structured-data'  itemprop=\"author\" itemscope=\"itemscope\" itemtype=\"https:\/\/schema.org\/Person\" ><span itemprop='name'>admin<\/span><\/span><span class='av-structured-data'  itemprop=\"datePublished\" datetime=\"2019-02-22T09:57:21+01:00\" >2019-02-22 09:57:21<\/span><span class='av-structured-data'  itemprop=\"dateModified\" itemtype=\"https:\/\/schema.org\/dateModified\" >2019-02-22 09:57:23<\/span><span class='av-structured-data'  itemprop=\"mainEntityOfPage\" itemtype=\"https:\/\/schema.org\/mainEntityOfPage\" ><span itemprop='name'>Wie man ein Testament errichtet<\/span><\/span><\/span><\/article><article class=\"post-entry post-entry-type-standard post-entry-5319 post-loop-3 post-parity-odd post-entry-last single-small  post-5319 post type-post status-publish format-standard hentry category-articles-de\"  itemscope=\"itemscope\" itemtype=\"https:\/\/schema.org\/BlogPosting\" ><div class=\"blog-meta\"><a href='https:\/\/italianinheritance.co.uk\/de\/blog\/wie-hoch-ist-die-erbschaftssteuer-in-italien\/' class='small-preview'  title=\"Wie hoch ist die Erbschaftssteuer in Italien?\"   itemprop=\"image\" itemscope=\"itemscope\" itemtype=\"https:\/\/schema.org\/ImageObject\" ><span class=\"iconfont\" aria-hidden='true' data-av_icon='\ue836' data-av_iconfont='entypo-fontello'><\/span><\/a><\/div><div class='entry-content-wrapper clearfix standard-content'><header class=\"entry-content-header\" aria-label=\"Post: Wie hoch ist die Erbschaftssteuer in Italien?\"><h2 class='post-title entry-title '  itemprop=\"headline\" ><a href=\"https:\/\/italianinheritance.co.uk\/de\/blog\/wie-hoch-ist-die-erbschaftssteuer-in-italien\/\" rel=\"bookmark\" title=\"Permanenter Link zu: Wie hoch ist die Erbschaftssteuer in Italien?\">Wie hoch ist die Erbschaftssteuer in Italien?<span class=\"post-format-icon minor-meta\"><\/span><\/a><\/h2><span class=\"post-meta-infos\"><time class=\"date-container minor-meta updated\"  itemprop=\"datePublished\" datetime=\"2019-01-25T11:51:47+01:00\" >25. Januar 2019<\/time><span class=\"text-sep\">\/<\/span><span class=\"blog-categories minor-meta\">in <a href=\"https:\/\/italianinheritance.co.uk\/de\/blog\/category\/articles-de\/\" rel=\"tag\">Articles-de<\/a><\/span><span class=\"text-sep\">\/<\/span><span class=\"blog-author minor-meta\">von <span class=\"entry-author-link\"  itemprop=\"author\" ><span class=\"author\"><span class=\"fn\"><a href=\"https:\/\/italianinheritance.co.uk\/de\/blog\/author\/admin\/\" title=\"Beitr\u00e4ge von admin\" rel=\"author\">admin<\/a><\/span><\/span><\/span><\/span><\/span><\/header><div class=\"entry-content\"  itemprop=\"text\" ><div class=\"read-more-link\"><a href=\"https:\/\/italianinheritance.co.uk\/de\/blog\/wie-hoch-ist-die-erbschaftssteuer-in-italien\/\" class=\"more-link\">Weiterlesen<span class=\"more-link-arrow\"><\/span><\/a><\/div>\n<\/div><footer class=\"entry-footer\"><\/footer><div class='post_delimiter'><\/div><\/div><div class=\"post_author_timeline\"><\/div><span class='hidden'>\n\t\t\t\t<span class='av-structured-data'  itemprop=\"image\" itemscope=\"itemscope\" itemtype=\"https:\/\/schema.org\/ImageObject\" >\n\t\t\t\t\t\t<span itemprop='url'>http:\/\/italianinheritance.co.uk\/wp-content\/uploads\/2018\/08\/Logo-Italian-Inheritance.png<\/span>\n\t\t\t\t\t\t<span itemprop='height'>0<\/span>\n\t\t\t\t\t\t<span itemprop='width'>0<\/span>\n\t\t\t\t<\/span>\n\t\t\t\t<span class='av-structured-data'  itemprop=\"publisher\" itemtype=\"https:\/\/schema.org\/Organization\" itemscope=\"itemscope\" >\n\t\t\t\t\t\t<span itemprop='name'>admin<\/span>\n\t\t\t\t\t\t<span itemprop='logo' itemscope itemtype='https:\/\/schema.org\/ImageObject'>\n\t\t\t\t\t\t\t<span itemprop='url'>http:\/\/italianinheritance.co.uk\/wp-content\/uploads\/2018\/08\/Logo-Italian-Inheritance.png<\/span>\n\t\t\t\t\t\t<\/span>\n\t\t\t\t<\/span><span class='av-structured-data'  itemprop=\"author\" itemscope=\"itemscope\" itemtype=\"https:\/\/schema.org\/Person\" ><span itemprop='name'>admin<\/span><\/span><span class='av-structured-data'  itemprop=\"datePublished\" datetime=\"2019-01-25T11:51:47+01:00\" >2019-01-25 11:51:47<\/span><span class='av-structured-data'  itemprop=\"dateModified\" itemtype=\"https:\/\/schema.org\/dateModified\" >2019-01-25 11:59:36<\/span><span class='av-structured-data'  itemprop=\"mainEntityOfPage\" itemtype=\"https:\/\/schema.org\/mainEntityOfPage\" ><span itemprop='name'>Wie hoch ist die Erbschaftssteuer in Italien?<\/span><\/span><\/span><\/article><div class='single-small'><nav class='pagination'><span class='pagination-meta'>Seite 1 von 3<\/span><span class='current'>1<\/span><a href='https:\/\/italianinheritance.co.uk\/de\/wp-json\/wp\/v2\/pages\/5316\/page\/2\/' class='inactive next_page' >2<\/a><a href='https:\/\/italianinheritance.co.uk\/de\/wp-json\/wp\/v2\/pages\/5316\/page\/3\/' class='inactive' >3<\/a><\/nav>\n<\/div><\/div>\n","protected":false},"excerpt":{"rendered":"","protected":false},"author":5,"featured_media":0,"parent":0,"menu_order":0,"comment_status":"closed","ping_status":"closed","template":"","meta":{"footnotes":""},"class_list":["post-5316","page","type-page","status-publish","hentry"],"yoast_head":"<!-- This site is optimized with the Yoast SEO plugin v27.3 - https:\/\/yoast.com\/product\/yoast-seo-wordpress\/ -->\n<title>Artikel - Italian Inheritance<\/title>\n<meta name=\"robots\" content=\"index, follow, max-snippet:-1, max-image-preview:large, max-video-preview:-1\" \/>\n<link rel=\"canonical\" href=\"https:\/\/italianinheritance.co.uk\/de\/artikel\/\" \/>\n<meta property=\"og:locale\" content=\"de_DE\" \/>\n<meta property=\"og:type\" content=\"article\" \/>\n<meta property=\"og:title\" content=\"Artikel - Italian Inheritance\" \/>\n<meta property=\"og:url\" content=\"https:\/\/italianinheritance.co.uk\/de\/artikel\/\" \/>\n<meta property=\"og:site_name\" content=\"Italian Inheritance\" \/>\n<meta property=\"article:modified_time\" content=\"2019-01-25T11:01:34+00:00\" \/>\n<meta name=\"twitter:card\" content=\"summary_large_image\" \/>\n<script type=\"application\/ld+json\" class=\"yoast-schema-graph\">{\"@context\":\"https:\\\/\\\/schema.org\",\"@graph\":[{\"@type\":\"WebPage\",\"@id\":\"https:\\\/\\\/italianinheritance.co.uk\\\/de\\\/artikel\\\/\",\"url\":\"https:\\\/\\\/italianinheritance.co.uk\\\/de\\\/artikel\\\/\",\"name\":\"Artikel - Italian Inheritance\",\"isPartOf\":{\"@id\":\"https:\\\/\\\/italianinheritance.co.uk\\\/de\\\/#website\"},\"datePublished\":\"2019-01-25T10:30:32+00:00\",\"dateModified\":\"2019-01-25T11:01:34+00:00\",\"breadcrumb\":{\"@id\":\"https:\\\/\\\/italianinheritance.co.uk\\\/de\\\/artikel\\\/#breadcrumb\"},\"inLanguage\":\"de\",\"potentialAction\":[{\"@type\":\"ReadAction\",\"target\":[\"https:\\\/\\\/italianinheritance.co.uk\\\/de\\\/artikel\\\/\"]}]},{\"@type\":\"BreadcrumbList\",\"@id\":\"https:\\\/\\\/italianinheritance.co.uk\\\/de\\\/artikel\\\/#breadcrumb\",\"itemListElement\":[{\"@type\":\"ListItem\",\"position\":1,\"name\":\"Home\",\"item\":\"https:\\\/\\\/italianinheritance.co.uk\\\/de\\\/\"},{\"@type\":\"ListItem\",\"position\":2,\"name\":\"Artikel\"}]},{\"@type\":\"WebSite\",\"@id\":\"https:\\\/\\\/italianinheritance.co.uk\\\/de\\\/#website\",\"url\":\"https:\\\/\\\/italianinheritance.co.uk\\\/de\\\/\",\"name\":\"Italian Inheritance\",\"description\":\"\",\"potentialAction\":[{\"@type\":\"SearchAction\",\"target\":{\"@type\":\"EntryPoint\",\"urlTemplate\":\"https:\\\/\\\/italianinheritance.co.uk\\\/de\\\/?s={search_term_string}\"},\"query-input\":{\"@type\":\"PropertyValueSpecification\",\"valueRequired\":true,\"valueName\":\"search_term_string\"}}],\"inLanguage\":\"de\"}]}<\/script>\n<!-- \/ Yoast SEO plugin. -->","yoast_head_json":{"title":"Artikel - Italian Inheritance","robots":{"index":"index","follow":"follow","max-snippet":"max-snippet:-1","max-image-preview":"max-image-preview:large","max-video-preview":"max-video-preview:-1"},"canonical":"https:\/\/italianinheritance.co.uk\/de\/artikel\/","og_locale":"de_DE","og_type":"article","og_title":"Artikel - Italian Inheritance","og_url":"https:\/\/italianinheritance.co.uk\/de\/artikel\/","og_site_name":"Italian Inheritance","article_modified_time":"2019-01-25T11:01:34+00:00","twitter_card":"summary_large_image","schema":{"@context":"https:\/\/schema.org","@graph":[{"@type":"WebPage","@id":"https:\/\/italianinheritance.co.uk\/de\/artikel\/","url":"https:\/\/italianinheritance.co.uk\/de\/artikel\/","name":"Artikel - Italian Inheritance","isPartOf":{"@id":"https:\/\/italianinheritance.co.uk\/de\/#website"},"datePublished":"2019-01-25T10:30:32+00:00","dateModified":"2019-01-25T11:01:34+00:00","breadcrumb":{"@id":"https:\/\/italianinheritance.co.uk\/de\/artikel\/#breadcrumb"},"inLanguage":"de","potentialAction":[{"@type":"ReadAction","target":["https:\/\/italianinheritance.co.uk\/de\/artikel\/"]}]},{"@type":"BreadcrumbList","@id":"https:\/\/italianinheritance.co.uk\/de\/artikel\/#breadcrumb","itemListElement":[{"@type":"ListItem","position":1,"name":"Home","item":"https:\/\/italianinheritance.co.uk\/de\/"},{"@type":"ListItem","position":2,"name":"Artikel"}]},{"@type":"WebSite","@id":"https:\/\/italianinheritance.co.uk\/de\/#website","url":"https:\/\/italianinheritance.co.uk\/de\/","name":"Italian Inheritance","description":"","potentialAction":[{"@type":"SearchAction","target":{"@type":"EntryPoint","urlTemplate":"https:\/\/italianinheritance.co.uk\/de\/?s={search_term_string}"},"query-input":{"@type":"PropertyValueSpecification","valueRequired":true,"valueName":"search_term_string"}}],"inLanguage":"de"}]}},"_links":{"self":[{"href":"https:\/\/italianinheritance.co.uk\/de\/wp-json\/wp\/v2\/pages\/5316","targetHints":{"allow":["GET"]}}],"collection":[{"href":"https:\/\/italianinheritance.co.uk\/de\/wp-json\/wp\/v2\/pages"}],"about":[{"href":"https:\/\/italianinheritance.co.uk\/de\/wp-json\/wp\/v2\/types\/page"}],"author":[{"embeddable":true,"href":"https:\/\/italianinheritance.co.uk\/de\/wp-json\/wp\/v2\/users\/5"}],"replies":[{"embeddable":true,"href":"https:\/\/italianinheritance.co.uk\/de\/wp-json\/wp\/v2\/comments?post=5316"}],"version-history":[{"count":2,"href":"https:\/\/italianinheritance.co.uk\/de\/wp-json\/wp\/v2\/pages\/5316\/revisions"}],"predecessor-version":[{"id":5330,"href":"https:\/\/italianinheritance.co.uk\/de\/wp-json\/wp\/v2\/pages\/5316\/revisions\/5330"}],"wp:attachment":[{"href":"https:\/\/italianinheritance.co.uk\/de\/wp-json\/wp\/v2\/media?parent=5316"}],"curies":[{"name":"wp","href":"https:\/\/api.w.org\/{rel}","templated":true}]}}