{"id":183,"date":"2012-06-20T21:05:51","date_gmt":"2012-06-20T21:05:51","guid":{"rendered":"http:\/\/www.italianinheritance.it\/?page_id=183"},"modified":"2020-04-15T12:06:37","modified_gmt":"2020-04-15T11:06:37","slug":"italian-inheritance","status":"publish","type":"page","link":"https:\/\/italianinheritance.co.uk\/fr\/","title":{"rendered":"Home"},"content":{"rendered":"<div id='av_section_1'  class='avia-section av-av_section-2dcda1862a94bb522b437cf4f29dd74d main_color avia-section-default avia-no-shadow  avia-builder-el-0  el_before_av_one_full  avia-builder-el-first  avia-bg-style-scroll container_wrap sidebar_right'  ><div class='container av-section-cont-open' ><main  role=\"main\" itemprop=\"mainContentOfPage\"  class='template-page content  av-content-small alpha units'><div class='post-entry post-entry-type-page post-entry-183'><div class='entry-content-wrapper clearfix'><\/div><\/div><\/main><!-- close content main element --><\/div><\/div><div id='after_section_1'  class='main_color av_default_container_wrap container_wrap sidebar_right'  ><div class='container av-section-cont-open' ><div class='template-page content  av-content-small alpha units'><div class='post-entry post-entry-type-page post-entry-183'><div class='entry-content-wrapper clearfix'>\n\n<style type=\"text\/css\" data-created_by=\"avia_inline_auto\" id=\"style-css-av-av_one_full-e447ad8281eb6ecca8cc7dd56383412d\">\n.flex_column.av-av_one_full-e447ad8281eb6ecca8cc7dd56383412d{\nborder-radius:0px 0px 0px 0px;\npadding:0px 0px 0px 0px;\n}\n<\/style>\n<div  class='flex_column av-av_one_full-e447ad8281eb6ecca8cc7dd56383412d av_one_full  avia-builder-el-1  el_after_av_section  el_before_av_hr  avia-builder-el-first  first flex_column_div av-zero-column-padding avia-full-contain  '     ><style type=\"text\/css\" data-created_by=\"avia_inline_auto\" id=\"style-css-av-av_textblock-3de333fb55a75c07de9d7c9e1dc21319\">\n#top .av_textblock_section.av-av_textblock-3de333fb55a75c07de9d7c9e1dc21319 .avia_textblock{\ncolor:#000000;\n}\n<\/style>\n<section  class='av_textblock_section av-av_textblock-3de333fb55a75c07de9d7c9e1dc21319 '   itemscope=\"itemscope\" itemtype=\"https:\/\/schema.org\/CreativeWork\" ><div class='avia_textblock av_inherit_color'  itemprop=\"text\" ><h1>La Succession Italienne<\/h1>\n<p>La succession est la proc\u00e9dure permettant de transf\u00e9rer \u00e0 des h\u00e9ritiers tous les aspects l\u00e9gaux ayant trait \u00e0 un d\u00e9funt; il s\u2019agit donc des biens, mais aussi des dettes faisant partie de la succession.<br \/>\nIl y a de nombreuses choses \u00e0 prendre en consid\u00e9ration :\u00a0<strong>quels sont les obligations pr\u00e9vues pour la\u00a0<a href=\"http:\/\/www.italianinheritance.it\/fr\/la-succession-testamentaire\/\" data-slimstat=\"5\">succession testamentaire<\/a>? Que signifie l\u2019expression \u00ab succession l\u00e9gale \u00bb?<\/strong><\/p>\n<p>Il est tout \u00e0 fait important d\u2019\u00eatre bien conscient que l\u2019<a href=\"http:\/\/www.italianinheritance.it\/fr\/acceptation-une-succession-ou-renonciation\/\" data-slimstat=\"5\">acceptation de l\u2019h\u00e9ritage<\/a>\u00a0comporte des obligations sur le plan fiscal. De plus la\u00a0<strong>loi de succession italienne<\/strong>\u00a0r\u00e8glemente de fa\u00e7on pr\u00e9cise les droits revenant \u00e0 ceux que l\u2019on appelle les \u201ch\u00e9ritiers r\u00e9servataires\u201d : une part d\u2019h\u00e9ritage doit toujours \u00eatre garantie pour ces h\u00e9ritiers et, si leurs int\u00e9r\u00eats sont l\u00e9s\u00e9s, ils ont le droit de porter plainte.<!--more--><\/p>\n<p>En r\u00e9digeant un testament il vous est possible de d\u00e9cider comment disposer de vos biens apr\u00e8s votre d\u00e9c\u00e8s.\u00a0<strong>La r\u00e9daction d\u2019un testament<\/strong>\u00a0est la meilleure fa\u00e7on de transf\u00e9rer vos biens \u00e0 votre famille et \u00e0 vos amis exactement comme vous d\u00e9sirez. Si quelqu\u2019un meurt sans laisser de testament, on parle de succession \u00ab ab intestat \u00bb. G\u00e9rer ses biens et ses ressources peut \u00eatre compliqu\u00e9 et demander du temps \u2013 des mois ou m\u00eame des ann\u00e9es. En l\u2019absence d\u2019un testament les biens seront distribu\u00e9s conform\u00e9ment \u00e0 la loi italienne plut\u00f4t que selon les d\u00e9sirs du d\u00e9funt.<br \/>\nCe site internet a l\u2019intention de fournir une vue d\u2019ensemble compl\u00e8te de la\u00a0<strong>proc\u00e9dure de succession italienne<\/strong>, et cherche \u00e0 r\u00e9pondre aux questions les plus fr\u00e9quentes qui sont pos\u00e9es \u00e0 propos de la loi de succession en Italie.<\/p>\n<p><a title=\"Qu\u2019est-ce que la succession et comment est-elle r\u00e9glement\u00e9e en Italie?\" href=\"http:\/\/www.italianinheritance.it\/fr\/quest-ce-que-la-succession-et-comment-est-elle-reglementee-en-italie\/\" data-slimstat=\"5\">Qu\u2019est-ce que la succession et comment est-elle r\u00e9glement\u00e9e en Italie?<\/a><\/p>\n<p><a title=\"Pourquoi est-il pr\u00e9f\u00e9rable de r\u00e9diger un testament italien?\" href=\"http:\/\/www.italianinheritance.it\/fr\/pourquoi-est-il-preferable-de-rediger-un-testament-italien\/\" data-slimstat=\"5\">Pourquoi est-il pr\u00e9f\u00e9rable de r\u00e9diger un testament italien?<\/a><\/p>\n<\/div><\/section><\/div>\n<div  class='hr av-av_hr-0ff602b3e980a3377077ff3c1c834df6 hr-default  avia-builder-el-3  el_after_av_one_full  el_before_av_one_third '><span class='hr-inner '><span class=\"hr-inner-style\"><\/span><\/span><\/div>\n\n<style type=\"text\/css\" data-created_by=\"avia_inline_auto\" id=\"style-css-av-av_one_third-15d750bd1b332b34c6e70b077ebbccdf\">\n.flex_column.av-av_one_third-15d750bd1b332b34c6e70b077ebbccdf{\nborder-radius:0px 0px 0px 0px;\npadding:0px 0px 0px 0px;\n}\n<\/style>\n<div  class='flex_column av-av_one_third-15d750bd1b332b34c6e70b077ebbccdf av_one_third  avia-builder-el-4  el_after_av_hr  el_before_av_one_third  first flex_column_div av-zero-column-padding  '     ><article  class='iconbox iconbox_top av-k918ams5-700df0c8fcd304448a145fd26509ee20  avia-builder-el-5  avia-builder-el-no-sibling  main_color'  itemscope=\"itemscope\" itemtype=\"https:\/\/schema.org\/CreativeWork\" ><div class=\"iconbox_content\"><header class=\"entry-content-header\" aria-label=\"Icon: Guide\"><div class=\"iconbox_icon heading-color\" aria-hidden='true' data-av_icon='\ue82d' data-av_iconfont='entypo-fontello'><\/div><h3 class='iconbox_content_title '  itemprop=\"headline\" >Guide<\/h3><\/header><div class='iconbox_content_container '  itemprop=\"text\" ><p>Un guide de la loi italienne sur les successions: toutes les informations dont vous avez besoin pour la succession italienne<\/p>\n<p><a href=\"https:\/\/www.detulliolawfirm.com\/wp-content\/uploads\/2020\/02\/Guide-sur-lH%C3%A9ritage-Italien.pdf\" data-slimstat=\"3\">T\u00e9l\u00e9charger maintenant!<\/a><\/p>\n<\/div><\/div><footer class=\"entry-footer\"><\/footer><\/article><\/div>\n<style type=\"text\/css\" data-created_by=\"avia_inline_auto\" id=\"style-css-av-av_one_third-c8fc129dc35fd1ae2a1e410224d39ea8\">\n.flex_column.av-av_one_third-c8fc129dc35fd1ae2a1e410224d39ea8{\nborder-radius:0px 0px 0px 0px;\npadding:0px 0px 0px 0px;\n}\n<\/style>\n<div  class='flex_column av-av_one_third-c8fc129dc35fd1ae2a1e410224d39ea8 av_one_third  avia-builder-el-6  el_after_av_one_third  el_before_av_one_third  flex_column_div av-zero-column-padding  '     ><article  class='iconbox iconbox_top av-av_icon_box-4ca2d87826211c912693d5b8f9e3a9eb  avia-builder-el-7  avia-builder-el-no-sibling  main_color'  itemscope=\"itemscope\" itemtype=\"https:\/\/schema.org\/CreativeWork\" ><div class=\"iconbox_content\"><header class=\"entry-content-header\" aria-label=\"Icon: DOCUMENTS N\u00c9CESSAIRES\"><div class=\"iconbox_icon heading-color\" aria-hidden='true' data-av_icon='\ue84e' data-av_iconfont='entypo-fontello'><\/div><h3 class='iconbox_content_title '  itemprop=\"headline\" >DOCUMENTS N\u00c9CESSAIRES<\/h3><\/header><div class='iconbox_content_container '  itemprop=\"text\" ><p>Voir quels documents sont requis pour compl\u00e9ter la proc\u00e9dure de succession<\/p>\n<p><a href=\"http:\/\/www.italianinheritance.it\/fr\/documents-necessaires\/\" data-slimstat=\"5\">Liste compl\u00e8te<\/a><\/p>\n<\/div><\/div><footer class=\"entry-footer\"><\/footer><\/article><\/div><\/p>\n\n<style type=\"text\/css\" data-created_by=\"avia_inline_auto\" id=\"style-css-av-av_one_third-c8fc129dc35fd1ae2a1e410224d39ea8\">\n.flex_column.av-av_one_third-c8fc129dc35fd1ae2a1e410224d39ea8{\nborder-radius:0px 0px 0px 0px;\npadding:0px 0px 0px 0px;\n}\n<\/style>\n<div  class='flex_column av-av_one_third-c8fc129dc35fd1ae2a1e410224d39ea8 av_one_third  avia-builder-el-8  el_after_av_one_third  el_before_av_hr  flex_column_div av-zero-column-padding  '     ><article  class='iconbox iconbox_top av-av_icon_box-61099c03883ae52a0ec9c9e8dea27a12  avia-builder-el-9  avia-builder-el-no-sibling  main_color'  itemscope=\"itemscope\" itemtype=\"https:\/\/schema.org\/CreativeWork\" ><div class=\"iconbox_content\"><header class=\"entry-content-header\" aria-label=\"Icon: Contactez-nous maintenant!\"><div class=\"iconbox_icon heading-color\" aria-hidden='true' data-av_icon='\ue805' data-av_iconfont='entypo-fontello'><\/div><h3 class='iconbox_content_title '  itemprop=\"headline\" >Contactez-nous maintenant!<\/h3><\/header><div class='iconbox_content_container '  itemprop=\"text\" ><p>Contactez-nous pour toute demande via formulaire ou par\u00a0<a href=\"mailto:detulliolaw@gmail.com\" data-slimstat=\"5\">e-mail.<\/a><\/p>\n<p><a href=\"http:\/\/www.italianinheritance.it\/fr\/contact-us\/\" data-slimstat=\"5\">Contactez-nous<\/a><\/p>\n<\/div><\/div><footer class=\"entry-footer\"><\/footer><\/article><\/div>\n<div  class='hr av-av_hr-0ff602b3e980a3377077ff3c1c834df6 hr-default  avia-builder-el-10  el_after_av_one_third  el_before_av_contact '><span class='hr-inner '><span class=\"hr-inner-style\"><\/span><\/span><\/div>\n<form action=\"https:\/\/italianinheritance.co.uk\/fr\/\" method=\"post\" data-fields-with-error=\"Erreurs trouv\u00e9es dans les champs suivants :\" class=\"avia_ajax_form av-form-labels-visible   avia-builder-el-11  el_after_av_hr  avia-builder-el-last   \" data-avia-form-id=\"1\" data-avia-redirect='' ><h3 class=''>Contactez-nous.<\/h3><fieldset><p class='  first_form  form_element form_fullwidth' id='element_avia_1_1'><label for=\"avia_1_1\">Nom <abbr class=\"required\" title=\"requis(e)\">*<\/abbr><\/label> <input name=\"avia_1_1\" class=\"text_input is_empty\" type=\"text\" id=\"avia_1_1\" value=\"\" \/><\/p><p class='  first_form  form_element form_fullwidth' id='element_avia_2_1'><label for=\"avia_2_1\">E-Mail <abbr class=\"required\" title=\"requis(e)\">*<\/abbr><\/label> <input name=\"avia_2_1\" class=\"text_input is_email\" type=\"text\" id=\"avia_2_1\" value=\"\" \/><\/p><p class='  first_form  form_element form_fullwidth' id='element_avia_3_1'><label for=\"avia_3_1\" class=\"textare_label hidden textare_label_avia_3_1\">Message <abbr class=\"required\" title=\"requis(e)\">*<\/abbr><\/label><textarea  name=\"avia_3_1\" class=\"text_area is_empty\" cols=\"40\" rows=\"7\" id=\"avia_3_1\" ><\/textarea><\/p><div id='avia_4_1' class='av-form-text'><p>\nPRIVACY NOTICE:\u00a0<a href=\"http:\/\/www.italianinheritance.it\/privacy-policy\">S\u2019il vous pla\u00eet lire la d\u00e9claration<\/a><\/p>\n<\/div><p class='  first_form  form_element form_fullwidth' id='element_avia_5_1'><input  name=\"avia_5_1\" class=\"input_checkbox is_empty\" type=\"checkbox\" id=\"avia_5_1\" value=\"true\"\/><label class=\"input_checkbox_label\" for=\"avia_5_1\">J\u2019accepte le traitement de mes donn\u00e9es personnelles - r\u00e8glement (UE) 2016\/679 * <abbr class=\"required\" title=\"requis(e)\">*<\/abbr><\/label><\/p><p class=\"hidden\"><input type=\"text\" name=\"avia_6_1\" class=\"hidden \" id=\"avia_6_1\" value=\"\" \/><\/p><p class='   form_element form_fullwidth' id='element_avia_7_1'><span class='value_verifier_label'>8 + 0 = ?<\/span><input name=\"avia_7_1_verifier\" type=\"hidden\" id=\"avia_7_1_verifier\" value=\"872638115\"\/><label for=\"avia_7_1\">Merci de prouver que vous \u00eates un humain en donnant le r\u00e9sultat de cette op\u00e9ration <abbr class=\"required\" title=\"requis(e)\">*<\/abbr><\/label><input name=\"avia_7_1\" class=\"text_input captcha\" type=\"text\" id=\"avia_7_1\" value=\"\"\/><\/p><p class=\"form_element \"><input type=\"hidden\" value=\"1\" name=\"avia_generated_form1\" \/><input type=\"submit\" value=\"Envoyer!\" class=\"button\"  data-sending-label=\"Envoi\"\/><\/p><\/fieldset><\/form><div id=\"ajaxresponse_1\" class=\"ajaxresponse ajaxresponse_1 hidden\"><\/div>\n","protected":false},"excerpt":{"rendered":"","protected":false},"author":5,"featured_media":0,"parent":0,"menu_order":0,"comment_status":"closed","ping_status":"closed","template":"","meta":{"footnotes":""},"class_list":["post-183","page","type-page","status-publish","hentry"],"yoast_head":"<!-- This site is optimized with the Yoast SEO plugin v27.4 - https:\/\/yoast.com\/product\/yoast-seo-wordpress\/ -->\n<title>Italian Inheritance - independent page specialised in Italian succession<\/title>\n<meta name=\"description\" content=\"Italian Inheritance: what is Succession and how is it ruled in Italy? Is it worth drafting an Italian Will? What obligations are involved in succession?\" \/>\n<meta name=\"robots\" content=\"index, follow, max-snippet:-1, max-image-preview:large, max-video-preview:-1\" \/>\n<link rel=\"canonical\" href=\"https:\/\/italianinheritance.co.uk\/fr\/\" \/>\n<meta property=\"og:locale\" content=\"fr_FR\" \/>\n<meta property=\"og:type\" content=\"article\" \/>\n<meta property=\"og:title\" content=\"Italian Inheritance - independent page specialised in Italian succession\" \/>\n<meta property=\"og:description\" content=\"Italian Inheritance: what is Succession and how is it ruled in Italy? Is it worth drafting an Italian Will? What obligations are involved in succession?\" \/>\n<meta property=\"og:url\" content=\"https:\/\/italianinheritance.co.uk\/fr\/\" \/>\n<meta property=\"og:site_name\" content=\"Italian Inheritance\" \/>\n<meta property=\"article:modified_time\" content=\"2020-04-15T11:06:37+00:00\" \/>\n<meta name=\"twitter:card\" content=\"summary_large_image\" \/>\n<meta name=\"twitter:label1\" content=\"Dur\u00e9e de lecture estim\u00e9e\" \/>\n\t<meta name=\"twitter:data1\" content=\"6 minutes\" \/>\n<script type=\"application\/ld+json\" class=\"yoast-schema-graph\">{\"@context\":\"https:\\\/\\\/schema.org\",\"@graph\":[{\"@type\":\"WebPage\",\"@id\":\"https:\\\/\\\/italianinheritance.co.uk\\\/fr\\\/\",\"url\":\"https:\\\/\\\/italianinheritance.co.uk\\\/fr\\\/\",\"name\":\"Italian Inheritance - independent page specialised in Italian succession\",\"isPartOf\":{\"@id\":\"https:\\\/\\\/italianinheritance.co.uk\\\/fr\\\/#website\"},\"datePublished\":\"2012-06-20T21:05:51+00:00\",\"dateModified\":\"2020-04-15T11:06:37+00:00\",\"description\":\"Italian Inheritance: what is Succession and how is it ruled in Italy? Is it worth drafting an Italian Will? What obligations are involved in succession?\",\"breadcrumb\":{\"@id\":\"https:\\\/\\\/italianinheritance.co.uk\\\/fr\\\/#breadcrumb\"},\"inLanguage\":\"fr-FR\",\"potentialAction\":[{\"@type\":\"ReadAction\",\"target\":[\"https:\\\/\\\/italianinheritance.co.uk\\\/fr\\\/\"]}]},{\"@type\":\"BreadcrumbList\",\"@id\":\"https:\\\/\\\/italianinheritance.co.uk\\\/fr\\\/#breadcrumb\",\"itemListElement\":[{\"@type\":\"ListItem\",\"position\":1,\"name\":\"Home\",\"item\":\"https:\\\/\\\/italianinheritance.co.uk\\\/fr\\\/\"},{\"@type\":\"ListItem\",\"position\":2,\"name\":\"Home\"}]},{\"@type\":\"WebSite\",\"@id\":\"https:\\\/\\\/italianinheritance.co.uk\\\/fr\\\/#website\",\"url\":\"https:\\\/\\\/italianinheritance.co.uk\\\/fr\\\/\",\"name\":\"Italian Inheritance\",\"description\":\"\",\"potentialAction\":[{\"@type\":\"SearchAction\",\"target\":{\"@type\":\"EntryPoint\",\"urlTemplate\":\"https:\\\/\\\/italianinheritance.co.uk\\\/fr\\\/?s={search_term_string}\"},\"query-input\":{\"@type\":\"PropertyValueSpecification\",\"valueRequired\":true,\"valueName\":\"search_term_string\"}}],\"inLanguage\":\"fr-FR\"}]}<\/script>\n<!-- \/ Yoast SEO plugin. -->","yoast_head_json":{"title":"Italian Inheritance - independent page specialised in Italian succession","description":"Italian Inheritance: what is Succession and how is it ruled in Italy? Is it worth drafting an Italian Will? What obligations are involved in succession?","robots":{"index":"index","follow":"follow","max-snippet":"max-snippet:-1","max-image-preview":"max-image-preview:large","max-video-preview":"max-video-preview:-1"},"canonical":"https:\/\/italianinheritance.co.uk\/fr\/","og_locale":"fr_FR","og_type":"article","og_title":"Italian Inheritance - independent page specialised in Italian succession","og_description":"Italian Inheritance: what is Succession and how is it ruled in Italy? Is it worth drafting an Italian Will? What obligations are involved in succession?","og_url":"https:\/\/italianinheritance.co.uk\/fr\/","og_site_name":"Italian Inheritance","article_modified_time":"2020-04-15T11:06:37+00:00","twitter_card":"summary_large_image","twitter_misc":{"Dur\u00e9e de lecture estim\u00e9e":"6 minutes"},"schema":{"@context":"https:\/\/schema.org","@graph":[{"@type":"WebPage","@id":"https:\/\/italianinheritance.co.uk\/fr\/","url":"https:\/\/italianinheritance.co.uk\/fr\/","name":"Italian Inheritance - independent page specialised in Italian succession","isPartOf":{"@id":"https:\/\/italianinheritance.co.uk\/fr\/#website"},"datePublished":"2012-06-20T21:05:51+00:00","dateModified":"2020-04-15T11:06:37+00:00","description":"Italian Inheritance: what is Succession and how is it ruled in Italy? Is it worth drafting an Italian Will? What obligations are involved in succession?","breadcrumb":{"@id":"https:\/\/italianinheritance.co.uk\/fr\/#breadcrumb"},"inLanguage":"fr-FR","potentialAction":[{"@type":"ReadAction","target":["https:\/\/italianinheritance.co.uk\/fr\/"]}]},{"@type":"BreadcrumbList","@id":"https:\/\/italianinheritance.co.uk\/fr\/#breadcrumb","itemListElement":[{"@type":"ListItem","position":1,"name":"Home","item":"https:\/\/italianinheritance.co.uk\/fr\/"},{"@type":"ListItem","position":2,"name":"Home"}]},{"@type":"WebSite","@id":"https:\/\/italianinheritance.co.uk\/fr\/#website","url":"https:\/\/italianinheritance.co.uk\/fr\/","name":"Italian Inheritance","description":"","potentialAction":[{"@type":"SearchAction","target":{"@type":"EntryPoint","urlTemplate":"https:\/\/italianinheritance.co.uk\/fr\/?s={search_term_string}"},"query-input":{"@type":"PropertyValueSpecification","valueRequired":true,"valueName":"search_term_string"}}],"inLanguage":"fr-FR"}]}},"_links":{"self":[{"href":"https:\/\/italianinheritance.co.uk\/fr\/wp-json\/wp\/v2\/pages\/183","targetHints":{"allow":["GET"]}}],"collection":[{"href":"https:\/\/italianinheritance.co.uk\/fr\/wp-json\/wp\/v2\/pages"}],"about":[{"href":"https:\/\/italianinheritance.co.uk\/fr\/wp-json\/wp\/v2\/types\/page"}],"author":[{"embeddable":true,"href":"https:\/\/italianinheritance.co.uk\/fr\/wp-json\/wp\/v2\/users\/5"}],"replies":[{"embeddable":true,"href":"https:\/\/italianinheritance.co.uk\/fr\/wp-json\/wp\/v2\/comments?post=183"}],"version-history":[{"count":21,"href":"https:\/\/italianinheritance.co.uk\/fr\/wp-json\/wp\/v2\/pages\/183\/revisions"}],"predecessor-version":[{"id":5505,"href":"https:\/\/italianinheritance.co.uk\/fr\/wp-json\/wp\/v2\/pages\/183\/revisions\/5505"}],"wp:attachment":[{"href":"https:\/\/italianinheritance.co.uk\/fr\/wp-json\/wp\/v2\/media?parent=183"}],"curies":[{"name":"wp","href":"https:\/\/api.w.org\/{rel}","templated":true}]}}