{"id":186,"date":"2012-11-15T23:35:24","date_gmt":"2012-11-15T23:35:24","guid":{"rendered":"http:\/\/www.italianinheritance.it\/?page_id=186"},"modified":"2012-11-15T23:35:24","modified_gmt":"2012-11-15T23:35:24","slug":"documents-necessaires","status":"publish","type":"page","link":"https:\/\/italianinheritance.co.uk\/fr\/documents-necessaires\/","title":{"rendered":"Documents n\u00e9cessaires"},"content":{"rendered":"<p>La premi\u00e8re chose \u00e0 faire apr\u00e8s un d\u00e9c\u00e8s, c\u2019est de recueillir tous les documents n\u00e9cessaires pour faire les d\u00e9marches de succession et compl\u00e9ter la \u00ab D\u00e9claration de succession \u00bb (vous pouvez vous reporter \u00e0 la page sp\u00e9cifique pour obtenir plus d\u2019informations \u00e0 ce sujet). En g\u00e9n\u00e9ral, les documents suivants sont requis pour la proc\u00e9dure de succession:<\/p>\n<ul>\n<li>Acte de d\u00e9c\u00e8s: c\u2019est le document d\u00e9livr\u00e9 par les autorit\u00e9s comp\u00e9tentes, c&rsquo;est-\u00e0-dire par le bureau de l\u2019\u00e9tat civil de la mairie de r\u00e9sidence. L&rsquo;acte de d\u00e9c\u00e8s confirme la date, le lieu et la cause de la mort d&rsquo;une personne, tels qu\u2019enregistr\u00e9s dans un registre officiel des personnes d\u00e9c\u00e9d\u00e9es. Pour d\u00e9livrer l\u2019acte de d\u00e9c\u00e8s, les autorit\u00e9s comp\u00e9tentes demandent une copie de la carte d\u2019identit\u00e9 et du code fiscal du d\u00e9funt. Il sera aussi n\u00e9cessaire de fournir la carte d\u2019identit\u00e9 et le code fiscal du requ\u00e9rant.     <\/li>\n<li>Attestation concernant la situation de famille du d\u00e9funt: c\u2019est un acte public o\u00f9 un d\u00e9clarant fournit une d\u00e9claration en la pr\u00e9sence de t\u00e9moins \u00e0 propos de l\u2019arbre g\u00e9n\u00e9alogique du d\u00e9funt, de fa\u00e7on \u00e0 identifier les membres de la famille qui pourraient \u00eatre impliqu\u00e9s dans la proc\u00e9dure de succession.  <\/li>\n<li>Titres de propri\u00e9t\u00e9s relatifs \u00e0 l\u2019achat de b\u00e2timents ou de terrains et tout autre document concernant modifications ou travaux (\u00e9largissements et extensions, actes de r\u00e9gularisation, projets, morcellements)<\/li>\n<li>Certificat de famille du d\u00e9funt : c\u2019est le document d\u00e9livr\u00e9 par le bureau de l\u2019\u00e9tat civil et\/ou le registre de l&rsquo;\u00e9tat civil de la mairie de r\u00e9sidence du d\u00e9funt. Grace \u00e0 ce document on peut  d\u00e9montrer l\u2019identit\u00e9 et la qualification du\/des h\u00e9ritier\/s l\u00e9gitime\/s. Il contient les renseignements concernant toute la famille, et fournit les noms, les liens de parent\u00e9s, les dates et les lieux de naissance de chaque membre de la famille, souvent m\u00eame de ceux qui ne font plus partie du noyau familial ou qui sont d\u00e9c\u00e9d\u00e9es. <\/li>\n<\/ul>\n<p>Il y a deux genres de proc\u00e9dure de succession qui peuvent \u00eatre entreprises: <\/p>\n<ul>\n<li>succession l\u00e9gitime (appel\u00e9e \u00e9galement \u201csuccession ab intestat\u201d) qui est r\u00e9glement\u00e9e conform\u00e9ment \u00e0 la loi concernant l\u2019absence de dispositions testamentaires de la part du d\u00e9funt;<\/li>\n<li>succession testamentaire: r\u00e9glement\u00e9e en fonction des dispositions continues dans un testament l\u00e9gal qui est conforme aux r\u00e9glements en vigueur<\/li>\n<\/ul>\n","protected":false},"excerpt":{"rendered":"<p>La premi\u00e8re chose \u00e0 faire apr\u00e8s un d\u00e9c\u00e8s, c\u2019est de recueillir tous les documents n\u00e9cessaires pour faire les d\u00e9marches de succession et compl\u00e9ter la \u00ab D\u00e9claration de succession \u00bb (vous pouvez vous reporter \u00e0 la page sp\u00e9cifique pour obtenir plus d\u2019informations \u00e0 ce sujet). En g\u00e9n\u00e9ral, les documents suivants sont requis pour la proc\u00e9dure de [&hellip;]<\/p>\n","protected":false},"author":5,"featured_media":0,"parent":0,"menu_order":0,"comment_status":"closed","ping_status":"closed","template":"","meta":{"footnotes":""},"class_list":["post-186","page","type-page","status-publish","hentry"],"yoast_head":"<!-- This site is optimized with the Yoast SEO plugin v27.3 - https:\/\/yoast.com\/product\/yoast-seo-wordpress\/ -->\n<title>Documents n\u00e9cessaires - Italian Inheritance<\/title>\n<meta name=\"robots\" content=\"index, follow, max-snippet:-1, max-image-preview:large, max-video-preview:-1\" \/>\n<link rel=\"canonical\" href=\"https:\/\/italianinheritance.co.uk\/fr\/documents-necessaires\/\" \/>\n<meta property=\"og:locale\" content=\"fr_FR\" \/>\n<meta property=\"og:type\" content=\"article\" \/>\n<meta property=\"og:title\" content=\"Documents n\u00e9cessaires - Italian Inheritance\" \/>\n<meta property=\"og:description\" content=\"La premi\u00e8re chose \u00e0 faire apr\u00e8s un d\u00e9c\u00e8s, c\u2019est de recueillir tous les documents n\u00e9cessaires pour faire les d\u00e9marches de succession et compl\u00e9ter la \u00ab D\u00e9claration de succession \u00bb (vous pouvez vous reporter \u00e0 la page sp\u00e9cifique pour obtenir plus d\u2019informations \u00e0 ce sujet). En g\u00e9n\u00e9ral, les documents suivants sont requis pour la proc\u00e9dure de [&hellip;]\" \/>\n<meta property=\"og:url\" content=\"https:\/\/italianinheritance.co.uk\/fr\/documents-necessaires\/\" \/>\n<meta property=\"og:site_name\" content=\"Italian Inheritance\" \/>\n<meta name=\"twitter:card\" content=\"summary_large_image\" \/>\n<meta name=\"twitter:label1\" content=\"Dur\u00e9e de lecture estim\u00e9e\" \/>\n\t<meta name=\"twitter:data1\" content=\"2 minutes\" \/>\n<script type=\"application\/ld+json\" class=\"yoast-schema-graph\">{\"@context\":\"https:\\\/\\\/schema.org\",\"@graph\":[{\"@type\":\"WebPage\",\"@id\":\"https:\\\/\\\/italianinheritance.co.uk\\\/fr\\\/documents-necessaires\\\/\",\"url\":\"https:\\\/\\\/italianinheritance.co.uk\\\/fr\\\/documents-necessaires\\\/\",\"name\":\"Documents n\u00e9cessaires - Italian Inheritance\",\"isPartOf\":{\"@id\":\"https:\\\/\\\/italianinheritance.co.uk\\\/fr\\\/#website\"},\"datePublished\":\"2012-11-15T23:35:24+00:00\",\"breadcrumb\":{\"@id\":\"https:\\\/\\\/italianinheritance.co.uk\\\/fr\\\/documents-necessaires\\\/#breadcrumb\"},\"inLanguage\":\"fr-FR\",\"potentialAction\":[{\"@type\":\"ReadAction\",\"target\":[\"https:\\\/\\\/italianinheritance.co.uk\\\/fr\\\/documents-necessaires\\\/\"]}]},{\"@type\":\"BreadcrumbList\",\"@id\":\"https:\\\/\\\/italianinheritance.co.uk\\\/fr\\\/documents-necessaires\\\/#breadcrumb\",\"itemListElement\":[{\"@type\":\"ListItem\",\"position\":1,\"name\":\"Home\",\"item\":\"https:\\\/\\\/italianinheritance.co.uk\\\/fr\\\/\"},{\"@type\":\"ListItem\",\"position\":2,\"name\":\"Documents n\u00e9cessaires\"}]},{\"@type\":\"WebSite\",\"@id\":\"https:\\\/\\\/italianinheritance.co.uk\\\/fr\\\/#website\",\"url\":\"https:\\\/\\\/italianinheritance.co.uk\\\/fr\\\/\",\"name\":\"Italian Inheritance\",\"description\":\"\",\"potentialAction\":[{\"@type\":\"SearchAction\",\"target\":{\"@type\":\"EntryPoint\",\"urlTemplate\":\"https:\\\/\\\/italianinheritance.co.uk\\\/fr\\\/?s={search_term_string}\"},\"query-input\":{\"@type\":\"PropertyValueSpecification\",\"valueRequired\":true,\"valueName\":\"search_term_string\"}}],\"inLanguage\":\"fr-FR\"}]}<\/script>\n<!-- \/ Yoast SEO plugin. -->","yoast_head_json":{"title":"Documents n\u00e9cessaires - Italian Inheritance","robots":{"index":"index","follow":"follow","max-snippet":"max-snippet:-1","max-image-preview":"max-image-preview:large","max-video-preview":"max-video-preview:-1"},"canonical":"https:\/\/italianinheritance.co.uk\/fr\/documents-necessaires\/","og_locale":"fr_FR","og_type":"article","og_title":"Documents n\u00e9cessaires - Italian Inheritance","og_description":"La premi\u00e8re chose \u00e0 faire apr\u00e8s un d\u00e9c\u00e8s, c\u2019est de recueillir tous les documents n\u00e9cessaires pour faire les d\u00e9marches de succession et compl\u00e9ter la \u00ab D\u00e9claration de succession \u00bb (vous pouvez vous reporter \u00e0 la page sp\u00e9cifique pour obtenir plus d\u2019informations \u00e0 ce sujet). En g\u00e9n\u00e9ral, les documents suivants sont requis pour la proc\u00e9dure de [&hellip;]","og_url":"https:\/\/italianinheritance.co.uk\/fr\/documents-necessaires\/","og_site_name":"Italian Inheritance","twitter_card":"summary_large_image","twitter_misc":{"Dur\u00e9e de lecture estim\u00e9e":"2 minutes"},"schema":{"@context":"https:\/\/schema.org","@graph":[{"@type":"WebPage","@id":"https:\/\/italianinheritance.co.uk\/fr\/documents-necessaires\/","url":"https:\/\/italianinheritance.co.uk\/fr\/documents-necessaires\/","name":"Documents n\u00e9cessaires - Italian Inheritance","isPartOf":{"@id":"https:\/\/italianinheritance.co.uk\/fr\/#website"},"datePublished":"2012-11-15T23:35:24+00:00","breadcrumb":{"@id":"https:\/\/italianinheritance.co.uk\/fr\/documents-necessaires\/#breadcrumb"},"inLanguage":"fr-FR","potentialAction":[{"@type":"ReadAction","target":["https:\/\/italianinheritance.co.uk\/fr\/documents-necessaires\/"]}]},{"@type":"BreadcrumbList","@id":"https:\/\/italianinheritance.co.uk\/fr\/documents-necessaires\/#breadcrumb","itemListElement":[{"@type":"ListItem","position":1,"name":"Home","item":"https:\/\/italianinheritance.co.uk\/fr\/"},{"@type":"ListItem","position":2,"name":"Documents n\u00e9cessaires"}]},{"@type":"WebSite","@id":"https:\/\/italianinheritance.co.uk\/fr\/#website","url":"https:\/\/italianinheritance.co.uk\/fr\/","name":"Italian Inheritance","description":"","potentialAction":[{"@type":"SearchAction","target":{"@type":"EntryPoint","urlTemplate":"https:\/\/italianinheritance.co.uk\/fr\/?s={search_term_string}"},"query-input":{"@type":"PropertyValueSpecification","valueRequired":true,"valueName":"search_term_string"}}],"inLanguage":"fr-FR"}]}},"_links":{"self":[{"href":"https:\/\/italianinheritance.co.uk\/fr\/wp-json\/wp\/v2\/pages\/186","targetHints":{"allow":["GET"]}}],"collection":[{"href":"https:\/\/italianinheritance.co.uk\/fr\/wp-json\/wp\/v2\/pages"}],"about":[{"href":"https:\/\/italianinheritance.co.uk\/fr\/wp-json\/wp\/v2\/types\/page"}],"author":[{"embeddable":true,"href":"https:\/\/italianinheritance.co.uk\/fr\/wp-json\/wp\/v2\/users\/5"}],"replies":[{"embeddable":true,"href":"https:\/\/italianinheritance.co.uk\/fr\/wp-json\/wp\/v2\/comments?post=186"}],"version-history":[{"count":1,"href":"https:\/\/italianinheritance.co.uk\/fr\/wp-json\/wp\/v2\/pages\/186\/revisions"}],"predecessor-version":[{"id":187,"href":"https:\/\/italianinheritance.co.uk\/fr\/wp-json\/wp\/v2\/pages\/186\/revisions\/187"}],"wp:attachment":[{"href":"https:\/\/italianinheritance.co.uk\/fr\/wp-json\/wp\/v2\/media?parent=186"}],"curies":[{"name":"wp","href":"https:\/\/api.w.org\/{rel}","templated":true}]}}