{"id":190,"date":"2012-11-15T23:40:56","date_gmt":"2012-11-15T23:40:56","guid":{"rendered":"http:\/\/www.italianinheritance.it\/?page_id=190"},"modified":"2012-11-15T23:40:56","modified_gmt":"2012-11-15T23:40:56","slug":"ajournements-recents-de-la-loi-de-succession-europenne","status":"publish","type":"page","link":"https:\/\/italianinheritance.co.uk\/fr\/ajournements-recents-de-la-loi-de-succession-europenne\/","title":{"rendered":"Ajournements r\u00e9cents de la loi de succession europ\u00e9enne"},"content":{"rendered":"<p>Au bout de plusieurs ann\u00e9es de pourparlers, le Parlement europ\u00e9en a \u00e9mis le R\u00e8glement communautaire 650\/2012 \u201crelatif \u00e0 la comp\u00e9tence, la loi applicable, la reconnaissance et l\u2019ex\u00e9cution des d\u00e9cisions, et l\u2019acceptation et l\u2019ex\u00e9cution des actes authentiques en mati\u00e8re de successions et \u00e0 la cr\u00e9ation d&rsquo;un certificat successoral europ\u00e9en \u201d, adopt\u00e9 le 4 juillet 2012. <\/p>\n<p>Le principe sur lequel est bas\u00e9 le r\u00e8glement est de faciliter la libert\u00e9 de mouvements de personnes \u00e0 l\u2019int\u00e9rieur de l\u2019Union Europ\u00e9enne, en \u00e9liminant les obstacles se pr\u00e9sentant dans le cas de successions transfrontali\u00e8res. En particulier il offre la certitude de la loi qui va r\u00e9gler la succession et donne la possibilit\u00e9 aux gens de choisir la loi qui doit r\u00e9glementer leur succession. Le r\u00e8glement sera adopt\u00e9 aussi bien pour les successions testamentaires que pour les successions intestat (quand il n&rsquo;y a pas de testament). Il y a des aspects qui ne sont pas compris, comme par exemple la taxation. <\/p>\n<p>Le r\u00e8glement est bas\u00e9 sur un principe g\u00e9n\u00e9ral : la  loi  applicable \u00e0 la succession en g\u00e9n\u00e9ral est la loi de l\u2019\u00e9tat o\u00f9 le d\u00e9funt a sa r\u00e9sidence  habituelle au moment de son d\u00e9c\u00e8s, \u00e0 moins que (avant sa mort) il ne choisisse l\u2019application de la loi d\u2019un autre \u00e9tat. La r\u00e9sidence habituelle devrait \u00eatre \u00e9tablie dans le cas de relation stable et proche avec l\u2019\u00e9tat de r\u00e9f\u00e9rence, au bout d\u2019une \u00e9valuation de nombreuses circonstances de la vie du d\u00e9funt pendant les derni\u00e8res ann\u00e9es de sa vie et au moment de son d\u00e9c\u00e8s prenant en consid\u00e9ration, par exemple, la dur\u00e9e de sa pr\u00e9sence dans l\u2019\u00e9tat de r\u00e9f\u00e9rence et les raisons de cette pr\u00e9sence.<br \/>\nPour finir, le nouveau r\u00e8glement institue le certificat  successoral  europ\u00e9en qui facilitera les proc\u00e9dures de reconnaissance des droits des h\u00e9ritiers dans les autres \u00e9tats membres ou m\u00eame le travail d\u2019un ex\u00e9cuteur testamentaire qui peut ainsi exercer ses pouvoirs m\u00eame dans d\u2019autres \u00e9tats membres.  <\/p>\n<p>Il sera possible d&rsquo;utiliser le nouveau Certificat pour d\u00e9montrer: <\/p>\n<ul>\n<li>le statut et les droits de chaque h\u00e9ritier mentionn\u00e9 dans le certificat et la part de biens \u00e0 h\u00e9riter;<\/li>\n<li>l&rsquo;attribution d&rsquo;une partie de la propri\u00e9t\u00e9 sp\u00e9cifique des biens \u00e0 h\u00e9riter aux h\u00e9ritiers mentionn\u00e9s dans le certificat;<\/li>\n<li>l\u2019autorit\u00e9 de la personne mentionn\u00e9e dans le certificat qui va assurer l\u2019ex\u00e9cution du testament et g\u00e9rer les biens.<\/li>\n<\/ul>\n<p>Le r\u00e8glement sera appliqu\u00e9 aux successions des personnes mortes apr\u00e8s le 17 ao\u00fbt 2015. De toute fa\u00e7on il y aura des provisions transitives selon lesquelles si une personne choisit la loi de succession avant le 17 ao\u00fbt 2015, ce choix peut \u00eatre valable s\u2019il est conforme aux dispositions du r\u00e8glement. <\/p>\n<p>Le r\u00e8glement repr\u00e9sente une obligation pour tous les 27 \u00e9tats membres sauf le Royaume-Uni, l\u2019Irlande et le Danemark, m\u00eame si Royaume-Uni et l\u2019Irlande auront la possibilit\u00e9 de s\u2019y conformer \u00e0 l\u2019avenir.<\/p>\n","protected":false},"excerpt":{"rendered":"<p>Au bout de plusieurs ann\u00e9es de pourparlers, le Parlement europ\u00e9en a \u00e9mis le R\u00e8glement communautaire 650\/2012 \u201crelatif \u00e0 la comp\u00e9tence, la loi applicable, la reconnaissance et l\u2019ex\u00e9cution des d\u00e9cisions, et l\u2019acceptation et l\u2019ex\u00e9cution des actes authentiques en mati\u00e8re de successions et \u00e0 la cr\u00e9ation d&rsquo;un certificat successoral europ\u00e9en \u201d, adopt\u00e9 le 4 juillet 2012. Le [&hellip;]<\/p>\n","protected":false},"author":5,"featured_media":0,"parent":0,"menu_order":0,"comment_status":"closed","ping_status":"closed","template":"","meta":{"footnotes":""},"class_list":["post-190","page","type-page","status-publish","hentry"],"yoast_head":"<!-- This site is optimized with the Yoast SEO plugin v27.3 - https:\/\/yoast.com\/product\/yoast-seo-wordpress\/ -->\n<title>Ajournements r\u00e9cents de la loi de succession europ\u00e9enne  - Italian Inheritance<\/title>\n<meta name=\"robots\" content=\"index, follow, max-snippet:-1, max-image-preview:large, max-video-preview:-1\" \/>\n<link rel=\"canonical\" href=\"https:\/\/italianinheritance.co.uk\/fr\/ajournements-recents-de-la-loi-de-succession-europenne\/\" \/>\n<meta property=\"og:locale\" content=\"fr_FR\" \/>\n<meta property=\"og:type\" content=\"article\" \/>\n<meta property=\"og:title\" content=\"Ajournements r\u00e9cents de la loi de succession europ\u00e9enne  - Italian Inheritance\" \/>\n<meta property=\"og:description\" content=\"Au bout de plusieurs ann\u00e9es de pourparlers, le Parlement europ\u00e9en a \u00e9mis le R\u00e8glement communautaire 650\/2012 \u201crelatif \u00e0 la comp\u00e9tence, la loi applicable, la reconnaissance et l\u2019ex\u00e9cution des d\u00e9cisions, et l\u2019acceptation et l\u2019ex\u00e9cution des actes authentiques en mati\u00e8re de successions et \u00e0 la cr\u00e9ation d&rsquo;un certificat successoral europ\u00e9en \u201d, adopt\u00e9 le 4 juillet 2012. Le [&hellip;]\" \/>\n<meta property=\"og:url\" content=\"https:\/\/italianinheritance.co.uk\/fr\/ajournements-recents-de-la-loi-de-succession-europenne\/\" \/>\n<meta property=\"og:site_name\" content=\"Italian Inheritance\" \/>\n<meta name=\"twitter:card\" content=\"summary_large_image\" \/>\n<meta name=\"twitter:label1\" content=\"Dur\u00e9e de lecture estim\u00e9e\" \/>\n\t<meta name=\"twitter:data1\" content=\"3 minutes\" \/>\n<script type=\"application\/ld+json\" class=\"yoast-schema-graph\">{\"@context\":\"https:\\\/\\\/schema.org\",\"@graph\":[{\"@type\":\"WebPage\",\"@id\":\"https:\\\/\\\/italianinheritance.co.uk\\\/fr\\\/ajournements-recents-de-la-loi-de-succession-europenne\\\/\",\"url\":\"https:\\\/\\\/italianinheritance.co.uk\\\/fr\\\/ajournements-recents-de-la-loi-de-succession-europenne\\\/\",\"name\":\"Ajournements r\u00e9cents de la loi de succession europ\u00e9enne - Italian Inheritance\",\"isPartOf\":{\"@id\":\"https:\\\/\\\/italianinheritance.co.uk\\\/fr\\\/#website\"},\"datePublished\":\"2012-11-15T23:40:56+00:00\",\"breadcrumb\":{\"@id\":\"https:\\\/\\\/italianinheritance.co.uk\\\/fr\\\/ajournements-recents-de-la-loi-de-succession-europenne\\\/#breadcrumb\"},\"inLanguage\":\"fr-FR\",\"potentialAction\":[{\"@type\":\"ReadAction\",\"target\":[\"https:\\\/\\\/italianinheritance.co.uk\\\/fr\\\/ajournements-recents-de-la-loi-de-succession-europenne\\\/\"]}]},{\"@type\":\"BreadcrumbList\",\"@id\":\"https:\\\/\\\/italianinheritance.co.uk\\\/fr\\\/ajournements-recents-de-la-loi-de-succession-europenne\\\/#breadcrumb\",\"itemListElement\":[{\"@type\":\"ListItem\",\"position\":1,\"name\":\"Home\",\"item\":\"https:\\\/\\\/italianinheritance.co.uk\\\/fr\\\/\"},{\"@type\":\"ListItem\",\"position\":2,\"name\":\"Ajournements r\u00e9cents de la loi de succession europ\u00e9enne\"}]},{\"@type\":\"WebSite\",\"@id\":\"https:\\\/\\\/italianinheritance.co.uk\\\/fr\\\/#website\",\"url\":\"https:\\\/\\\/italianinheritance.co.uk\\\/fr\\\/\",\"name\":\"Italian Inheritance\",\"description\":\"\",\"potentialAction\":[{\"@type\":\"SearchAction\",\"target\":{\"@type\":\"EntryPoint\",\"urlTemplate\":\"https:\\\/\\\/italianinheritance.co.uk\\\/fr\\\/?s={search_term_string}\"},\"query-input\":{\"@type\":\"PropertyValueSpecification\",\"valueRequired\":true,\"valueName\":\"search_term_string\"}}],\"inLanguage\":\"fr-FR\"}]}<\/script>\n<!-- \/ Yoast SEO plugin. -->","yoast_head_json":{"title":"Ajournements r\u00e9cents de la loi de succession europ\u00e9enne  - Italian Inheritance","robots":{"index":"index","follow":"follow","max-snippet":"max-snippet:-1","max-image-preview":"max-image-preview:large","max-video-preview":"max-video-preview:-1"},"canonical":"https:\/\/italianinheritance.co.uk\/fr\/ajournements-recents-de-la-loi-de-succession-europenne\/","og_locale":"fr_FR","og_type":"article","og_title":"Ajournements r\u00e9cents de la loi de succession europ\u00e9enne  - Italian Inheritance","og_description":"Au bout de plusieurs ann\u00e9es de pourparlers, le Parlement europ\u00e9en a \u00e9mis le R\u00e8glement communautaire 650\/2012 \u201crelatif \u00e0 la comp\u00e9tence, la loi applicable, la reconnaissance et l\u2019ex\u00e9cution des d\u00e9cisions, et l\u2019acceptation et l\u2019ex\u00e9cution des actes authentiques en mati\u00e8re de successions et \u00e0 la cr\u00e9ation d&rsquo;un certificat successoral europ\u00e9en \u201d, adopt\u00e9 le 4 juillet 2012. Le [&hellip;]","og_url":"https:\/\/italianinheritance.co.uk\/fr\/ajournements-recents-de-la-loi-de-succession-europenne\/","og_site_name":"Italian Inheritance","twitter_card":"summary_large_image","twitter_misc":{"Dur\u00e9e de lecture estim\u00e9e":"3 minutes"},"schema":{"@context":"https:\/\/schema.org","@graph":[{"@type":"WebPage","@id":"https:\/\/italianinheritance.co.uk\/fr\/ajournements-recents-de-la-loi-de-succession-europenne\/","url":"https:\/\/italianinheritance.co.uk\/fr\/ajournements-recents-de-la-loi-de-succession-europenne\/","name":"Ajournements r\u00e9cents de la loi de succession europ\u00e9enne - Italian Inheritance","isPartOf":{"@id":"https:\/\/italianinheritance.co.uk\/fr\/#website"},"datePublished":"2012-11-15T23:40:56+00:00","breadcrumb":{"@id":"https:\/\/italianinheritance.co.uk\/fr\/ajournements-recents-de-la-loi-de-succession-europenne\/#breadcrumb"},"inLanguage":"fr-FR","potentialAction":[{"@type":"ReadAction","target":["https:\/\/italianinheritance.co.uk\/fr\/ajournements-recents-de-la-loi-de-succession-europenne\/"]}]},{"@type":"BreadcrumbList","@id":"https:\/\/italianinheritance.co.uk\/fr\/ajournements-recents-de-la-loi-de-succession-europenne\/#breadcrumb","itemListElement":[{"@type":"ListItem","position":1,"name":"Home","item":"https:\/\/italianinheritance.co.uk\/fr\/"},{"@type":"ListItem","position":2,"name":"Ajournements r\u00e9cents de la loi de succession europ\u00e9enne"}]},{"@type":"WebSite","@id":"https:\/\/italianinheritance.co.uk\/fr\/#website","url":"https:\/\/italianinheritance.co.uk\/fr\/","name":"Italian Inheritance","description":"","potentialAction":[{"@type":"SearchAction","target":{"@type":"EntryPoint","urlTemplate":"https:\/\/italianinheritance.co.uk\/fr\/?s={search_term_string}"},"query-input":{"@type":"PropertyValueSpecification","valueRequired":true,"valueName":"search_term_string"}}],"inLanguage":"fr-FR"}]}},"_links":{"self":[{"href":"https:\/\/italianinheritance.co.uk\/fr\/wp-json\/wp\/v2\/pages\/190","targetHints":{"allow":["GET"]}}],"collection":[{"href":"https:\/\/italianinheritance.co.uk\/fr\/wp-json\/wp\/v2\/pages"}],"about":[{"href":"https:\/\/italianinheritance.co.uk\/fr\/wp-json\/wp\/v2\/types\/page"}],"author":[{"embeddable":true,"href":"https:\/\/italianinheritance.co.uk\/fr\/wp-json\/wp\/v2\/users\/5"}],"replies":[{"embeddable":true,"href":"https:\/\/italianinheritance.co.uk\/fr\/wp-json\/wp\/v2\/comments?post=190"}],"version-history":[{"count":1,"href":"https:\/\/italianinheritance.co.uk\/fr\/wp-json\/wp\/v2\/pages\/190\/revisions"}],"predecessor-version":[{"id":191,"href":"https:\/\/italianinheritance.co.uk\/fr\/wp-json\/wp\/v2\/pages\/190\/revisions\/191"}],"wp:attachment":[{"href":"https:\/\/italianinheritance.co.uk\/fr\/wp-json\/wp\/v2\/media?parent=190"}],"curies":[{"name":"wp","href":"https:\/\/api.w.org\/{rel}","templated":true}]}}