{"id":206,"date":"2012-10-14T18:14:50","date_gmt":"2012-10-14T18:14:50","guid":{"rendered":"http:\/\/www.italianinheritance.it\/?page_id=206"},"modified":"2020-04-15T12:10:20","modified_gmt":"2020-04-15T11:10:20","slug":"succession-law-and-marital-status","status":"publish","type":"page","link":"https:\/\/italianinheritance.co.uk\/fr\/succession-law-and-marital-status\/","title":{"rendered":"Loi de succession et \u00e9tat matrimonial"},"content":{"rendered":"<div id='av_section_1'  class='avia-section av-av_section-2dcda1862a94bb522b437cf4f29dd74d main_color avia-section-default avia-no-shadow  avia-builder-el-0  el_before_av_one_full  avia-builder-el-first  avia-bg-style-scroll container_wrap sidebar_right'  ><div class='container av-section-cont-open' ><main  role=\"main\" itemprop=\"mainContentOfPage\"  class='template-page content  av-content-small alpha units'><div class='post-entry post-entry-type-page post-entry-206'><div class='entry-content-wrapper clearfix'><\/div><\/div><\/main><!-- close content main element --><\/div><\/div><div id='after_section_1'  class='main_color av_default_container_wrap container_wrap sidebar_right'  ><div class='container av-section-cont-open' ><div class='template-page content  av-content-small alpha units'><div class='post-entry post-entry-type-page post-entry-206'><div class='entry-content-wrapper clearfix'>\n\n<style type=\"text\/css\" data-created_by=\"avia_inline_auto\" id=\"style-css-av-av_one_full-e447ad8281eb6ecca8cc7dd56383412d\">\n.flex_column.av-av_one_full-e447ad8281eb6ecca8cc7dd56383412d{\nborder-radius:0px 0px 0px 0px;\npadding:0px 0px 0px 0px;\n}\n<\/style>\n<div  class='flex_column av-av_one_full-e447ad8281eb6ecca8cc7dd56383412d av_one_full  avia-builder-el-1  el_after_av_section  el_before_av_hr  avia-builder-el-first  first flex_column_div av-zero-column-padding avia-full-contain  '     ><style type=\"text\/css\" data-created_by=\"avia_inline_auto\" id=\"style-css-av-av_textblock-3de333fb55a75c07de9d7c9e1dc21319\">\n#top .av_textblock_section.av-av_textblock-3de333fb55a75c07de9d7c9e1dc21319 .avia_textblock{\ncolor:#000000;\n}\n<\/style>\n<section  class='av_textblock_section av-av_textblock-3de333fb55a75c07de9d7c9e1dc21319 '   itemscope=\"itemscope\" itemtype=\"https:\/\/schema.org\/CreativeWork\" ><div class='avia_textblock av_inherit_color'  itemprop=\"text\" ><h1>Loi de succession et \u00e9tat matrimonial<\/h1>\n<p><strong>A propos de mariage et d\u2019unions libres<\/strong>, il est important de souligner que\u00a0<strong>la l\u00e9gislation italienne applique diff\u00e9rentes dispositions<\/strong>\u00a0selon le r\u00e9gime que les \u00e9poux ont choisi pour leur mariage, comme suit:<\/p>\n<ul>\n<li><strong>\u00e9poux mari\u00e9s selon le r\u00e9gime de la communaut\u00e9<\/strong>: \u00e0 la mort d\u2019un des \u00e9poux, l\u2019\u00e9poux survivant h\u00e9rite de la moiti\u00e9 de tous les biens faisant partie de la communaut\u00e9. Ceci exclut tous les biens re\u00e7us en cadeau ou d\u00e9rivant d\u2019un autre h\u00e9ritage re\u00e7u par l\u2019un des \u00e9poux pendant le mariage.<\/li>\n<li><strong>\u00e9poux mari\u00e9s selon le r\u00e9gime de s\u00e9paration de biens<\/strong>: seuls les biens au nom du d\u00e9funt sont pris en consid\u00e9ration dans la proc\u00e9dure de succession. Par cons\u00e9quent, si la maison de r\u00e9sidence est au nom des deux \u00e9poux (et s\u2019ils n\u2019ont pas d\u2019enfants), elle sera h\u00e9rit\u00e9e \u00e0 50%. En revanche, une maison achet\u00e9e par le d\u00e9funt et enregistr\u00e9e au seul nom de celui-ci sera h\u00e9rit\u00e9e \u00e0 100% par l\u2019\u00e9poux survivant.<\/li>\n<li><strong>\u00e9poux mari\u00e9s sous le r\u00e9gime de s\u00e9paration par consentement mutuel<\/strong>: dans le cas de s\u00e9paration consensuelle, l\u2019\u00e9poux survivant garde tous les droits sur les biens faisant partie de la succession.<\/li>\n<li><strong>\u00e9poux mari\u00e9s sous le r\u00e9gime de la s\u00e9paration de biens judiciaire<\/strong>: si l\u2019un des \u00e9poux re\u00e7oit un payement mensuel accord\u00e9 par la Cour au moment de la s\u00e9paration judicaire (art. 548, par. 2 du Code civil italien), il aura le droit de continuer \u00e0 recevoir le payement mensuel pendant toute sa vie, si ses conditions \u00e9conomiques ne changent pas et si les biens de l\u2019h\u00e9ritage sont suffisants pour garantir ce paiement pour le restant de sa vie.<\/li>\n<li><strong>Divorce<\/strong>: en cas de divorce, l\u2019\u00e9poux survivant perd tout droit \u00e0 l\u2019h\u00e9ritage, mais il faut que la sentence d\u00e9finitive ait \u00e9t\u00e9 rendue avant de la mort de l\u2019un des \u00e9poux.<\/li>\n<li><strong>Cohabitation\/alliance de droit coutumier<\/strong>: malheureusement l\u2019Italie ne reconna\u00eet pas de droits pour les partenaires c\u00e9libataires. Par cons\u00e9quent ils ne peuvent h\u00e9riter qu\u2019en cas de\u00a0<a href=\"http:\/\/www.italianinheritance.it\/fr\/la-succession-testamentaire\/\" data-slimstat=\"5\">succession testamentaire<\/a>\u00a0et pour le quota disponible que leur r\u00e9serve la loi. Afin d\u2019\u00e9viter des situations compliqu\u00e9es et d\u00e9sagr\u00e9ables pour le partenaire survivant, qui ne sera pas consid\u00e9r\u00e9 comme un h\u00e9ritier par la loi italienne, il est tr\u00e8s important de r\u00e9diger un testament pour exprimer clairement ses volont\u00e9s.<\/li>\n<\/ul>\n<\/div><\/section><\/div>\n<div  class='hr av-av_hr-0ff602b3e980a3377077ff3c1c834df6 hr-default  avia-builder-el-3  el_after_av_one_full  el_before_av_one_third '><span class='hr-inner '><span class=\"hr-inner-style\"><\/span><\/span><\/div>\n\n<style type=\"text\/css\" data-created_by=\"avia_inline_auto\" id=\"style-css-av-av_one_third-15d750bd1b332b34c6e70b077ebbccdf\">\n.flex_column.av-av_one_third-15d750bd1b332b34c6e70b077ebbccdf{\nborder-radius:0px 0px 0px 0px;\npadding:0px 0px 0px 0px;\n}\n<\/style>\n<div  class='flex_column av-av_one_third-15d750bd1b332b34c6e70b077ebbccdf av_one_third  avia-builder-el-4  el_after_av_hr  el_before_av_one_third  first flex_column_div av-zero-column-padding  '     ><article  class='iconbox iconbox_top av-k918gwab-c220c3f7de6b3a34a15e1437f4e33273  avia-builder-el-5  avia-builder-el-no-sibling  main_color'  itemscope=\"itemscope\" itemtype=\"https:\/\/schema.org\/CreativeWork\" ><div class=\"iconbox_content\"><header class=\"entry-content-header\" aria-label=\"Icon: Guide\"><div class=\"iconbox_icon heading-color\" aria-hidden='true' data-av_icon='\ue82d' data-av_iconfont='entypo-fontello'><\/div><h3 class='iconbox_content_title '  itemprop=\"headline\" >Guide<\/h3><\/header><div class='iconbox_content_container '  itemprop=\"text\" ><p>Un guide de la loi italienne sur les successions: toutes les informations dont vous avez besoin pour la succession italienne<\/p>\n<p><a href=\"https:\/\/www.detulliolawfirm.com\/wp-content\/uploads\/2020\/02\/Guide-sur-lH%C3%A9ritage-Italien.pdf\" data-slimstat=\"3\">T\u00e9l\u00e9charger maintenant!<\/a><\/p>\n<\/div><\/div><footer class=\"entry-footer\"><\/footer><\/article><\/div>\n<style type=\"text\/css\" data-created_by=\"avia_inline_auto\" id=\"style-css-av-av_one_third-c8fc129dc35fd1ae2a1e410224d39ea8\">\n.flex_column.av-av_one_third-c8fc129dc35fd1ae2a1e410224d39ea8{\nborder-radius:0px 0px 0px 0px;\npadding:0px 0px 0px 0px;\n}\n<\/style>\n<div  class='flex_column av-av_one_third-c8fc129dc35fd1ae2a1e410224d39ea8 av_one_third  avia-builder-el-6  el_after_av_one_third  el_before_av_one_third  flex_column_div av-zero-column-padding  '     ><article  class='iconbox iconbox_top av-av_icon_box-4ca2d87826211c912693d5b8f9e3a9eb  avia-builder-el-7  avia-builder-el-no-sibling  main_color'  itemscope=\"itemscope\" itemtype=\"https:\/\/schema.org\/CreativeWork\" ><div class=\"iconbox_content\"><header class=\"entry-content-header\" aria-label=\"Icon: DOCUMENTS N\u00c9CESSAIRES\"><div class=\"iconbox_icon heading-color\" aria-hidden='true' data-av_icon='\ue84e' data-av_iconfont='entypo-fontello'><\/div><h3 class='iconbox_content_title '  itemprop=\"headline\" >DOCUMENTS N\u00c9CESSAIRES<\/h3><\/header><div class='iconbox_content_container '  itemprop=\"text\" ><p>Voir quels documents sont requis pour compl\u00e9ter la proc\u00e9dure de succession<\/p>\n<p><a href=\"http:\/\/www.italianinheritance.it\/fr\/documents-necessaires\/\" data-slimstat=\"5\">Liste compl\u00e8te<\/a><\/p>\n<\/div><\/div><footer class=\"entry-footer\"><\/footer><\/article><\/div><\/p>\n\n<style type=\"text\/css\" data-created_by=\"avia_inline_auto\" id=\"style-css-av-av_one_third-c8fc129dc35fd1ae2a1e410224d39ea8\">\n.flex_column.av-av_one_third-c8fc129dc35fd1ae2a1e410224d39ea8{\nborder-radius:0px 0px 0px 0px;\npadding:0px 0px 0px 0px;\n}\n<\/style>\n<div  class='flex_column av-av_one_third-c8fc129dc35fd1ae2a1e410224d39ea8 av_one_third  avia-builder-el-8  el_after_av_one_third  el_before_av_hr  flex_column_div av-zero-column-padding  '     ><article  class='iconbox iconbox_top av-av_icon_box-61099c03883ae52a0ec9c9e8dea27a12  avia-builder-el-9  avia-builder-el-no-sibling  main_color'  itemscope=\"itemscope\" itemtype=\"https:\/\/schema.org\/CreativeWork\" ><div class=\"iconbox_content\"><header class=\"entry-content-header\" aria-label=\"Icon: Contactez-nous maintenant!\"><div class=\"iconbox_icon heading-color\" aria-hidden='true' data-av_icon='\ue805' data-av_iconfont='entypo-fontello'><\/div><h3 class='iconbox_content_title '  itemprop=\"headline\" >Contactez-nous maintenant!<\/h3><\/header><div class='iconbox_content_container '  itemprop=\"text\" ><p>Contactez-nous pour toute demande via formulaire ou par\u00a0<a href=\"mailto:detulliolaw@gmail.com\" data-slimstat=\"5\">e-mail.<\/a><\/p>\n<p><a href=\"http:\/\/www.italianinheritance.it\/fr\/contact-us\/\" data-slimstat=\"5\">Contactez-nous<\/a><\/p>\n<\/div><\/div><footer class=\"entry-footer\"><\/footer><\/article><\/div>\n<div  class='hr av-av_hr-0ff602b3e980a3377077ff3c1c834df6 hr-default  avia-builder-el-10  el_after_av_one_third  el_before_av_contact '><span class='hr-inner '><span class=\"hr-inner-style\"><\/span><\/span><\/div>\n<form action=\"https:\/\/italianinheritance.co.uk\/fr\/succession-law-and-marital-status\/\" method=\"post\" data-fields-with-error=\"Erreurs trouv\u00e9es dans les champs suivants :\" class=\"avia_ajax_form av-form-labels-visible   avia-builder-el-11  el_after_av_hr  avia-builder-el-last   \" data-avia-form-id=\"1\" data-avia-redirect='' ><h3 class=''>Contactez-nous.<\/h3><fieldset><p class='  first_form  form_element form_fullwidth' id='element_avia_1_1'><label for=\"avia_1_1\">Nom <abbr class=\"required\" title=\"requis(e)\">*<\/abbr><\/label> <input name=\"avia_1_1\" class=\"text_input is_empty\" type=\"text\" id=\"avia_1_1\" value=\"\" \/><\/p><p class='  first_form  form_element form_fullwidth' id='element_avia_2_1'><label for=\"avia_2_1\">E-Mail <abbr class=\"required\" title=\"requis(e)\">*<\/abbr><\/label> <input name=\"avia_2_1\" class=\"text_input is_email\" type=\"text\" id=\"avia_2_1\" value=\"\" \/><\/p><p class='  first_form  form_element form_fullwidth' id='element_avia_3_1'><label for=\"avia_3_1\" class=\"textare_label hidden textare_label_avia_3_1\">Message <abbr class=\"required\" title=\"requis(e)\">*<\/abbr><\/label><textarea  name=\"avia_3_1\" class=\"text_area is_empty\" cols=\"40\" rows=\"7\" id=\"avia_3_1\" ><\/textarea><\/p><div id='avia_4_1' class='av-form-text'><p>\nPRIVACY NOTICE:\u00a0<a href=\"http:\/\/www.italianinheritance.it\/privacy-policy\">S\u2019il vous pla\u00eet lire la d\u00e9claration<\/a><\/p>\n<\/div><p class='  first_form  form_element form_fullwidth' id='element_avia_5_1'><input  name=\"avia_5_1\" class=\"input_checkbox is_empty\" type=\"checkbox\" id=\"avia_5_1\" value=\"true\"\/><label class=\"input_checkbox_label\" for=\"avia_5_1\">J\u2019accepte le traitement de mes donn\u00e9es personnelles - r\u00e8glement (UE) 2016\/679 * <abbr class=\"required\" title=\"requis(e)\">*<\/abbr><\/label><\/p><p class=\"hidden\"><input type=\"text\" name=\"avia_6_1\" class=\"hidden \" id=\"avia_6_1\" value=\"\" \/><\/p><p class='   form_element form_fullwidth' id='element_avia_7_1'><span class='value_verifier_label'>7 + 0 = ?<\/span><input name=\"avia_7_1_verifier\" type=\"hidden\" id=\"avia_7_1_verifier\" value=\"441123577\"\/><label for=\"avia_7_1\">Merci de prouver que vous \u00eates un humain en donnant le r\u00e9sultat de cette op\u00e9ration <abbr class=\"required\" title=\"requis(e)\">*<\/abbr><\/label><input name=\"avia_7_1\" class=\"text_input captcha\" type=\"text\" id=\"avia_7_1\" value=\"\"\/><\/p><p class=\"form_element \"><input type=\"hidden\" value=\"1\" name=\"avia_generated_form1\" \/><input type=\"submit\" value=\"Envoyer!\" class=\"button\"  data-sending-label=\"Envoi\"\/><\/p><\/fieldset><\/form><div id=\"ajaxresponse_1\" class=\"ajaxresponse ajaxresponse_1 hidden\"><\/div>\n","protected":false},"excerpt":{"rendered":"","protected":false},"author":5,"featured_media":0,"parent":0,"menu_order":0,"comment_status":"closed","ping_status":"closed","template":"","meta":{"footnotes":""},"class_list":["post-206","page","type-page","status-publish","hentry"],"yoast_head":"<!-- This site is optimized with the Yoast SEO plugin v27.3 - https:\/\/yoast.com\/product\/yoast-seo-wordpress\/ -->\n<title>Italian Succession Law and inheritance rights of spouses and partners<\/title>\n<meta name=\"description\" content=\"Read about the Italian succession law with reference to marriage and partnership and the inheritance rights of unmarried partners in Italy.\" \/>\n<meta name=\"robots\" content=\"index, follow, max-snippet:-1, max-image-preview:large, max-video-preview:-1\" \/>\n<link rel=\"canonical\" href=\"https:\/\/italianinheritance.co.uk\/fr\/succession-law-and-marital-status\/\" \/>\n<meta property=\"og:locale\" content=\"fr_FR\" \/>\n<meta property=\"og:type\" content=\"article\" \/>\n<meta property=\"og:title\" content=\"Italian Succession Law and inheritance rights of spouses and partners\" \/>\n<meta property=\"og:description\" content=\"Read about the Italian succession law with reference to marriage and partnership and the inheritance rights of unmarried partners in Italy.\" \/>\n<meta property=\"og:url\" content=\"https:\/\/italianinheritance.co.uk\/fr\/succession-law-and-marital-status\/\" \/>\n<meta property=\"og:site_name\" content=\"Italian Inheritance\" \/>\n<meta property=\"article:modified_time\" content=\"2020-04-15T11:10:20+00:00\" \/>\n<meta name=\"twitter:card\" content=\"summary_large_image\" \/>\n<meta name=\"twitter:label1\" content=\"Dur\u00e9e de lecture estim\u00e9e\" \/>\n\t<meta name=\"twitter:data1\" content=\"6 minutes\" \/>\n<script type=\"application\/ld+json\" class=\"yoast-schema-graph\">{\"@context\":\"https:\\\/\\\/schema.org\",\"@graph\":[{\"@type\":\"WebPage\",\"@id\":\"https:\\\/\\\/italianinheritance.co.uk\\\/fr\\\/succession-law-and-marital-status\\\/\",\"url\":\"https:\\\/\\\/italianinheritance.co.uk\\\/fr\\\/succession-law-and-marital-status\\\/\",\"name\":\"Italian Succession Law and inheritance rights of spouses and partners\",\"isPartOf\":{\"@id\":\"https:\\\/\\\/italianinheritance.co.uk\\\/fr\\\/#website\"},\"datePublished\":\"2012-10-14T18:14:50+00:00\",\"dateModified\":\"2020-04-15T11:10:20+00:00\",\"description\":\"Read about the Italian succession law with reference to marriage and partnership and the inheritance rights of unmarried partners in Italy.\",\"breadcrumb\":{\"@id\":\"https:\\\/\\\/italianinheritance.co.uk\\\/fr\\\/succession-law-and-marital-status\\\/#breadcrumb\"},\"inLanguage\":\"fr-FR\",\"potentialAction\":[{\"@type\":\"ReadAction\",\"target\":[\"https:\\\/\\\/italianinheritance.co.uk\\\/fr\\\/succession-law-and-marital-status\\\/\"]}]},{\"@type\":\"BreadcrumbList\",\"@id\":\"https:\\\/\\\/italianinheritance.co.uk\\\/fr\\\/succession-law-and-marital-status\\\/#breadcrumb\",\"itemListElement\":[{\"@type\":\"ListItem\",\"position\":1,\"name\":\"Home\",\"item\":\"https:\\\/\\\/italianinheritance.co.uk\\\/fr\\\/\"},{\"@type\":\"ListItem\",\"position\":2,\"name\":\"Loi de succession et \u00e9tat matrimonial\"}]},{\"@type\":\"WebSite\",\"@id\":\"https:\\\/\\\/italianinheritance.co.uk\\\/fr\\\/#website\",\"url\":\"https:\\\/\\\/italianinheritance.co.uk\\\/fr\\\/\",\"name\":\"Italian Inheritance\",\"description\":\"\",\"potentialAction\":[{\"@type\":\"SearchAction\",\"target\":{\"@type\":\"EntryPoint\",\"urlTemplate\":\"https:\\\/\\\/italianinheritance.co.uk\\\/fr\\\/?s={search_term_string}\"},\"query-input\":{\"@type\":\"PropertyValueSpecification\",\"valueRequired\":true,\"valueName\":\"search_term_string\"}}],\"inLanguage\":\"fr-FR\"}]}<\/script>\n<!-- \/ Yoast SEO plugin. -->","yoast_head_json":{"title":"Italian Succession Law and inheritance rights of spouses and partners","description":"Read about the Italian succession law with reference to marriage and partnership and the inheritance rights of unmarried partners in Italy.","robots":{"index":"index","follow":"follow","max-snippet":"max-snippet:-1","max-image-preview":"max-image-preview:large","max-video-preview":"max-video-preview:-1"},"canonical":"https:\/\/italianinheritance.co.uk\/fr\/succession-law-and-marital-status\/","og_locale":"fr_FR","og_type":"article","og_title":"Italian Succession Law and inheritance rights of spouses and partners","og_description":"Read about the Italian succession law with reference to marriage and partnership and the inheritance rights of unmarried partners in Italy.","og_url":"https:\/\/italianinheritance.co.uk\/fr\/succession-law-and-marital-status\/","og_site_name":"Italian Inheritance","article_modified_time":"2020-04-15T11:10:20+00:00","twitter_card":"summary_large_image","twitter_misc":{"Dur\u00e9e de lecture estim\u00e9e":"6 minutes"},"schema":{"@context":"https:\/\/schema.org","@graph":[{"@type":"WebPage","@id":"https:\/\/italianinheritance.co.uk\/fr\/succession-law-and-marital-status\/","url":"https:\/\/italianinheritance.co.uk\/fr\/succession-law-and-marital-status\/","name":"Italian Succession Law and inheritance rights of spouses and partners","isPartOf":{"@id":"https:\/\/italianinheritance.co.uk\/fr\/#website"},"datePublished":"2012-10-14T18:14:50+00:00","dateModified":"2020-04-15T11:10:20+00:00","description":"Read about the Italian succession law with reference to marriage and partnership and the inheritance rights of unmarried partners in Italy.","breadcrumb":{"@id":"https:\/\/italianinheritance.co.uk\/fr\/succession-law-and-marital-status\/#breadcrumb"},"inLanguage":"fr-FR","potentialAction":[{"@type":"ReadAction","target":["https:\/\/italianinheritance.co.uk\/fr\/succession-law-and-marital-status\/"]}]},{"@type":"BreadcrumbList","@id":"https:\/\/italianinheritance.co.uk\/fr\/succession-law-and-marital-status\/#breadcrumb","itemListElement":[{"@type":"ListItem","position":1,"name":"Home","item":"https:\/\/italianinheritance.co.uk\/fr\/"},{"@type":"ListItem","position":2,"name":"Loi de succession et \u00e9tat matrimonial"}]},{"@type":"WebSite","@id":"https:\/\/italianinheritance.co.uk\/fr\/#website","url":"https:\/\/italianinheritance.co.uk\/fr\/","name":"Italian Inheritance","description":"","potentialAction":[{"@type":"SearchAction","target":{"@type":"EntryPoint","urlTemplate":"https:\/\/italianinheritance.co.uk\/fr\/?s={search_term_string}"},"query-input":{"@type":"PropertyValueSpecification","valueRequired":true,"valueName":"search_term_string"}}],"inLanguage":"fr-FR"}]}},"_links":{"self":[{"href":"https:\/\/italianinheritance.co.uk\/fr\/wp-json\/wp\/v2\/pages\/206","targetHints":{"allow":["GET"]}}],"collection":[{"href":"https:\/\/italianinheritance.co.uk\/fr\/wp-json\/wp\/v2\/pages"}],"about":[{"href":"https:\/\/italianinheritance.co.uk\/fr\/wp-json\/wp\/v2\/types\/page"}],"author":[{"embeddable":true,"href":"https:\/\/italianinheritance.co.uk\/fr\/wp-json\/wp\/v2\/users\/5"}],"replies":[{"embeddable":true,"href":"https:\/\/italianinheritance.co.uk\/fr\/wp-json\/wp\/v2\/comments?post=206"}],"version-history":[{"count":14,"href":"https:\/\/italianinheritance.co.uk\/fr\/wp-json\/wp\/v2\/pages\/206\/revisions"}],"predecessor-version":[{"id":5506,"href":"https:\/\/italianinheritance.co.uk\/fr\/wp-json\/wp\/v2\/pages\/206\/revisions\/5506"}],"wp:attachment":[{"href":"https:\/\/italianinheritance.co.uk\/fr\/wp-json\/wp\/v2\/media?parent=206"}],"curies":[{"name":"wp","href":"https:\/\/api.w.org\/{rel}","templated":true}]}}