{"id":5181,"date":"2018-07-18T09:20:46","date_gmt":"2018-07-18T08:20:46","guid":{"rendered":"http:\/\/testfa.italianinheritance.it\/?page_id=5181"},"modified":"2018-07-18T09:22:53","modified_gmt":"2018-07-18T08:22:53","slug":"pourquoi-est-il-preferable-de-rediger-un-testament-italien","status":"publish","type":"page","link":"https:\/\/italianinheritance.co.uk\/fr\/pourquoi-est-il-preferable-de-rediger-un-testament-italien\/","title":{"rendered":"Pourquoi est-il pr\u00e9f\u00e9rable de r\u00e9diger un testament italien?"},"content":{"rendered":"<div id='av_section_1'  class='avia-section av-av_section-2dcda1862a94bb522b437cf4f29dd74d main_color avia-section-default avia-no-shadow  avia-builder-el-0  el_before_av_one_full  avia-builder-el-first  avia-bg-style-scroll container_wrap sidebar_right'  ><div class='container av-section-cont-open' ><main  role=\"main\" itemprop=\"mainContentOfPage\"  class='template-page content  av-content-small alpha units'><div class='post-entry post-entry-type-page post-entry-5181'><div class='entry-content-wrapper clearfix'><\/div><\/div><\/main><!-- close content main element --><\/div><\/div><div id='after_section_1'  class='main_color av_default_container_wrap container_wrap sidebar_right'  ><div class='container av-section-cont-open' ><div class='template-page content  av-content-small alpha units'><div class='post-entry post-entry-type-page post-entry-5181'><div class='entry-content-wrapper clearfix'>\n\n<style type=\"text\/css\" data-created_by=\"avia_inline_auto\" id=\"style-css-av-av_one_full-e447ad8281eb6ecca8cc7dd56383412d\">\n.flex_column.av-av_one_full-e447ad8281eb6ecca8cc7dd56383412d{\nborder-radius:0px 0px 0px 0px;\npadding:0px 0px 0px 0px;\n}\n<\/style>\n<div  class='flex_column av-av_one_full-e447ad8281eb6ecca8cc7dd56383412d av_one_full  avia-builder-el-1  el_after_av_section  el_before_av_hr  avia-builder-el-first  first flex_column_div av-zero-column-padding avia-full-contain  '     ><style type=\"text\/css\" data-created_by=\"avia_inline_auto\" id=\"style-css-av-av_textblock-3de333fb55a75c07de9d7c9e1dc21319\">\n#top .av_textblock_section.av-av_textblock-3de333fb55a75c07de9d7c9e1dc21319 .avia_textblock{\ncolor:#000000;\n}\n<\/style>\n<section  class='av_textblock_section av-av_textblock-3de333fb55a75c07de9d7c9e1dc21319 '   itemscope=\"itemscope\" itemtype=\"https:\/\/schema.org\/CreativeWork\" ><div class='avia_textblock av_inherit_color'  itemprop=\"text\" ><h1 style=\"text-align: left;\">Pourquoi est-il pr\u00e9f\u00e9rable de r\u00e9diger un testament italien?<\/h1>\n<p style=\"text-align: left;\">It est g\u00e9n\u00e9ralement conseill\u00e9 aux ressortissants \u00e9trangers qui poss\u00e8dent des biens en Italie de r\u00e9diger un testament italien. Cela \u00e9vitera d\u2019importantes difficult\u00e9s aux h\u00e9ritiers au moment du transfert des biens italiens enregistr\u00e9s au nom du testateur.<\/p>\n<p style=\"text-align: left;\">D\u2019apr\u00e8s la loi italienne, tous les testaments \u00e9trangers doivent \u00eatre l\u00e9galis\u00e9s par un notaire italien avant de passer \u00e0 l\u2019homologation.<\/p>\n<p style=\"text-align: left;\">M\u00eame si g\u00e9n\u00e9ralement en Italie on reconnait la validit\u00e9 des testaments internationaux, il est toujours recommandable pour les ressortissants italiens de r\u00e9diger un testament italien s\u2019ils poss\u00e8dent des biens sur le territoire italien (maison ou terrain). La gestion de documents en langues \u00e9trang\u00e8res (et r\u00e9dig\u00e9s sur la base de lois diff\u00e9rentes) peut causer plusieurs probl\u00e8mes en Italie. Par exemple le notaire italien ne publiera ou l\u00e9galisera pas de documents s\u2019ils ne sont pas traduits par un traducteur certifi\u00e9 et qualifi\u00e9.<\/p>\n<p style=\"text-align: left;\">Il faut aussi se rappeler qu\u2019un testament italien peut faciliter les proc\u00e9dures administratives qu\u2019il faut effectuer avec les banques italiennes. Les comptes en banque et les d\u00e9p\u00f4ts du d\u00e9funt seront bloqu\u00e9s apr\u00e8s sa mort. La proc\u00e9dure pour les d\u00e9bloquer et obtenir des fonds d\u00e9pos\u00e9s peut \u00eatre longue et difficile, alors que les h\u00e9ritiers risquent de devoir r\u00e9gler certaines d\u00e9penses \u00e0 leurs propres frais, par exemple dans le cas de factures concernant la maison.<\/p>\n<p style=\"text-align: left;\">Il y a plusieurs avantages dans le fait de r\u00e9diger un testament italien, que l\u2019on peut r\u00e9sumer de la fa\u00e7on suivante:<\/p>\n<ul style=\"text-align: left;\">\n<li>un testament italien r\u00e9duit les risque de conflit entre les h\u00e9ritiers<\/li>\n<li>un testament italien peut signifier une r\u00e9duction d\u2019imp\u00f4ts pour les h\u00e9ritiers<\/li>\n<li>un testament italien aide les autorit\u00e9s italiennes \u00e0 mieux comprendre les volont\u00e9s du d\u00e9funt pour disposer de ses biens conform\u00e9ment \u00e0 ces d\u00e9sirs.<\/li>\n<\/ul>\n<div style=\"text-align: left;\"><\/div>\n<div style=\"text-align: left;\"><\/div>\n<div style=\"text-align: left;\">En plus un testament peut toujours \u00eatre modifi\u00e9 par le testateur jusqu\u2019au dernier moment de sa vie. C\u2019est tr\u00e8s important de garder le testament dans un lieu s\u00fbr, par exemple dans les mains d\u2019un professionnel ind\u00e9pendant qui peut en garantir la s\u00e9curit\u00e9 et qui peut communiquer aux h\u00e9ritiers \u00e9ventuels l\u2019existence de ce testament une fois que le testateur est mort.<\/div>\n<p style=\"text-align: left;\">Un conseiller l\u00e9gal comp\u00e9tent peut vous aider \u00e0 r\u00e9diger un testament qui soit conforme \u00e0 la loi italienne. Cela limite les cons\u00e9quences de la succession l\u00e9gale italienne et assure que l\u2019on dispose des biens en Italie conform\u00e9ment aux volont\u00e9s du testateur, sans violer de lois italiennes r\u00e8glementant la succession. Par exemple, \u00e0 l\u2019aide d\u2019un testament, il est possible de disposer de ses biens en faveur d\u2019organismes faisant la charit\u00e9, d\u2019associations publiques, etc. Il serait donc judicieux de chercher \u00e0 se faire conseiller par un expert dans ce domaine.<\/p>\n<\/div><\/section><\/div><div  class='hr av-av_hr-0ff602b3e980a3377077ff3c1c834df6 hr-default  avia-builder-el-3  el_after_av_one_full  el_before_av_one_third '><span class='hr-inner '><span class=\"hr-inner-style\"><\/span><\/span><\/div><\/p>\n\n<style type=\"text\/css\" data-created_by=\"avia_inline_auto\" id=\"style-css-av-av_one_third-15d750bd1b332b34c6e70b077ebbccdf\">\n.flex_column.av-av_one_third-15d750bd1b332b34c6e70b077ebbccdf{\nborder-radius:0px 0px 0px 0px;\npadding:0px 0px 0px 0px;\n}\n<\/style>\n<div  class='flex_column av-av_one_third-15d750bd1b332b34c6e70b077ebbccdf av_one_third  avia-builder-el-4  el_after_av_hr  el_before_av_one_third  first flex_column_div av-zero-column-padding  '     ><article  class='iconbox iconbox_top av-av_icon_box-ce8a152f4be06f209639ddbda93cb574  avia-builder-el-5  avia-builder-el-no-sibling  main_color'  itemscope=\"itemscope\" itemtype=\"https:\/\/schema.org\/CreativeWork\" ><div class=\"iconbox_content\"><header class=\"entry-content-header\" aria-label=\"Icon: Guide (Anglais)\"><div class=\"iconbox_icon heading-color\" aria-hidden='true' data-av_icon='\ue82d' data-av_iconfont='entypo-fontello'><\/div><h3 class='iconbox_content_title '  itemprop=\"headline\" >Guide (Anglais)<\/h3><\/header><div class='iconbox_content_container '  itemprop=\"text\" ><p>Un guide de la loi italienne sur les successions: toutes les informations dont vous avez besoin pour la succession italienne<\/p>\n<p><a href=\"http:\/\/www.italianinheritance.it\/wp-content\/uploads\/2012\/10\/Italian_Inheritance_Guide.pdf\" data-slimstat=\"3\">T\u00e9l\u00e9charger maintenant!<\/a><\/p>\n<\/div><\/div><footer class=\"entry-footer\"><\/footer><\/article><\/div>\n\n<style type=\"text\/css\" data-created_by=\"avia_inline_auto\" id=\"style-css-av-av_one_third-c8fc129dc35fd1ae2a1e410224d39ea8\">\n.flex_column.av-av_one_third-c8fc129dc35fd1ae2a1e410224d39ea8{\nborder-radius:0px 0px 0px 0px;\npadding:0px 0px 0px 0px;\n}\n<\/style>\n<div  class='flex_column av-av_one_third-c8fc129dc35fd1ae2a1e410224d39ea8 av_one_third  avia-builder-el-6  el_after_av_one_third  el_before_av_one_third  flex_column_div av-zero-column-padding  '     ><article  class='iconbox iconbox_top av-av_icon_box-4ca2d87826211c912693d5b8f9e3a9eb  avia-builder-el-7  avia-builder-el-no-sibling  main_color'  itemscope=\"itemscope\" itemtype=\"https:\/\/schema.org\/CreativeWork\" ><div class=\"iconbox_content\"><header class=\"entry-content-header\" aria-label=\"Icon: DOCUMENTS N\u00c9CESSAIRES\"><div class=\"iconbox_icon heading-color\" aria-hidden='true' data-av_icon='\ue84e' data-av_iconfont='entypo-fontello'><\/div><h3 class='iconbox_content_title '  itemprop=\"headline\" >DOCUMENTS N\u00c9CESSAIRES<\/h3><\/header><div class='iconbox_content_container '  itemprop=\"text\" ><p>Voir quels documents sont requis pour compl\u00e9ter la proc\u00e9dure de succession<\/p>\n<p><a href=\"http:\/\/www.italianinheritance.it\/fr\/documents-necessaires\/\" data-slimstat=\"5\">Liste compl\u00e8te<\/a><\/p>\n<\/div><\/div><footer class=\"entry-footer\"><\/footer><\/article><\/div>\n\n<style type=\"text\/css\" data-created_by=\"avia_inline_auto\" id=\"style-css-av-av_one_third-c8fc129dc35fd1ae2a1e410224d39ea8\">\n.flex_column.av-av_one_third-c8fc129dc35fd1ae2a1e410224d39ea8{\nborder-radius:0px 0px 0px 0px;\npadding:0px 0px 0px 0px;\n}\n<\/style>\n<div  class='flex_column av-av_one_third-c8fc129dc35fd1ae2a1e410224d39ea8 av_one_third  avia-builder-el-8  el_after_av_one_third  el_before_av_hr  flex_column_div av-zero-column-padding  '     ><article  class='iconbox iconbox_top av-av_icon_box-61099c03883ae52a0ec9c9e8dea27a12  avia-builder-el-9  avia-builder-el-no-sibling  main_color'  itemscope=\"itemscope\" itemtype=\"https:\/\/schema.org\/CreativeWork\" ><div class=\"iconbox_content\"><header class=\"entry-content-header\" aria-label=\"Icon: Contactez-nous maintenant!\"><div class=\"iconbox_icon heading-color\" aria-hidden='true' data-av_icon='\ue805' data-av_iconfont='entypo-fontello'><\/div><h3 class='iconbox_content_title '  itemprop=\"headline\" >Contactez-nous maintenant!<\/h3><\/header><div class='iconbox_content_container '  itemprop=\"text\" ><p>Contactez-nous pour toute demande via formulaire ou par\u00a0<a href=\"mailto:detulliolaw@gmail.com\" data-slimstat=\"5\">e-mail.<\/a><\/p>\n<p><a href=\"http:\/\/www.italianinheritance.it\/fr\/contact-us\/\" data-slimstat=\"5\">Contactez-nous<\/a><\/p>\n<\/div><\/div><footer class=\"entry-footer\"><\/footer><\/article><\/div>\n<div  class='hr av-av_hr-0ff602b3e980a3377077ff3c1c834df6 hr-default  avia-builder-el-10  el_after_av_one_third  el_before_av_contact '><span class='hr-inner '><span class=\"hr-inner-style\"><\/span><\/span><\/div>\n<form action=\"https:\/\/italianinheritance.co.uk\/fr\/pourquoi-est-il-preferable-de-rediger-un-testament-italien\/\" method=\"post\" data-fields-with-error=\"Erreurs trouv\u00e9es dans les champs suivants :\" class=\"avia_ajax_form av-form-labels-visible   avia-builder-el-11  el_after_av_hr  avia-builder-el-last   \" data-avia-form-id=\"1\" data-avia-redirect='' ><h3 class=''>Contactez-nous.<\/h3><fieldset><p class='  first_form  form_element form_fullwidth' id='element_avia_1_1'><label for=\"avia_1_1\">Nom <abbr class=\"required\" title=\"requis(e)\">*<\/abbr><\/label> <input name=\"avia_1_1\" class=\"text_input is_empty\" type=\"text\" id=\"avia_1_1\" value=\"\" \/><\/p><p class='  first_form  form_element form_fullwidth' id='element_avia_2_1'><label for=\"avia_2_1\">E-Mail <abbr class=\"required\" title=\"requis(e)\">*<\/abbr><\/label> <input name=\"avia_2_1\" class=\"text_input is_email\" type=\"text\" id=\"avia_2_1\" value=\"\" \/><\/p><p class='  first_form  form_element form_fullwidth' id='element_avia_3_1'><label for=\"avia_3_1\" class=\"textare_label hidden textare_label_avia_3_1\">Message <abbr class=\"required\" title=\"requis(e)\">*<\/abbr><\/label><textarea  name=\"avia_3_1\" class=\"text_area is_empty\" cols=\"40\" rows=\"7\" id=\"avia_3_1\" ><\/textarea><\/p><div id='avia_4_1' class='av-form-text'><p>\nPRIVACY NOTICE:\u00a0<a href=\"http:\/\/www.italianinheritance.it\/privacy-policy\">S\u2019il vous pla\u00eet lire la d\u00e9claration<\/a><\/p>\n<\/div><p class='  first_form  form_element form_fullwidth' id='element_avia_5_1'><input  name=\"avia_5_1\" class=\"input_checkbox is_empty\" type=\"checkbox\" id=\"avia_5_1\" value=\"true\"\/><label class=\"input_checkbox_label\" for=\"avia_5_1\">J\u2019accepte le traitement de mes donn\u00e9es personnelles - r\u00e8glement (UE) 2016\/679 * <abbr class=\"required\" title=\"requis(e)\">*<\/abbr><\/label><\/p><p class=\"hidden\"><input type=\"text\" name=\"avia_6_1\" class=\"hidden \" id=\"avia_6_1\" value=\"\" \/><\/p><p class='   form_element form_fullwidth' id='element_avia_7_1'><span class='value_verifier_label'>4 + 0 = ?<\/span><input name=\"avia_7_1_verifier\" type=\"hidden\" id=\"avia_7_1_verifier\" value=\"784154372\"\/><label for=\"avia_7_1\">Merci de prouver que vous \u00eates un humain en donnant le r\u00e9sultat de cette op\u00e9ration <abbr class=\"required\" title=\"requis(e)\">*<\/abbr><\/label><input name=\"avia_7_1\" class=\"text_input captcha\" type=\"text\" id=\"avia_7_1\" value=\"\"\/><\/p><p class=\"form_element \"><input type=\"hidden\" value=\"1\" name=\"avia_generated_form1\" \/><input type=\"submit\" value=\"Envoyer!\" class=\"button\"  data-sending-label=\"Envoi\"\/><\/p><\/fieldset><\/form><div id=\"ajaxresponse_1\" class=\"ajaxresponse ajaxresponse_1 hidden\"><\/div>\n","protected":false},"excerpt":{"rendered":"","protected":false},"author":5,"featured_media":0,"parent":0,"menu_order":0,"comment_status":"closed","ping_status":"closed","template":"","meta":{"footnotes":""},"class_list":["post-5181","page","type-page","status-publish","hentry"],"yoast_head":"<!-- This site is optimized with the Yoast SEO plugin v27.3 - https:\/\/yoast.com\/product\/yoast-seo-wordpress\/ -->\n<title>Pourquoi est-il pr\u00e9f\u00e9rable de r\u00e9diger un testament italien? - Italian Inheritance<\/title>\n<meta name=\"robots\" content=\"index, follow, max-snippet:-1, max-image-preview:large, max-video-preview:-1\" \/>\n<link rel=\"canonical\" href=\"https:\/\/italianinheritance.co.uk\/fr\/pourquoi-est-il-preferable-de-rediger-un-testament-italien\/\" \/>\n<meta property=\"og:locale\" content=\"fr_FR\" \/>\n<meta property=\"og:type\" content=\"article\" \/>\n<meta property=\"og:title\" content=\"Pourquoi est-il pr\u00e9f\u00e9rable de r\u00e9diger un testament italien? - Italian Inheritance\" \/>\n<meta property=\"og:url\" content=\"https:\/\/italianinheritance.co.uk\/fr\/pourquoi-est-il-preferable-de-rediger-un-testament-italien\/\" \/>\n<meta property=\"og:site_name\" content=\"Italian Inheritance\" \/>\n<meta property=\"article:modified_time\" content=\"2018-07-18T08:22:53+00:00\" \/>\n<meta name=\"twitter:card\" content=\"summary_large_image\" \/>\n<meta name=\"twitter:label1\" content=\"Dur\u00e9e de lecture estim\u00e9e\" \/>\n\t<meta name=\"twitter:data1\" content=\"7 minutes\" \/>\n<script type=\"application\/ld+json\" class=\"yoast-schema-graph\">{\"@context\":\"https:\\\/\\\/schema.org\",\"@graph\":[{\"@type\":\"WebPage\",\"@id\":\"https:\\\/\\\/italianinheritance.co.uk\\\/fr\\\/pourquoi-est-il-preferable-de-rediger-un-testament-italien\\\/\",\"url\":\"https:\\\/\\\/italianinheritance.co.uk\\\/fr\\\/pourquoi-est-il-preferable-de-rediger-un-testament-italien\\\/\",\"name\":\"Pourquoi est-il pr\u00e9f\u00e9rable de r\u00e9diger un testament italien? - Italian Inheritance\",\"isPartOf\":{\"@id\":\"https:\\\/\\\/italianinheritance.co.uk\\\/fr\\\/#website\"},\"datePublished\":\"2018-07-18T08:20:46+00:00\",\"dateModified\":\"2018-07-18T08:22:53+00:00\",\"breadcrumb\":{\"@id\":\"https:\\\/\\\/italianinheritance.co.uk\\\/fr\\\/pourquoi-est-il-preferable-de-rediger-un-testament-italien\\\/#breadcrumb\"},\"inLanguage\":\"fr-FR\",\"potentialAction\":[{\"@type\":\"ReadAction\",\"target\":[\"https:\\\/\\\/italianinheritance.co.uk\\\/fr\\\/pourquoi-est-il-preferable-de-rediger-un-testament-italien\\\/\"]}]},{\"@type\":\"BreadcrumbList\",\"@id\":\"https:\\\/\\\/italianinheritance.co.uk\\\/fr\\\/pourquoi-est-il-preferable-de-rediger-un-testament-italien\\\/#breadcrumb\",\"itemListElement\":[{\"@type\":\"ListItem\",\"position\":1,\"name\":\"Home\",\"item\":\"https:\\\/\\\/italianinheritance.co.uk\\\/fr\\\/\"},{\"@type\":\"ListItem\",\"position\":2,\"name\":\"Pourquoi est-il pr\u00e9f\u00e9rable de r\u00e9diger un testament italien?\"}]},{\"@type\":\"WebSite\",\"@id\":\"https:\\\/\\\/italianinheritance.co.uk\\\/fr\\\/#website\",\"url\":\"https:\\\/\\\/italianinheritance.co.uk\\\/fr\\\/\",\"name\":\"Italian Inheritance\",\"description\":\"\",\"potentialAction\":[{\"@type\":\"SearchAction\",\"target\":{\"@type\":\"EntryPoint\",\"urlTemplate\":\"https:\\\/\\\/italianinheritance.co.uk\\\/fr\\\/?s={search_term_string}\"},\"query-input\":{\"@type\":\"PropertyValueSpecification\",\"valueRequired\":true,\"valueName\":\"search_term_string\"}}],\"inLanguage\":\"fr-FR\"}]}<\/script>\n<!-- \/ Yoast SEO plugin. -->","yoast_head_json":{"title":"Pourquoi est-il pr\u00e9f\u00e9rable de r\u00e9diger un testament italien? - Italian Inheritance","robots":{"index":"index","follow":"follow","max-snippet":"max-snippet:-1","max-image-preview":"max-image-preview:large","max-video-preview":"max-video-preview:-1"},"canonical":"https:\/\/italianinheritance.co.uk\/fr\/pourquoi-est-il-preferable-de-rediger-un-testament-italien\/","og_locale":"fr_FR","og_type":"article","og_title":"Pourquoi est-il pr\u00e9f\u00e9rable de r\u00e9diger un testament italien? - Italian Inheritance","og_url":"https:\/\/italianinheritance.co.uk\/fr\/pourquoi-est-il-preferable-de-rediger-un-testament-italien\/","og_site_name":"Italian Inheritance","article_modified_time":"2018-07-18T08:22:53+00:00","twitter_card":"summary_large_image","twitter_misc":{"Dur\u00e9e de lecture estim\u00e9e":"7 minutes"},"schema":{"@context":"https:\/\/schema.org","@graph":[{"@type":"WebPage","@id":"https:\/\/italianinheritance.co.uk\/fr\/pourquoi-est-il-preferable-de-rediger-un-testament-italien\/","url":"https:\/\/italianinheritance.co.uk\/fr\/pourquoi-est-il-preferable-de-rediger-un-testament-italien\/","name":"Pourquoi est-il pr\u00e9f\u00e9rable de r\u00e9diger un testament italien? - Italian Inheritance","isPartOf":{"@id":"https:\/\/italianinheritance.co.uk\/fr\/#website"},"datePublished":"2018-07-18T08:20:46+00:00","dateModified":"2018-07-18T08:22:53+00:00","breadcrumb":{"@id":"https:\/\/italianinheritance.co.uk\/fr\/pourquoi-est-il-preferable-de-rediger-un-testament-italien\/#breadcrumb"},"inLanguage":"fr-FR","potentialAction":[{"@type":"ReadAction","target":["https:\/\/italianinheritance.co.uk\/fr\/pourquoi-est-il-preferable-de-rediger-un-testament-italien\/"]}]},{"@type":"BreadcrumbList","@id":"https:\/\/italianinheritance.co.uk\/fr\/pourquoi-est-il-preferable-de-rediger-un-testament-italien\/#breadcrumb","itemListElement":[{"@type":"ListItem","position":1,"name":"Home","item":"https:\/\/italianinheritance.co.uk\/fr\/"},{"@type":"ListItem","position":2,"name":"Pourquoi est-il pr\u00e9f\u00e9rable de r\u00e9diger un testament italien?"}]},{"@type":"WebSite","@id":"https:\/\/italianinheritance.co.uk\/fr\/#website","url":"https:\/\/italianinheritance.co.uk\/fr\/","name":"Italian Inheritance","description":"","potentialAction":[{"@type":"SearchAction","target":{"@type":"EntryPoint","urlTemplate":"https:\/\/italianinheritance.co.uk\/fr\/?s={search_term_string}"},"query-input":{"@type":"PropertyValueSpecification","valueRequired":true,"valueName":"search_term_string"}}],"inLanguage":"fr-FR"}]}},"_links":{"self":[{"href":"https:\/\/italianinheritance.co.uk\/fr\/wp-json\/wp\/v2\/pages\/5181","targetHints":{"allow":["GET"]}}],"collection":[{"href":"https:\/\/italianinheritance.co.uk\/fr\/wp-json\/wp\/v2\/pages"}],"about":[{"href":"https:\/\/italianinheritance.co.uk\/fr\/wp-json\/wp\/v2\/types\/page"}],"author":[{"embeddable":true,"href":"https:\/\/italianinheritance.co.uk\/fr\/wp-json\/wp\/v2\/users\/5"}],"replies":[{"embeddable":true,"href":"https:\/\/italianinheritance.co.uk\/fr\/wp-json\/wp\/v2\/comments?post=5181"}],"version-history":[{"count":2,"href":"https:\/\/italianinheritance.co.uk\/fr\/wp-json\/wp\/v2\/pages\/5181\/revisions"}],"predecessor-version":[{"id":5185,"href":"https:\/\/italianinheritance.co.uk\/fr\/wp-json\/wp\/v2\/pages\/5181\/revisions\/5185"}],"wp:attachment":[{"href":"https:\/\/italianinheritance.co.uk\/fr\/wp-json\/wp\/v2\/media?parent=5181"}],"curies":[{"name":"wp","href":"https:\/\/api.w.org\/{rel}","templated":true}]}}